{"id":936,"date":"2021-01-24T10:25:45","date_gmt":"2021-01-24T10:25:45","guid":{"rendered":"https:\/\/www.00261.fr\/?post_type=product&#038;p=936"},"modified":"2024-03-18T18:15:56","modified_gmt":"2024-03-18T18:15:56","slug":"brede-mafana-800grs","status":"publish","type":"product","link":"https:\/\/www.00261.fr\/?product=brede-mafana-800grs","title":{"rendered":"Br\u00e8de mafana 800grs"},"content":{"rendered":"<div class=\"c-app-product-tabs__pane ng-scope ng-isolate-scope is-active\" data-pane-id=\"1\">\n<div class=\"c-app-product-tabs__pane ng-scope ng-isolate-scope is-active\" data-pane-id=\"1\"><b class=\"ng-scope\">DESCRIPTION : <\/b><span class=\"ng-scope\">Br\u00e8des mafana (Spilanthes Acmella ou Acmella oleracea). Les br\u00e8des sont des l\u00e9gumes feuilles qui font partie de la culture culinaire de Madagascar, de la R\u00e9union et des S\u00e9chelles. <\/span><br class=\"ng-scope\" \/><br class=\"ng-scope\" \/><b class=\"ng-scope\">UTILISATION : <\/b><span class=\"ng-scope\">Ces br\u00e8des peuvent \u00eatres pr\u00e9par\u00e9es simplement \u00e0 la po\u00eale ou au bain marie, accompagn\u00e9es de riz blanc par exemple.<\/span><br class=\"ng-scope\" \/><span class=\"ng-scope\">Elles accompagneront id\u00e9alement vos plats de viandes ou de poissons.<\/span><\/div>\n<\/div>\n<div data-pane-id=\"1\"><\/div>\n<div data-pane-id=\"1\"><span class=\"PBLongTxt PBItemDesc ng-scope ng-isolate-scope c-app-product-tabs c-app-product-tabs--tabs c-app-product-tabs--horizontal c-app-product-tabs--left\"><span class=\"ng-scope\"><b class=\"ng-scope\">INGREDIENTS : <\/b>Br\u00e8des mafane, eau, sel.<br class=\"ng-scope\" \/><br class=\"ng-scope\" \/><br class=\"ng-scope\" \/><b class=\"ng-scope\">INFORMATIONS NUTRITIONNELLES : <\/b>Pour 100g : Energie 66kJ\/16kcal , mati\u00e8res grasses 0,7g dont acides gras satur\u00e9s 0g, glucides 0g dont 0g de sucres, fibres alimentaires 1,6g, prot\u00e9ines 1,6g, sel 1,1g<br class=\"ng-scope\" \/><br class=\"ng-scope\" \/><br class=\"ng-scope\" \/><b class=\"ng-scope\">CONSERVATION : <\/b>Une fois ouvert, vider le contenu inutilis\u00e9 dans un r\u00e9cipient herm\u00e9tique et non m\u00e9tallique. Conserver au r\u00e9frig\u00e9rateur et consommer dans les 3 jours.<br class=\"ng-scope\" \/><\/span><\/span><\/div>\n","protected":false},"excerpt":{"rendered":"<p>Br\u00e8des mafana 800 grms<br \/>\nOrigine : Madagascar<\/p>\n","protected":false},"featured_media":2597,"comment_status":"closed","ping_status":"closed","template":"","meta":{"_seopress_robots_primary_cat":"none","_seopress_titles_title":"","_seopress_titles_desc":"","_seopress_robots_index":""},"product_brand":[],"product_cat":[56],"product_tag":[],"class_list":{"0":"post-936","1":"product","2":"type-product","3":"status-publish","4":"has-post-thumbnail","6":"product_cat-epicerie","8":"first","9":"instock","10":"featured","11":"taxable","12":"shipping-taxable","13":"purchasable","14":"product-type-simple","15":"add-to-wishlist-after_add_to_cart"},"jetpack_sharing_enabled":true,"_links":{"self":[{"href":"https:\/\/www.00261.fr\/index.php?rest_route=\/wp\/v2\/product\/936","targetHints":{"allow":["GET"]}}],"collection":[{"href":"https:\/\/www.00261.fr\/index.php?rest_route=\/wp\/v2\/product"}],"about":[{"href":"https:\/\/www.00261.fr\/index.php?rest_route=\/wp\/v2\/types\/product"}],"replies":[{"embeddable":true,"href":"https:\/\/www.00261.fr\/index.php?rest_route=%2Fwp%2Fv2%2Fcomments&post=936"}],"wp:featuredmedia":[{"embeddable":true,"href":"https:\/\/www.00261.fr\/index.php?rest_route=\/wp\/v2\/media\/2597"}],"wp:attachment":[{"href":"https:\/\/www.00261.fr\/index.php?rest_route=%2Fwp%2Fv2%2Fmedia&parent=936"}],"wp:term":[{"taxonomy":"product_brand","embeddable":true,"href":"https:\/\/www.00261.fr\/index.php?rest_route=%2Fwp%2Fv2%2Fproduct_brand&post=936"},{"taxonomy":"product_cat","embeddable":true,"href":"https:\/\/www.00261.fr\/index.php?rest_route=%2Fwp%2Fv2%2Fproduct_cat&post=936"},{"taxonomy":"product_tag","embeddable":true,"href":"https:\/\/www.00261.fr\/index.php?rest_route=%2Fwp%2Fv2%2Fproduct_tag&post=936"}],"curies":[{"name":"wp","href":"https:\/\/api.w.org\/{rel}","templated":true}]}}