{"id":921,"date":"2021-01-23T21:43:43","date_gmt":"2021-01-23T21:43:43","guid":{"rendered":"https:\/\/www.00261.fr\/?post_type=product&#038;p=921"},"modified":"2026-04-21T08:48:07","modified_gmt":"2026-04-21T08:48:07","slug":"velonarivotaona","status":"publish","type":"product","link":"https:\/\/www.00261.fr\/?product=velonarivotaona","title":{"rendered":"Velonarivotaona &#8211; Homepharma"},"content":{"rendered":"<p>Le Velonarivotaona est un complexe de m\u00e9lange de plantes qui aide \u00e0 combattre les toxines et les poisons. Il prot\u00e8ge contre les toxines qui empoisonnent l&rsquo;organisme, favorisent la croissance et la prolif\u00e9ration des tumeurs, et l&rsquo;apparition des maladies graves (cardio-vasculaires et c\u00e9r\u00e9braux, maladie d&rsquo;Alzeihmer, maladies de d\u00e9g\u00e9n\u00e9rescences).<\/p>\n<p>Fabricant : Homeopharma<br \/>\nOrigine : Madagascar<br \/>\nVendeur : SEDIEM<br \/>\nCondition de vente : vendue \u00e0 l&rsquo;unit\u00e9, photo non contractante.<\/p>\n","protected":false},"excerpt":{"rendered":"<p>Velonarivontaona<br \/>\nFabricant : Homeopharma<br \/>\nOrigine : Madagascar<br \/>\nVendeur : SEDIEM<br \/>\nCondition de vente : vendue \u00e0 l&rsquo;unit\u00e9, photo non contractante.<\/p>\n","protected":false},"featured_media":2621,"comment_status":"closed","ping_status":"closed","template":"","meta":{"_seopress_robots_primary_cat":"none","_seopress_titles_title":"","_seopress_titles_desc":"","_seopress_robots_index":""},"product_brand":[],"product_cat":[57],"product_tag":[],"class_list":{"0":"post-921","1":"product","2":"type-product","3":"status-publish","4":"has-post-thumbnail","6":"product_cat-complements-alimentaires","8":"first","9":"instock","10":"taxable","11":"shipping-taxable","12":"purchasable","13":"product-type-simple","14":"add-to-wishlist-after_add_to_cart"},"jetpack_sharing_enabled":true,"_links":{"self":[{"href":"https:\/\/www.00261.fr\/index.php?rest_route=\/wp\/v2\/product\/921","targetHints":{"allow":["GET"]}}],"collection":[{"href":"https:\/\/www.00261.fr\/index.php?rest_route=\/wp\/v2\/product"}],"about":[{"href":"https:\/\/www.00261.fr\/index.php?rest_route=\/wp\/v2\/types\/product"}],"replies":[{"embeddable":true,"href":"https:\/\/www.00261.fr\/index.php?rest_route=%2Fwp%2Fv2%2Fcomments&post=921"}],"wp:featuredmedia":[{"embeddable":true,"href":"https:\/\/www.00261.fr\/index.php?rest_route=\/wp\/v2\/media\/2621"}],"wp:attachment":[{"href":"https:\/\/www.00261.fr\/index.php?rest_route=%2Fwp%2Fv2%2Fmedia&parent=921"}],"wp:term":[{"taxonomy":"product_brand","embeddable":true,"href":"https:\/\/www.00261.fr\/index.php?rest_route=%2Fwp%2Fv2%2Fproduct_brand&post=921"},{"taxonomy":"product_cat","embeddable":true,"href":"https:\/\/www.00261.fr\/index.php?rest_route=%2Fwp%2Fv2%2Fproduct_cat&post=921"},{"taxonomy":"product_tag","embeddable":true,"href":"https:\/\/www.00261.fr\/index.php?rest_route=%2Fwp%2Fv2%2Fproduct_tag&post=921"}],"curies":[{"name":"wp","href":"https:\/\/api.w.org\/{rel}","templated":true}]}}