{"id":787,"date":"2021-01-08T08:00:30","date_gmt":"2021-01-08T08:00:30","guid":{"rendered":"https:\/\/www.00261.fr\/?post_type=product&#038;p=787"},"modified":"2026-04-24T09:21:16","modified_gmt":"2026-04-24T09:21:16","slug":"madina","status":"publish","type":"product","link":"https:\/\/www.00261.fr\/?product=madina","title":{"rendered":"Madina"},"content":{"rendered":"<p>Cr\u00e8me \u00e0 base d&rsquo;huile essentielle, d\u00e9sinfectante r\u00e9g\u00e9n\u00e9rante, normalisant le m\u00e9tabolisme cutan\u00e9.<\/p>\n<p>Indications : traitement des taches brunes &#8211; \u00e0 associer avec le savon MAVANA<\/p>\n<p>Pr\u00e9cautions de l&#8217;emplois :<\/p>\n<p>Antisepsie pr\u00e9alable de peau<\/p>\n<p>Ne pas appliquer sur les l\u00e9sion surinfect\u00e9e<\/p>\n<p>Eviter de mettre de la cr\u00e8me dans les yeux.<\/p>\n<p>Mode d&#8217;emploi :<\/p>\n<p>Nettoyer soigneusement la peau et induire de cr\u00e8me en massant l\u00e9g\u00e8rement pour bien la faire p\u00e9n\u00e9trer.<\/p>\n<p>En r\u00e8gle g\u00e9n\u00e9rale, une application par jour le soir sur les t\u00e2ches du visage.<\/p>\n<p>Condition de conservention :<\/p>\n<p>A l&rsquo;abri de la chaleur et l&rsquo;humidit\u00e9.<\/p>\n<p>Raha misy panda ny tarehinao dia aza kosehana mafy fa hosory moramora.<\/p>\n<p>Fabricant : laboratoire IMRA<\/p>\n<p>Vendeur : SEDIEM<\/p>\n","protected":false},"excerpt":{"rendered":"<p>Madina : Cr\u00e8me d&rsquo;origine de Madagascar, enl\u00e8ve les impuret\u00e9s.<\/p>\n","protected":false},"featured_media":2635,"comment_status":"closed","ping_status":"closed","template":"","meta":{"_seopress_robots_primary_cat":"none","_seopress_titles_title":"","_seopress_titles_desc":"","_seopress_robots_index":""},"product_brand":[],"product_cat":[58],"product_tag":[],"class_list":{"0":"post-787","1":"product","2":"type-product","3":"status-publish","4":"has-post-thumbnail","6":"product_cat-cosmetique","8":"first","9":"instock","10":"taxable","11":"shipping-taxable","12":"purchasable","13":"product-type-simple","14":"add-to-wishlist-after_add_to_cart"},"jetpack_sharing_enabled":true,"_links":{"self":[{"href":"https:\/\/www.00261.fr\/index.php?rest_route=\/wp\/v2\/product\/787","targetHints":{"allow":["GET"]}}],"collection":[{"href":"https:\/\/www.00261.fr\/index.php?rest_route=\/wp\/v2\/product"}],"about":[{"href":"https:\/\/www.00261.fr\/index.php?rest_route=\/wp\/v2\/types\/product"}],"replies":[{"embeddable":true,"href":"https:\/\/www.00261.fr\/index.php?rest_route=%2Fwp%2Fv2%2Fcomments&post=787"}],"wp:featuredmedia":[{"embeddable":true,"href":"https:\/\/www.00261.fr\/index.php?rest_route=\/wp\/v2\/media\/2635"}],"wp:attachment":[{"href":"https:\/\/www.00261.fr\/index.php?rest_route=%2Fwp%2Fv2%2Fmedia&parent=787"}],"wp:term":[{"taxonomy":"product_brand","embeddable":true,"href":"https:\/\/www.00261.fr\/index.php?rest_route=%2Fwp%2Fv2%2Fproduct_brand&post=787"},{"taxonomy":"product_cat","embeddable":true,"href":"https:\/\/www.00261.fr\/index.php?rest_route=%2Fwp%2Fv2%2Fproduct_cat&post=787"},{"taxonomy":"product_tag","embeddable":true,"href":"https:\/\/www.00261.fr\/index.php?rest_route=%2Fwp%2Fv2%2Fproduct_tag&post=787"}],"curies":[{"name":"wp","href":"https:\/\/api.w.org\/{rel}","templated":true}]}}