{"id":730,"date":"2020-12-31T11:31:23","date_gmt":"2020-12-31T11:31:23","guid":{"rendered":"https:\/\/www.00261.fr\/?post_type=product&#038;p=730"},"modified":"2025-10-27T10:54:12","modified_gmt":"2025-10-27T10:54:12","slug":"gelule-corossol-curcuma-vahona","status":"publish","type":"product","link":"https:\/\/www.00261.fr\/?product=gelule-corossol-curcuma-vahona","title":{"rendered":"G\u00e9lule corossol &#8211; Curcuma -Vahona"},"content":{"rendered":"<p>Lot 120 g\u00e9lules corossols, 120 g\u00e9lules curcumas &amp; Vahona<br \/>\nOrigine : madagascar<br \/>\nvendeur : SEDIEM<\/p>\n","protected":false},"excerpt":{"rendered":"<p>Lot 120 g\u00e9lules corossols, 120 g\u00e9lules curcumas &amp; Vahona<br \/>\nOrigine : madagascar<br \/>\nvendeur : SEDIEM<\/p>\n","protected":false},"featured_media":731,"comment_status":"closed","ping_status":"closed","template":"","meta":{"_seopress_robots_primary_cat":"none","_seopress_titles_title":"","_seopress_titles_desc":"","_seopress_robots_index":""},"product_brand":[],"product_cat":[75],"product_tag":[],"class_list":{"0":"post-730","1":"product","2":"type-product","3":"status-publish","4":"has-post-thumbnail","6":"product_cat-promos","8":"first","9":"instock","10":"taxable","11":"shipping-taxable","12":"purchasable","13":"product-type-simple","14":"add-to-wishlist-after_add_to_cart"},"jetpack_sharing_enabled":true,"_links":{"self":[{"href":"https:\/\/www.00261.fr\/index.php?rest_route=\/wp\/v2\/product\/730","targetHints":{"allow":["GET"]}}],"collection":[{"href":"https:\/\/www.00261.fr\/index.php?rest_route=\/wp\/v2\/product"}],"about":[{"href":"https:\/\/www.00261.fr\/index.php?rest_route=\/wp\/v2\/types\/product"}],"replies":[{"embeddable":true,"href":"https:\/\/www.00261.fr\/index.php?rest_route=%2Fwp%2Fv2%2Fcomments&post=730"}],"wp:featuredmedia":[{"embeddable":true,"href":"https:\/\/www.00261.fr\/index.php?rest_route=\/wp\/v2\/media\/731"}],"wp:attachment":[{"href":"https:\/\/www.00261.fr\/index.php?rest_route=%2Fwp%2Fv2%2Fmedia&parent=730"}],"wp:term":[{"taxonomy":"product_brand","embeddable":true,"href":"https:\/\/www.00261.fr\/index.php?rest_route=%2Fwp%2Fv2%2Fproduct_brand&post=730"},{"taxonomy":"product_cat","embeddable":true,"href":"https:\/\/www.00261.fr\/index.php?rest_route=%2Fwp%2Fv2%2Fproduct_cat&post=730"},{"taxonomy":"product_tag","embeddable":true,"href":"https:\/\/www.00261.fr\/index.php?rest_route=%2Fwp%2Fv2%2Fproduct_tag&post=730"}],"curies":[{"name":"wp","href":"https:\/\/api.w.org\/{rel}","templated":true}]}}