{"id":672,"date":"2020-12-29T15:11:51","date_gmt":"2020-12-29T15:11:51","guid":{"rendered":"https:\/\/www.00261.fr\/?post_type=product&#038;p=672"},"modified":"2024-06-28T15:23:50","modified_gmt":"2024-06-28T15:23:50","slug":"haricot-rouge-400grs","status":"publish","type":"product","link":"https:\/\/www.00261.fr\/?product=haricot-rouge-400grs","title":{"rendered":"Haricots rouges 400g &#8211; Codal"},"content":{"rendered":"<div class=\"c-app-product-tabs__pane ng-scope ng-isolate-scope is-active\" data-pane-id=\"1\"><b class=\"ng-scope\">DESCRIPTION : <\/b><span class=\"ng-scope\">Haricots rouge ou tsaramaso mena<\/span><br class=\"ng-scope\" \/><br class=\"ng-scope\" \/><b class=\"ng-scope\">UTILISATION : <\/b><span class=\"ng-scope\">Sert \u00e0 la pr\u00e9paration de nombreux plats \u00e0 go\u00fbts diff\u00e9rents, poisson, crevette, viande, pouvant \u00eatre assaisonn\u00e9 comme salade de haricot rouge mais \u00e9galement pour la pr\u00e9paration de chili con carne.<\/span><\/div>\n<div data-pane-id=\"1\"><span class=\"PBLongTxt PBItemDesc ng-scope ng-isolate-scope c-app-product-tabs c-app-product-tabs--tabs c-app-product-tabs--horizontal c-app-product-tabs--left\"><br class=\"ng-scope\" \/><span class=\"ng-scope\"><b class=\"ng-scope\">INGREDIENTS : <\/b>haricots rouges secs tremp\u00e9s (50%), eau, sel.<br class=\"ng-scope\" \/><br class=\"ng-scope\" \/><br class=\"ng-scope\" \/><b class=\"ng-scope\">INFORMATIONS NUTRITIONNELLES : <\/b>Pour 100g : Energie 384kJ\/83kcal, mati\u00e8res grasses 1g, dont acides gras satur\u00e9s 0g, glucides 9,6g, dont sucres 0g, fibres alimentaires 5,6g, prot\u00e9ines 6,1g, Sel 0,78g. <br class=\"ng-scope\" \/><br class=\"ng-scope\" \/><br class=\"ng-scope\" \/><b class=\"ng-scope\">CONSERVATION : <\/b>Conserver au frais apr\u00e8s ouverture et consommer rapidement<br class=\"ng-scope\" \/><\/span><\/span><\/div>\n<div data-pane-id=\"1\"><\/div>\n","protected":false},"excerpt":{"rendered":"<p>Haricot rouge 420g &#8211; Codal<br \/>\nOrigine : Madagascar<\/p>\n","protected":false},"featured_media":2719,"comment_status":"closed","ping_status":"closed","template":"","meta":{"_seopress_robots_primary_cat":"none","_seopress_titles_title":"","_seopress_titles_desc":"","_seopress_robots_index":""},"product_brand":[],"product_cat":[100],"product_tag":[],"class_list":{"0":"post-672","1":"product","2":"type-product","3":"status-publish","4":"has-post-thumbnail","6":"product_cat-conserves","8":"first","9":"onbackorder","10":"featured","11":"taxable","12":"shipping-taxable","13":"purchasable","14":"product-type-simple","15":"add-to-wishlist-after_add_to_cart"},"jetpack_sharing_enabled":true,"_links":{"self":[{"href":"https:\/\/www.00261.fr\/index.php?rest_route=\/wp\/v2\/product\/672","targetHints":{"allow":["GET"]}}],"collection":[{"href":"https:\/\/www.00261.fr\/index.php?rest_route=\/wp\/v2\/product"}],"about":[{"href":"https:\/\/www.00261.fr\/index.php?rest_route=\/wp\/v2\/types\/product"}],"replies":[{"embeddable":true,"href":"https:\/\/www.00261.fr\/index.php?rest_route=%2Fwp%2Fv2%2Fcomments&post=672"}],"wp:featuredmedia":[{"embeddable":true,"href":"https:\/\/www.00261.fr\/index.php?rest_route=\/wp\/v2\/media\/2719"}],"wp:attachment":[{"href":"https:\/\/www.00261.fr\/index.php?rest_route=%2Fwp%2Fv2%2Fmedia&parent=672"}],"wp:term":[{"taxonomy":"product_brand","embeddable":true,"href":"https:\/\/www.00261.fr\/index.php?rest_route=%2Fwp%2Fv2%2Fproduct_brand&post=672"},{"taxonomy":"product_cat","embeddable":true,"href":"https:\/\/www.00261.fr\/index.php?rest_route=%2Fwp%2Fv2%2Fproduct_cat&post=672"},{"taxonomy":"product_tag","embeddable":true,"href":"https:\/\/www.00261.fr\/index.php?rest_route=%2Fwp%2Fv2%2Fproduct_tag&post=672"}],"curies":[{"name":"wp","href":"https:\/\/api.w.org\/{rel}","templated":true}]}}