{"id":670,"date":"2020-12-29T15:07:04","date_gmt":"2020-12-29T15:07:04","guid":{"rendered":"https:\/\/www.00261.fr\/?post_type=product&#038;p=670"},"modified":"2026-03-27T08:06:08","modified_gmt":"2026-03-27T08:06:08","slug":"anamamy-sy-angivy-400grs","status":"publish","type":"product","link":"https:\/\/www.00261.fr\/?product=anamamy-sy-angivy-400grs","title":{"rendered":"Anamamy sy angivy 400g &#8211; Codal"},"content":{"rendered":"<div class=\"c-app-product-tabs__pane ng-scope ng-isolate-scope is-active\" data-pane-id=\"1\"><b class=\"ng-scope\">DESCRIPTION : <\/b><span class=\"ng-scope\">M\u00e9lange d&rsquo;Anamamy (ou br\u00e8des morelle) et d&rsquo;Angivy (fruits du sevab\u00e9).<\/span><br class=\"ng-scope\" \/><br class=\"ng-scope\" \/><b class=\"ng-scope\">UTILISATION : <\/b><span class=\"ng-scope\">Simplement \u00e0 la po\u00eale ou au bain marie, ajoutez la pr\u00e9paration \u00e0 un plat de riz blanc par exemple. Il peut \u00e9galement \u00eatre servi avec de la viande, du poisson ou avec d&rsquo;autres l\u00e9gumes.<\/span><\/div>\n<div data-pane-id=\"1\"><\/div>\n<div data-pane-id=\"1\"><span class=\"PBLongTxt PBItemDesc ng-scope ng-isolate-scope c-app-product-tabs c-app-product-tabs--tabs c-app-product-tabs--horizontal c-app-product-tabs--left\"><b class=\"ng-scope\">INGREDIENTS : <\/b><span class=\"ng-scope\">Anamamy (ou br\u00e8des morelle), Angivy (fruits du sevab\u00e9)., eau, sel.<\/span><br class=\"ng-scope\" \/><br class=\"ng-scope\" \/><br class=\"ng-scope\" \/><b class=\"ng-scope\">INFORMATIONS NUTRITIONNELLES : <\/b><span class=\"ng-scope\">Pour 100g : Energie 1461kJ\/16kcal, mati\u00e8res grasses 0g dont acides gras satur\u00e9s 0g, glucides 0,5g dont sucres 0g , fibres alimentaires 1,2g, prot\u00e9ines 1,7g, sel 1,1g<\/span><br class=\"ng-scope\" \/><br class=\"ng-scope\" \/><br class=\"ng-scope\" \/><b class=\"ng-scope\">CONSERVATION : <\/b><span class=\"ng-scope\">Une fois ouvert, vider le contenu inutilis\u00e9 dans un r\u00e9cipient herm\u00e9tique et non m\u00e9tallique. Conserver au r\u00e9frig\u00e9rateur et consommer dans les 3 jours.<\/span><\/span><\/div>\n<div data-pane-id=\"1\"><\/div>\n","protected":false},"excerpt":{"rendered":"<p>Anamamy sy angivy\u00a0 400g &#8211; Codal<br \/>\nOrigine : Madagascar<\/p>\n","protected":false},"featured_media":2714,"comment_status":"closed","ping_status":"closed","template":"","meta":{"_seopress_robots_primary_cat":"none","_seopress_titles_title":"","_seopress_titles_desc":"","_seopress_robots_index":""},"product_brand":[],"product_cat":[100],"product_tag":[],"class_list":{"0":"post-670","1":"product","2":"type-product","3":"status-publish","4":"has-post-thumbnail","6":"product_cat-conserves","8":"first","9":"outofstock","10":"featured","11":"taxable","12":"shipping-taxable","13":"purchasable","14":"product-type-simple","15":"add-to-wishlist-after_add_to_cart"},"jetpack_sharing_enabled":true,"_links":{"self":[{"href":"https:\/\/www.00261.fr\/index.php?rest_route=\/wp\/v2\/product\/670","targetHints":{"allow":["GET"]}}],"collection":[{"href":"https:\/\/www.00261.fr\/index.php?rest_route=\/wp\/v2\/product"}],"about":[{"href":"https:\/\/www.00261.fr\/index.php?rest_route=\/wp\/v2\/types\/product"}],"replies":[{"embeddable":true,"href":"https:\/\/www.00261.fr\/index.php?rest_route=%2Fwp%2Fv2%2Fcomments&post=670"}],"wp:featuredmedia":[{"embeddable":true,"href":"https:\/\/www.00261.fr\/index.php?rest_route=\/wp\/v2\/media\/2714"}],"wp:attachment":[{"href":"https:\/\/www.00261.fr\/index.php?rest_route=%2Fwp%2Fv2%2Fmedia&parent=670"}],"wp:term":[{"taxonomy":"product_brand","embeddable":true,"href":"https:\/\/www.00261.fr\/index.php?rest_route=%2Fwp%2Fv2%2Fproduct_brand&post=670"},{"taxonomy":"product_cat","embeddable":true,"href":"https:\/\/www.00261.fr\/index.php?rest_route=%2Fwp%2Fv2%2Fproduct_cat&post=670"},{"taxonomy":"product_tag","embeddable":true,"href":"https:\/\/www.00261.fr\/index.php?rest_route=%2Fwp%2Fv2%2Fproduct_tag&post=670"}],"curies":[{"name":"wp","href":"https:\/\/api.w.org\/{rel}","templated":true}]}}