{"id":668,"date":"2020-12-29T14:43:44","date_gmt":"2020-12-29T14:43:44","guid":{"rendered":"https:\/\/www.00261.fr\/?post_type=product&#038;p=668"},"modified":"2024-09-14T16:07:12","modified_gmt":"2024-09-14T16:07:12","slug":"ravimbomanga-400grs","status":"publish","type":"product","link":"https:\/\/www.00261.fr\/?product=ravimbomanga-400grs","title":{"rendered":"Ravimbomanga 400g &#8211; Codal"},"content":{"rendered":"<p><span class=\"PBLongTxt PBItemDesc\">Pr\u00e9paration \u00e0 base de l\u00e9gumes-feuilles en conserve<\/span><\/p>\n<ol>\n<li>#DESCRIPTION &amp; UTILISATION# <b>DESCRIPTION : <\/b>Les Br\u00e8des ravibomanga (Ypomeas Batatas) aussi appel\u00e9es en Europe : feuilles de patates douces. Les br\u00e8des sont des l\u00e9gumes feuilles qui font partie de la culture culinaire de Madagascar, de la R\u00e9union et des S\u00e9chelles.<b>UTILISATION : <\/b>Ces br\u00e8des peuvent \u00eatres pr\u00e9par\u00e9es simplement \u00e0 la po\u00eale ou au bain marie, accompagn\u00e9es de riz blanc par exemple.<br \/>\nElles accompagneront id\u00e9alement vos plats de viandes ou de poissons.<\/li>\n<li>#CARACTERISTIQUES PRODUITS# <b>INGREDIENTS : <\/b>Feuilles de patates douces, eau, sel.<b>INFORMATIONS NUTRITIONNELLES : <\/b>Pour 100g : Energie 51kJ\/12kcal , mati\u00e8res grasses 0,6g dont acides gras satur\u00e9s 0g, glucides 0g dont 0g de sucres, fibres alimentaires 1,3g, prot\u00e9ines 1,1g, sel 1,1g<b>CONSERVATION : <\/b>Une fois ouvert, vider le contenu inutilis\u00e9 dans un r\u00e9cipient herm\u00e9tique et non m\u00e9tallique. Conserver au r\u00e9frig\u00e9rateur et consommer dans les 3 jours.<\/li>\n<\/ol>\n","protected":false},"excerpt":{"rendered":"<p>Ravimbomanga 400g &#8211; Codal<br \/>\nOrigine : Madagascar<\/p>\n","protected":false},"featured_media":669,"comment_status":"closed","ping_status":"closed","template":"","meta":{"_seopress_robots_primary_cat":"none","_seopress_titles_title":"","_seopress_titles_desc":"","_seopress_robots_index":""},"product_brand":[],"product_cat":[100],"product_tag":[],"class_list":{"0":"post-668","1":"product","2":"type-product","3":"status-publish","4":"has-post-thumbnail","6":"product_cat-conserves","8":"first","9":"instock","10":"featured","11":"taxable","12":"shipping-taxable","13":"purchasable","14":"product-type-simple","15":"add-to-wishlist-after_add_to_cart"},"jetpack_sharing_enabled":true,"_links":{"self":[{"href":"https:\/\/www.00261.fr\/index.php?rest_route=\/wp\/v2\/product\/668","targetHints":{"allow":["GET"]}}],"collection":[{"href":"https:\/\/www.00261.fr\/index.php?rest_route=\/wp\/v2\/product"}],"about":[{"href":"https:\/\/www.00261.fr\/index.php?rest_route=\/wp\/v2\/types\/product"}],"replies":[{"embeddable":true,"href":"https:\/\/www.00261.fr\/index.php?rest_route=%2Fwp%2Fv2%2Fcomments&post=668"}],"wp:featuredmedia":[{"embeddable":true,"href":"https:\/\/www.00261.fr\/index.php?rest_route=\/wp\/v2\/media\/669"}],"wp:attachment":[{"href":"https:\/\/www.00261.fr\/index.php?rest_route=%2Fwp%2Fv2%2Fmedia&parent=668"}],"wp:term":[{"taxonomy":"product_brand","embeddable":true,"href":"https:\/\/www.00261.fr\/index.php?rest_route=%2Fwp%2Fv2%2Fproduct_brand&post=668"},{"taxonomy":"product_cat","embeddable":true,"href":"https:\/\/www.00261.fr\/index.php?rest_route=%2Fwp%2Fv2%2Fproduct_cat&post=668"},{"taxonomy":"product_tag","embeddable":true,"href":"https:\/\/www.00261.fr\/index.php?rest_route=%2Fwp%2Fv2%2Fproduct_tag&post=668"}],"curies":[{"name":"wp","href":"https:\/\/api.w.org\/{rel}","templated":true}]}}