{"id":664,"date":"2020-12-29T14:20:12","date_gmt":"2020-12-29T14:20:12","guid":{"rendered":"https:\/\/www.00261.fr\/?post_type=product&#038;p=664"},"modified":"2026-01-24T16:40:59","modified_gmt":"2026-01-24T16:40:59","slug":"anantsonga-400-grs","status":"publish","type":"product","link":"https:\/\/www.00261.fr\/?product=anantsonga-400-grs","title":{"rendered":"Anantsonga 400g &#8211; Codal"},"content":{"rendered":"<div class=\"c-app-product-tabs__pane ng-scope ng-isolate-scope is-active\" data-pane-id=\"1\"><b class=\"ng-scope\">DESCRIPTION : <\/b><span class=\"ng-scope\">Br\u00e8des anatsonga (Brassica Juncea) aussi appel\u00e9es en Europe : choux des Indes ou feuilles de moutarde Brune. Les br\u00e8des sont des l\u00e9gumes feuilles qui font partie de la culture culinaire de Madagascar, de la R\u00e9union et des S\u00e9chelles. <\/span><br class=\"ng-scope\" \/><br class=\"ng-scope\" \/><b class=\"ng-scope\">UTILISATION : <\/b><span class=\"ng-scope\">Ces br\u00e8des peuvent \u00eatres pr\u00e9par\u00e9es simplement \u00e0 la po\u00eale ou au bain marie, accompagn\u00e9es de riz blanc par exemple.<\/span><br class=\"ng-scope\" \/><span class=\"ng-scope\">Elles accompagneront id\u00e9alement vos plats de viandes ou de poissons.<\/span><\/div>\n<div data-pane-id=\"1\"><\/div>\n<div data-pane-id=\"1\"><span class=\"PBLongTxt PBItemDesc ng-scope ng-isolate-scope c-app-product-tabs c-app-product-tabs--tabs c-app-product-tabs--horizontal c-app-product-tabs--left\"><b class=\"ng-scope\">INGREDIENTS : <\/b><span class=\"ng-scope\">Br\u00e8de moutarde, eau, sel.<\/span><br class=\"ng-scope\" \/><br class=\"ng-scope\" \/><br class=\"ng-scope\" \/><b class=\"ng-scope\">INFORMATIONS NUTRITIONNELLES : <\/b><span class=\"ng-scope\">Pour 100g : Energie 51kJ\/12kcal , mati\u00e8res grasses 0,6g dont acides gras satur\u00e9s 0g, glucides 0g dont 0g de sucres, fibres alimentaires 1,3g, prot\u00e9ines 1,1g, sel 1,1g<\/span><br class=\"ng-scope\" \/><br class=\"ng-scope\" \/><br class=\"ng-scope\" \/><b class=\"ng-scope\">CONSERVATION : <\/b><span class=\"ng-scope\">Une fois ouvert, vider le contenu inutilis\u00e9 dans un r\u00e9cipient herm\u00e9tique et non m\u00e9tallique. Conserver au r\u00e9frig\u00e9rateur et consommer dans les 3 jours.<\/span><\/span><\/div>\n","protected":false},"excerpt":{"rendered":"<p>Anantsonga 400g &#8211; Codal<br \/>\nOrigine : Madagascar<\/p>\n","protected":false},"featured_media":2715,"comment_status":"closed","ping_status":"closed","template":"","meta":{"_seopress_robots_primary_cat":"none","_seopress_titles_title":"","_seopress_titles_desc":"","_seopress_robots_index":""},"product_brand":[],"product_cat":[100],"product_tag":[],"class_list":{"0":"post-664","1":"product","2":"type-product","3":"status-publish","4":"has-post-thumbnail","6":"product_cat-conserves","8":"first","9":"instock","10":"featured","11":"taxable","12":"shipping-taxable","13":"purchasable","14":"product-type-simple","15":"add-to-wishlist-after_add_to_cart"},"jetpack_sharing_enabled":true,"_links":{"self":[{"href":"https:\/\/www.00261.fr\/index.php?rest_route=\/wp\/v2\/product\/664","targetHints":{"allow":["GET"]}}],"collection":[{"href":"https:\/\/www.00261.fr\/index.php?rest_route=\/wp\/v2\/product"}],"about":[{"href":"https:\/\/www.00261.fr\/index.php?rest_route=\/wp\/v2\/types\/product"}],"replies":[{"embeddable":true,"href":"https:\/\/www.00261.fr\/index.php?rest_route=%2Fwp%2Fv2%2Fcomments&post=664"}],"wp:featuredmedia":[{"embeddable":true,"href":"https:\/\/www.00261.fr\/index.php?rest_route=\/wp\/v2\/media\/2715"}],"wp:attachment":[{"href":"https:\/\/www.00261.fr\/index.php?rest_route=%2Fwp%2Fv2%2Fmedia&parent=664"}],"wp:term":[{"taxonomy":"product_brand","embeddable":true,"href":"https:\/\/www.00261.fr\/index.php?rest_route=%2Fwp%2Fv2%2Fproduct_brand&post=664"},{"taxonomy":"product_cat","embeddable":true,"href":"https:\/\/www.00261.fr\/index.php?rest_route=%2Fwp%2Fv2%2Fproduct_cat&post=664"},{"taxonomy":"product_tag","embeddable":true,"href":"https:\/\/www.00261.fr\/index.php?rest_route=%2Fwp%2Fv2%2Fproduct_tag&post=664"}],"curies":[{"name":"wp","href":"https:\/\/api.w.org\/{rel}","templated":true}]}}