{"id":659,"date":"2020-12-29T11:44:00","date_gmt":"2020-12-29T11:44:00","guid":{"rendered":"https:\/\/www.00261.fr\/?post_type=product&#038;p=659"},"modified":"2025-10-25T18:02:40","modified_gmt":"2025-10-25T18:02:40","slug":"blanc-de-nosybe-70-cl","status":"publish","type":"product","link":"https:\/\/www.00261.fr\/?product=blanc-de-nosybe-70-cl","title":{"rendered":"Dzama Rhum Blanc de Nosy-Be  70 cl"},"content":{"rendered":"<p>Blanc de Nosy-Be<\/p>\n<p>Note de D\u00e9gustation :<br \/>\nNez : On retrouve au nez les ar\u00f4mes de la canne \u00e0 sucre. Il d\u00e9veloppe en deuxi\u00e8me nez des saveurs p\u00e2tissi\u00e8res, toast\u00e9es et brioch\u00e9es.<\/p>\n<p>Palais : Une grande douceur qui se prolonge en bouche pour finir en r\u00e9tro-olfaction sur les ar\u00f4mes de la canne.<\/p>\n<p>Degr\u00e9 d&rsquo;alcool: 42\u00b0<\/p>\n<p>Groupe de produit: Rhum blanc<\/p>\n<p>Pays d\u2019origine: Madagascar<\/p>\n<p>Cat\u00e9gorie: Les rhums blancs<br \/>\nL&rsquo;abus d&rsquo;alcool est un danger pour la sant\u00e9, buvez avec mod\u00e9ration. Interdit de vente pour moins de 18 ans.<\/p>\n<p>&nbsp;<\/p>\n<p>Fabricant : Groupe Vidzar<\/p>\n","protected":false},"excerpt":{"rendered":"<p>Blanc de nosyb\u00e9 70 cl<br \/>\nOrigine : Madagascar<\/p>\n","protected":false},"featured_media":2657,"comment_status":"closed","ping_status":"closed","template":"","meta":{"_seopress_robots_primary_cat":"none","_seopress_titles_title":"","_seopress_titles_desc":"","_seopress_robots_index":""},"product_brand":[],"product_cat":[98],"product_tag":[],"class_list":{"0":"post-659","1":"product","2":"type-product","3":"status-publish","4":"has-post-thumbnail","6":"product_cat-boissons-alcooliques","8":"first","9":"outofstock","10":"featured","11":"taxable","12":"shipping-taxable","13":"purchasable","14":"product-type-simple","15":"add-to-wishlist-after_add_to_cart"},"jetpack_sharing_enabled":true,"_links":{"self":[{"href":"https:\/\/www.00261.fr\/index.php?rest_route=\/wp\/v2\/product\/659","targetHints":{"allow":["GET"]}}],"collection":[{"href":"https:\/\/www.00261.fr\/index.php?rest_route=\/wp\/v2\/product"}],"about":[{"href":"https:\/\/www.00261.fr\/index.php?rest_route=\/wp\/v2\/types\/product"}],"replies":[{"embeddable":true,"href":"https:\/\/www.00261.fr\/index.php?rest_route=%2Fwp%2Fv2%2Fcomments&post=659"}],"wp:featuredmedia":[{"embeddable":true,"href":"https:\/\/www.00261.fr\/index.php?rest_route=\/wp\/v2\/media\/2657"}],"wp:attachment":[{"href":"https:\/\/www.00261.fr\/index.php?rest_route=%2Fwp%2Fv2%2Fmedia&parent=659"}],"wp:term":[{"taxonomy":"product_brand","embeddable":true,"href":"https:\/\/www.00261.fr\/index.php?rest_route=%2Fwp%2Fv2%2Fproduct_brand&post=659"},{"taxonomy":"product_cat","embeddable":true,"href":"https:\/\/www.00261.fr\/index.php?rest_route=%2Fwp%2Fv2%2Fproduct_cat&post=659"},{"taxonomy":"product_tag","embeddable":true,"href":"https:\/\/www.00261.fr\/index.php?rest_route=%2Fwp%2Fv2%2Fproduct_tag&post=659"}],"curies":[{"name":"wp","href":"https:\/\/api.w.org\/{rel}","templated":true}]}}