{"id":632,"date":"2020-12-27T08:48:24","date_gmt":"2020-12-27T08:48:24","guid":{"rendered":"https:\/\/www.00261.fr\/?post_type=product&#038;p=632"},"modified":"2025-10-25T18:03:19","modified_gmt":"2025-10-25T18:03:19","slug":"cuvee-noire-70-cl","status":"publish","type":"product","link":"https:\/\/www.00261.fr\/?product=cuvee-noire-70-cl","title":{"rendered":"Dzama Rhum Cuv\u00e9e Noire 70 cl"},"content":{"rendered":"<p>Note de D\u00e9gustation :<br \/>\nNez : Puissant go\u00fbt moelleux, bois\u00e9 aux notes de vanille.<br \/>\nPalais : La longueur en bouche est tr\u00e8s int\u00e9ressante, restant fid\u00e8le \u00e0 la personnalit\u00e9 du rhum.<\/p>\n<p>Degr\u00e9 d&rsquo;alcool: 40\u00b0<\/p>\n<p>Groupe de produit: Rhum ambr\u00e9<\/p>\n<p>Pays d\u2019origine: Madagascar<\/p>\n<p>Cat\u00e9gorie: Les rhums ambr\u00e9s<br \/>\nOrigine : Madagascar<\/p>\n<p>L&rsquo;abus d&rsquo;alcool est un danger pour la sant\u00e9, buvez avec mod\u00e9ration.<br \/>\nVente interdite aux moins de 18 ans.<br \/>\nFabricant : Groupe Vidzar<\/p>\n","protected":false},"excerpt":{"rendered":"<p>Cuv\u00e9e noire<br \/>\nOrigine : Madagascar<\/p>\n","protected":false},"featured_media":2661,"comment_status":"closed","ping_status":"closed","template":"","meta":{"_seopress_robots_primary_cat":"none","_seopress_titles_title":"","_seopress_titles_desc":"","_seopress_robots_index":""},"product_brand":[],"product_cat":[98],"product_tag":[],"class_list":{"0":"post-632","1":"product","2":"type-product","3":"status-publish","4":"has-post-thumbnail","6":"product_cat-boissons-alcooliques","8":"first","9":"instock","10":"taxable","11":"shipping-taxable","12":"purchasable","13":"product-type-simple","14":"add-to-wishlist-after_add_to_cart"},"jetpack_sharing_enabled":true,"_links":{"self":[{"href":"https:\/\/www.00261.fr\/index.php?rest_route=\/wp\/v2\/product\/632","targetHints":{"allow":["GET"]}}],"collection":[{"href":"https:\/\/www.00261.fr\/index.php?rest_route=\/wp\/v2\/product"}],"about":[{"href":"https:\/\/www.00261.fr\/index.php?rest_route=\/wp\/v2\/types\/product"}],"replies":[{"embeddable":true,"href":"https:\/\/www.00261.fr\/index.php?rest_route=%2Fwp%2Fv2%2Fcomments&post=632"}],"wp:featuredmedia":[{"embeddable":true,"href":"https:\/\/www.00261.fr\/index.php?rest_route=\/wp\/v2\/media\/2661"}],"wp:attachment":[{"href":"https:\/\/www.00261.fr\/index.php?rest_route=%2Fwp%2Fv2%2Fmedia&parent=632"}],"wp:term":[{"taxonomy":"product_brand","embeddable":true,"href":"https:\/\/www.00261.fr\/index.php?rest_route=%2Fwp%2Fv2%2Fproduct_brand&post=632"},{"taxonomy":"product_cat","embeddable":true,"href":"https:\/\/www.00261.fr\/index.php?rest_route=%2Fwp%2Fv2%2Fproduct_cat&post=632"},{"taxonomy":"product_tag","embeddable":true,"href":"https:\/\/www.00261.fr\/index.php?rest_route=%2Fwp%2Fv2%2Fproduct_tag&post=632"}],"curies":[{"name":"wp","href":"https:\/\/api.w.org\/{rel}","templated":true}]}}