{"id":619,"date":"2020-12-27T08:14:57","date_gmt":"2020-12-27T08:14:57","guid":{"rendered":"https:\/\/www.00261.fr\/?post_type=product&#038;p=619"},"modified":"2023-04-15T15:26:03","modified_gmt":"2023-04-15T15:26:03","slug":"eucalyptus-huile-essentielle-copie","status":"publish","type":"product","link":"https:\/\/www.00261.fr\/?product=eucalyptus-huile-essentielle-copie","title":{"rendered":"Eucalyptus &#8211; Huile essentielle Hay Natiora"},"content":{"rendered":"<p>Propri\u00e9t\u00e9s : L&rsquo;huile d&rsquo;Eucalyptus, v\u00e9ritable \u00a0\u00bb ami des poumons \u00ab\u00a0, agit contre la toux avec ou sans manifestations grippales. Son utilisation est aussi b\u00e9n\u00e9fique dans le traitement de l&rsquo;asthme et pour les fumeurs.<br \/>\nMode d&#8217;emploi :<br \/>\n&#8211; Prise orale \u00e0 raison de 2 \u00e0 3 gouttes, 3 fois par jour avec un peu de sucre ou du miel jusqu&rsquo;\u00e0 la disparition des sympt\u00f4mes sans d\u00e9passer 20 jours.<br \/>\n&#8211; Friction sur la poitrine et le dos , 3 fois par jour.<br \/>\nPr\u00e9sentation : flacon de 10 ml<\/p>\n<p>Origine : Madagascar<\/p>\n<p>Poids brut :40.00 g<\/p>\n<p>Vendeur : SEDIEM<\/p>\n","protected":false},"excerpt":{"rendered":"<p>Eucalyptus huile essentielle<\/p>\n<p>Poids brut :40.00 g<br \/>\norigine : Madagascar<br \/>\nFabricant : Hay Natiora<br \/>\nVendeur \/distributeur : SEDIEM<br \/>\norigine de Madagascar<\/p>\n","protected":false},"featured_media":620,"comment_status":"closed","ping_status":"closed","template":"","meta":{"_seopress_robots_primary_cat":"none","_seopress_titles_title":"","_seopress_titles_desc":"","_seopress_robots_index":""},"product_brand":[],"product_cat":[15],"product_tag":[],"class_list":{"0":"post-619","1":"product","2":"type-product","3":"status-publish","4":"has-post-thumbnail","6":"product_cat-huiles-essentielles","8":"first","9":"outofstock","10":"taxable","11":"shipping-taxable","12":"purchasable","13":"product-type-simple","14":"add-to-wishlist-after_add_to_cart"},"jetpack_sharing_enabled":true,"_links":{"self":[{"href":"https:\/\/www.00261.fr\/index.php?rest_route=\/wp\/v2\/product\/619","targetHints":{"allow":["GET"]}}],"collection":[{"href":"https:\/\/www.00261.fr\/index.php?rest_route=\/wp\/v2\/product"}],"about":[{"href":"https:\/\/www.00261.fr\/index.php?rest_route=\/wp\/v2\/types\/product"}],"replies":[{"embeddable":true,"href":"https:\/\/www.00261.fr\/index.php?rest_route=%2Fwp%2Fv2%2Fcomments&post=619"}],"wp:featuredmedia":[{"embeddable":true,"href":"https:\/\/www.00261.fr\/index.php?rest_route=\/wp\/v2\/media\/620"}],"wp:attachment":[{"href":"https:\/\/www.00261.fr\/index.php?rest_route=%2Fwp%2Fv2%2Fmedia&parent=619"}],"wp:term":[{"taxonomy":"product_brand","embeddable":true,"href":"https:\/\/www.00261.fr\/index.php?rest_route=%2Fwp%2Fv2%2Fproduct_brand&post=619"},{"taxonomy":"product_cat","embeddable":true,"href":"https:\/\/www.00261.fr\/index.php?rest_route=%2Fwp%2Fv2%2Fproduct_cat&post=619"},{"taxonomy":"product_tag","embeddable":true,"href":"https:\/\/www.00261.fr\/index.php?rest_route=%2Fwp%2Fv2%2Fproduct_tag&post=619"}],"curies":[{"name":"wp","href":"https:\/\/api.w.org\/{rel}","templated":true}]}}