{"id":617,"date":"2020-12-27T08:09:20","date_gmt":"2020-12-27T08:09:20","guid":{"rendered":"https:\/\/www.00261.fr\/?post_type=product&#038;p=617"},"modified":"2025-10-25T18:04:05","modified_gmt":"2025-10-25T18:04:05","slug":"nialouli-huile-essentielle","status":"publish","type":"product","link":"https:\/\/www.00261.fr\/?product=nialouli-huile-essentielle","title":{"rendered":"Niaouli &#8211; Huile essentielle Homeopharma"},"content":{"rendered":"<p>Propri\u00e9t\u00e9s : Appartenant \u00e0 la nouvelle g\u00e9n\u00e9ration d&rsquo;huile essentielle, le niaouli agit remarquablement aussi bien sur les \u00e9tats grippaux et le rhume, nez bouch\u00e9 et larmoiement que sur les affections de l&rsquo;appareil g\u00e9nito-urinaire (Champignons trichomonas).<br \/>\nMode d&#8217;emploi :<br \/>\n&#8211; Prise orale \u00e0 raison de 2 gouttes, 3 fois par jour avec un peu de sucre ou du miel sans d\u00e9passer 5 jours;<br \/>\n&#8211; Inhalation de coton imbib\u00e9 de 3 gouttes de niaouli plusieurs fois par jour.<br \/>\n&#8211; Friction sur les tempes<br \/>\n&#8211; Utilisation de m\u00e9lange de 15 gouttes avec 1 litre d&rsquo;eau ti\u00e8de pour toilette vaginale 2 fois par jour( affection genito-urinaire)<br \/>\norigine : Madagascar<\/p>\n<p>Pr\u00e9sentation : flacon de 10 ml<\/p>\n<p>Poids brut :40.00 g Vendeur : SEDIEM<\/p>\n","protected":false},"excerpt":{"rendered":"<p>Nialouli huile essentielle<\/p>\n<p>Poids brut :40.00 g<br \/>\norigine : Madagascar<br \/>\nFabricant : homeopharma\/ sediem \/autres<br \/>\nVendeur \/distributeur : SEDIEM<br \/>\norigine de Madagascar<\/p>\n","protected":false},"featured_media":618,"comment_status":"closed","ping_status":"closed","template":"","meta":{"_seopress_robots_primary_cat":"none","_seopress_titles_title":"","_seopress_titles_desc":"","_seopress_robots_index":""},"product_brand":[],"product_cat":[15],"product_tag":[],"class_list":{"0":"post-617","1":"product","2":"type-product","3":"status-publish","4":"has-post-thumbnail","6":"product_cat-huiles-essentielles","8":"first","9":"outofstock","10":"taxable","11":"shipping-taxable","12":"purchasable","13":"product-type-simple","14":"add-to-wishlist-after_add_to_cart"},"jetpack_sharing_enabled":true,"_links":{"self":[{"href":"https:\/\/www.00261.fr\/index.php?rest_route=\/wp\/v2\/product\/617","targetHints":{"allow":["GET"]}}],"collection":[{"href":"https:\/\/www.00261.fr\/index.php?rest_route=\/wp\/v2\/product"}],"about":[{"href":"https:\/\/www.00261.fr\/index.php?rest_route=\/wp\/v2\/types\/product"}],"replies":[{"embeddable":true,"href":"https:\/\/www.00261.fr\/index.php?rest_route=%2Fwp%2Fv2%2Fcomments&post=617"}],"wp:featuredmedia":[{"embeddable":true,"href":"https:\/\/www.00261.fr\/index.php?rest_route=\/wp\/v2\/media\/618"}],"wp:attachment":[{"href":"https:\/\/www.00261.fr\/index.php?rest_route=%2Fwp%2Fv2%2Fmedia&parent=617"}],"wp:term":[{"taxonomy":"product_brand","embeddable":true,"href":"https:\/\/www.00261.fr\/index.php?rest_route=%2Fwp%2Fv2%2Fproduct_brand&post=617"},{"taxonomy":"product_cat","embeddable":true,"href":"https:\/\/www.00261.fr\/index.php?rest_route=%2Fwp%2Fv2%2Fproduct_cat&post=617"},{"taxonomy":"product_tag","embeddable":true,"href":"https:\/\/www.00261.fr\/index.php?rest_route=%2Fwp%2Fv2%2Fproduct_tag&post=617"}],"curies":[{"name":"wp","href":"https:\/\/api.w.org\/{rel}","templated":true}]}}