{"id":614,"date":"2020-12-27T08:03:29","date_gmt":"2020-12-27T08:03:29","guid":{"rendered":"https:\/\/www.00261.fr\/?post_type=product&#038;p=614"},"modified":"2025-10-25T18:05:18","modified_gmt":"2025-10-25T18:05:18","slug":"citronnelle-huile-essentielle","status":"publish","type":"product","link":"https:\/\/www.00261.fr\/?product=citronnelle-huile-essentielle","title":{"rendered":"Citronnelle &#8211; Huile essentielle Vaniala"},"content":{"rendered":"<p>Propri\u00e9t\u00e9s : Depuis toujours, les feuilles de cette plante sont utilis\u00e9es en tisane pour r\u00e9\u00e9quilibrer le sommeil tandis que son essence est utilis\u00e9e pour chasser les moustiques, nettoyer les peaux grasses et acn\u00e9iques.<br \/>\nMode d&#8217;emploi : Bain de vapeur ( nettoyage de la peau ): 5 gouttes dans un bol d&rsquo;eau bouillante<br \/>\nPr\u00e9sentation : flacon de 10 ml<\/p>\n<p>Poids brut :40.00 g<\/p>\n<p>Vendeur : SEDIEM<\/p>\n","protected":false},"excerpt":{"rendered":"<p>Citronnelle huile essentielle<\/p>\n<p>Poids brut :40.00 g<br \/>\norigine : Madagascar<br \/>\nFabricant : Vaniala<br \/>\nVendeur \/distributeur : SEDIEM<br \/>\norigine de Madagascar<\/p>\n","protected":false},"featured_media":612,"comment_status":"closed","ping_status":"closed","template":"","meta":{"_seopress_robots_primary_cat":"none","_seopress_titles_title":"","_seopress_titles_desc":"","_seopress_robots_index":""},"product_brand":[],"product_cat":[15],"product_tag":[],"class_list":{"0":"post-614","1":"product","2":"type-product","3":"status-publish","4":"has-post-thumbnail","6":"product_cat-huiles-essentielles","8":"first","9":"instock","10":"taxable","11":"shipping-taxable","12":"purchasable","13":"product-type-simple","14":"add-to-wishlist-after_add_to_cart"},"jetpack_sharing_enabled":true,"_links":{"self":[{"href":"https:\/\/www.00261.fr\/index.php?rest_route=\/wp\/v2\/product\/614","targetHints":{"allow":["GET"]}}],"collection":[{"href":"https:\/\/www.00261.fr\/index.php?rest_route=\/wp\/v2\/product"}],"about":[{"href":"https:\/\/www.00261.fr\/index.php?rest_route=\/wp\/v2\/types\/product"}],"replies":[{"embeddable":true,"href":"https:\/\/www.00261.fr\/index.php?rest_route=%2Fwp%2Fv2%2Fcomments&post=614"}],"wp:featuredmedia":[{"embeddable":true,"href":"https:\/\/www.00261.fr\/index.php?rest_route=\/wp\/v2\/media\/612"}],"wp:attachment":[{"href":"https:\/\/www.00261.fr\/index.php?rest_route=%2Fwp%2Fv2%2Fmedia&parent=614"}],"wp:term":[{"taxonomy":"product_brand","embeddable":true,"href":"https:\/\/www.00261.fr\/index.php?rest_route=%2Fwp%2Fv2%2Fproduct_brand&post=614"},{"taxonomy":"product_cat","embeddable":true,"href":"https:\/\/www.00261.fr\/index.php?rest_route=%2Fwp%2Fv2%2Fproduct_cat&post=614"},{"taxonomy":"product_tag","embeddable":true,"href":"https:\/\/www.00261.fr\/index.php?rest_route=%2Fwp%2Fv2%2Fproduct_tag&post=614"}],"curies":[{"name":"wp","href":"https:\/\/api.w.org\/{rel}","templated":true}]}}