{"id":611,"date":"2020-12-27T07:56:20","date_gmt":"2020-12-27T07:56:20","guid":{"rendered":"https:\/\/www.00261.fr\/?post_type=product&#038;p=611"},"modified":"2026-05-03T15:44:50","modified_gmt":"2026-05-03T15:44:50","slug":"katrafay-huile-essentielle","status":"publish","type":"product","link":"https:\/\/www.00261.fr\/?product=katrafay-huile-essentielle","title":{"rendered":"Katrafay &#8211; Huile essentielle Homeopharma"},"content":{"rendered":"<p>Propri\u00e9t\u00e9s : Analg\u00e9sique, d\u00e9contractant, anti-inflammatoire.<br \/>\nMode d&#8217;emploi :<br \/>\n&#8211; Voie orale: 2 gouttes dans un peu de miel , 2 \u00e0 3 fois par jour. &#8211; Application locale: friction, massage ( A diluer dans un peu d&rsquo; huile v\u00e9g\u00e9tale )<br \/>\nOrigine : madagascar<br \/>\npr\u00e9sentation : flacon de 10 ml<\/p>\n<p>Poids brut :40.00 g narines. Vendeur : SEDIEM<\/p>\n","protected":false},"excerpt":{"rendered":"<p>Huile essentielle Katrafay<\/p>\n<p>Poids brut :40.00 g<br \/>\norigine : Madagascar<br \/>\nFabricant : Homeopharma<br \/>\nVendeur \/distributeur : SEDIEM<br \/>\norigine de Madagascar<\/p>\n","protected":false},"featured_media":610,"comment_status":"closed","ping_status":"closed","template":"","meta":{"_seopress_robots_primary_cat":"none","_seopress_titles_title":"","_seopress_titles_desc":"","_seopress_robots_index":""},"product_brand":[],"product_cat":[15],"product_tag":[],"class_list":{"0":"post-611","1":"product","2":"type-product","3":"status-publish","4":"has-post-thumbnail","6":"product_cat-huiles-essentielles","8":"first","9":"instock","10":"taxable","11":"shipping-taxable","12":"purchasable","13":"product-type-simple","14":"add-to-wishlist-after_add_to_cart"},"jetpack_sharing_enabled":true,"_links":{"self":[{"href":"https:\/\/www.00261.fr\/index.php?rest_route=\/wp\/v2\/product\/611","targetHints":{"allow":["GET"]}}],"collection":[{"href":"https:\/\/www.00261.fr\/index.php?rest_route=\/wp\/v2\/product"}],"about":[{"href":"https:\/\/www.00261.fr\/index.php?rest_route=\/wp\/v2\/types\/product"}],"replies":[{"embeddable":true,"href":"https:\/\/www.00261.fr\/index.php?rest_route=%2Fwp%2Fv2%2Fcomments&post=611"}],"wp:featuredmedia":[{"embeddable":true,"href":"https:\/\/www.00261.fr\/index.php?rest_route=\/wp\/v2\/media\/610"}],"wp:attachment":[{"href":"https:\/\/www.00261.fr\/index.php?rest_route=%2Fwp%2Fv2%2Fmedia&parent=611"}],"wp:term":[{"taxonomy":"product_brand","embeddable":true,"href":"https:\/\/www.00261.fr\/index.php?rest_route=%2Fwp%2Fv2%2Fproduct_brand&post=611"},{"taxonomy":"product_cat","embeddable":true,"href":"https:\/\/www.00261.fr\/index.php?rest_route=%2Fwp%2Fv2%2Fproduct_cat&post=611"},{"taxonomy":"product_tag","embeddable":true,"href":"https:\/\/www.00261.fr\/index.php?rest_route=%2Fwp%2Fv2%2Fproduct_tag&post=611"}],"curies":[{"name":"wp","href":"https:\/\/api.w.org\/{rel}","templated":true}]}}