{"id":608,"date":"2020-12-27T07:50:18","date_gmt":"2020-12-27T07:50:18","guid":{"rendered":"https:\/\/www.00261.fr\/?post_type=product&#038;p=608"},"modified":"2025-10-27T15:41:27","modified_gmt":"2025-10-27T15:41:27","slug":"ody-sery-huile-essentielle","status":"publish","type":"product","link":"https:\/\/www.00261.fr\/?product=ody-sery-huile-essentielle","title":{"rendered":"Ody sery &#8211; Huile essentielle Imra"},"content":{"rendered":"<p>Forme et pr\u00e9sentation<\/p>\n<p>Flacon de 5cc<\/p>\n<p>huille essentielle Ody sery Flacon de 5 ml Propri\u00e9t\u00e9 : D\u00e9congestionnant et d\u00e9sinfectant du nez et du rhino-pharynx Indications : Rhume, grippe, pharyingites, laryngites. Facilite la respiration nassale pendant la nuit. Mode d&#8217;emploi. Enfant : 3 \u00e0 4 gouttes en massage de la poidtrine et du dos le soir au coucher (masser 3 \u00e0 5 mn) Adulte : En inhalation, 3 gouttes dans 1\/2 L d&rsquo;eau bouillante. Mise en garde : Eviter le contact dans les narines. Vendeur : SEDIEM<\/p>\n","protected":false},"excerpt":{"rendered":"<p>Ody sery huile essentielle<\/p>\n<p>Poids brut :40.00 g<br \/>\norigine : Madagascar<br \/>\nFabricant : Imra<br \/>\nVendeur \/distributeur : SEDIEM<br \/>\norigine de Madagascar<\/p>\n","protected":false},"featured_media":916,"comment_status":"closed","ping_status":"closed","template":"","meta":{"_seopress_robots_primary_cat":"none","_seopress_titles_title":"","_seopress_titles_desc":"","_seopress_robots_index":""},"product_brand":[],"product_cat":[15],"product_tag":[],"class_list":{"0":"post-608","1":"product","2":"type-product","3":"status-publish","4":"has-post-thumbnail","6":"product_cat-huiles-essentielles","8":"first","9":"instock","10":"taxable","11":"shipping-taxable","12":"purchasable","13":"product-type-simple","14":"add-to-wishlist-after_add_to_cart"},"jetpack_sharing_enabled":true,"_links":{"self":[{"href":"https:\/\/www.00261.fr\/index.php?rest_route=\/wp\/v2\/product\/608","targetHints":{"allow":["GET"]}}],"collection":[{"href":"https:\/\/www.00261.fr\/index.php?rest_route=\/wp\/v2\/product"}],"about":[{"href":"https:\/\/www.00261.fr\/index.php?rest_route=\/wp\/v2\/types\/product"}],"replies":[{"embeddable":true,"href":"https:\/\/www.00261.fr\/index.php?rest_route=%2Fwp%2Fv2%2Fcomments&post=608"}],"wp:featuredmedia":[{"embeddable":true,"href":"https:\/\/www.00261.fr\/index.php?rest_route=\/wp\/v2\/media\/916"}],"wp:attachment":[{"href":"https:\/\/www.00261.fr\/index.php?rest_route=%2Fwp%2Fv2%2Fmedia&parent=608"}],"wp:term":[{"taxonomy":"product_brand","embeddable":true,"href":"https:\/\/www.00261.fr\/index.php?rest_route=%2Fwp%2Fv2%2Fproduct_brand&post=608"},{"taxonomy":"product_cat","embeddable":true,"href":"https:\/\/www.00261.fr\/index.php?rest_route=%2Fwp%2Fv2%2Fproduct_cat&post=608"},{"taxonomy":"product_tag","embeddable":true,"href":"https:\/\/www.00261.fr\/index.php?rest_route=%2Fwp%2Fv2%2Fproduct_tag&post=608"}],"curies":[{"name":"wp","href":"https:\/\/api.w.org\/{rel}","templated":true}]}}