{"id":599,"date":"2020-12-26T21:21:17","date_gmt":"2020-12-26T21:21:17","guid":{"rendered":"https:\/\/www.00261.fr\/?post_type=product&#038;p=599"},"modified":"2026-02-16T22:42:14","modified_gmt":"2026-02-16T22:42:14","slug":"vahona-au-citron","status":"publish","type":"product","link":"https:\/\/www.00261.fr\/?product=vahona-au-citron","title":{"rendered":"Vahona au citron &#8211; Homeopharma"},"content":{"rendered":"<p>Vahona au citron:<\/p>\n<p>Puissant immunostimulant, il est en pr\u00e9vention et en curatif dans toutes les maladies curatives chroniques, et d\u00e9g\u00e9n\u00e9ratives, cholest\u00e9rol, triglyc\u00e9rides, hypertension, probl\u00e8mes cardio-vasculaires, art\u00e9rioscl\u00e9rose, rhumatisme, arthite, goutte, grande fatigue, m\u00e9nopause.<br \/>\nIl agit dans l&rsquo;esemble de l&rsquo;appareil digestif (estomac, foie, pancr\u00e9as, intestin).<\/p>\n<p>Fabricant : homeopharma<\/p>\n<p>Vendeur : Sediem<\/p>\n","protected":false},"excerpt":{"rendered":"<p>Vahona au citron:<br \/>\nFabricant : Homeopharma<br \/>\nVendeur \/distributeur : SEDIEM<br \/>\norigine de Madagascar<\/p>\n","protected":false},"featured_media":600,"comment_status":"closed","ping_status":"closed","template":"","meta":{"_seopress_robots_primary_cat":"none","_seopress_titles_title":"","_seopress_titles_desc":"","_seopress_robots_index":""},"product_brand":[],"product_cat":[57],"product_tag":[],"class_list":{"0":"post-599","1":"product","2":"type-product","3":"status-publish","4":"has-post-thumbnail","6":"product_cat-complements-alimentaires","8":"first","9":"instock","10":"taxable","11":"shipping-taxable","12":"purchasable","13":"product-type-simple","14":"add-to-wishlist-after_add_to_cart"},"jetpack_sharing_enabled":true,"_links":{"self":[{"href":"https:\/\/www.00261.fr\/index.php?rest_route=\/wp\/v2\/product\/599","targetHints":{"allow":["GET"]}}],"collection":[{"href":"https:\/\/www.00261.fr\/index.php?rest_route=\/wp\/v2\/product"}],"about":[{"href":"https:\/\/www.00261.fr\/index.php?rest_route=\/wp\/v2\/types\/product"}],"replies":[{"embeddable":true,"href":"https:\/\/www.00261.fr\/index.php?rest_route=%2Fwp%2Fv2%2Fcomments&post=599"}],"wp:featuredmedia":[{"embeddable":true,"href":"https:\/\/www.00261.fr\/index.php?rest_route=\/wp\/v2\/media\/600"}],"wp:attachment":[{"href":"https:\/\/www.00261.fr\/index.php?rest_route=%2Fwp%2Fv2%2Fmedia&parent=599"}],"wp:term":[{"taxonomy":"product_brand","embeddable":true,"href":"https:\/\/www.00261.fr\/index.php?rest_route=%2Fwp%2Fv2%2Fproduct_brand&post=599"},{"taxonomy":"product_cat","embeddable":true,"href":"https:\/\/www.00261.fr\/index.php?rest_route=%2Fwp%2Fv2%2Fproduct_cat&post=599"},{"taxonomy":"product_tag","embeddable":true,"href":"https:\/\/www.00261.fr\/index.php?rest_route=%2Fwp%2Fv2%2Fproduct_tag&post=599"}],"curies":[{"name":"wp","href":"https:\/\/api.w.org\/{rel}","templated":true}]}}