{"id":593,"date":"2020-12-26T21:04:38","date_gmt":"2020-12-26T21:04:38","guid":{"rendered":"https:\/\/www.00261.fr\/?post_type=product&#038;p=593"},"modified":"2026-04-18T18:17:35","modified_gmt":"2026-04-18T18:17:35","slug":"madetoxyl-2","status":"publish","type":"product","link":"https:\/\/www.00261.fr\/?product=madetoxyl-2","title":{"rendered":"Madetoxyl &#8211; Imra"},"content":{"rendered":"<p>MADETOXYL Forme et pr\u00e9sentation Solution buvable de 125 ml et 1000 ml<br \/>\nPropri\u00e9t\u00e9s Antitoxique, antiallergique<\/p>\n<p>Composition -Extrait de Centella asiatica 0.6 g -Extrait d\u2019Aloes 1.7 g -Extrait de Cinnamomum 1.4 g<\/p>\n<p>Indications -Atteintes h\u00e9patiques (s\u00e9quelles d\u2019h\u00e9patites) -Intoxications m\u00e9dicamenteuses de diverses origines -Intoxications \u00e9thyliques -Manifestations allergiques -Hypo protid\u00e9mie, troubles nutritionnels -R\u00e9actions l\u00e9promateuses<\/p>\n<p>Posologie et mode d\u2019emploi Enfant de plus de 6 ans : 1 cuiller\u00e9e \u00e0 caf\u00e9 \u2013 3fois par jour Adulte : 1 cuiller\u00e9e \u00e0 soupe \u2013 3 fois par jour Pour une cure : 2 flacons<br \/>\nEffets ind\u00e9sirables: aucune Prise ou utilisation d\u2019autres m\u00e9dicaments : Aucun effet ind\u00e9sirable issu des interactions m\u00e9dicamenteuses observ\u00e9 jusqu\u2019 \u00e0 pr\u00e9sent.<br \/>\nMise en garde et pr\u00e9caution d\u2019emploi L\u2019emploi de ce m\u00e9dicament doit \u00eatre \u00e9vit\u00e9 chez l\u2019enfant de moins de 6 ans sauf sous la prescription du m\u00e9decin.<br \/>\nCondition particuli\u00e8re de conservation A l\u2019abri de la chaleur, de la lumi\u00e8re et de l\u2019humidit\u00e9<br \/>\nFabricant : Imra<\/p>\n<p>Vendeur : Sediem<\/p>\n","protected":false},"excerpt":{"rendered":"<p>Madetoxyl<br \/>\nFabricant : Imra<br \/>\nVendeur \/distributeur : SEDIEM<br \/>\norigine de Madagascar<\/p>\n","protected":false},"featured_media":594,"comment_status":"closed","ping_status":"closed","template":"","meta":{"_seopress_robots_primary_cat":"none","_seopress_titles_title":"","_seopress_titles_desc":"","_seopress_robots_index":""},"product_brand":[],"product_cat":[57],"product_tag":[],"class_list":{"0":"post-593","1":"product","2":"type-product","3":"status-publish","4":"has-post-thumbnail","6":"product_cat-complements-alimentaires","8":"first","9":"instock","10":"taxable","11":"shipping-taxable","12":"purchasable","13":"product-type-simple","14":"add-to-wishlist-after_add_to_cart"},"jetpack_sharing_enabled":true,"_links":{"self":[{"href":"https:\/\/www.00261.fr\/index.php?rest_route=\/wp\/v2\/product\/593","targetHints":{"allow":["GET"]}}],"collection":[{"href":"https:\/\/www.00261.fr\/index.php?rest_route=\/wp\/v2\/product"}],"about":[{"href":"https:\/\/www.00261.fr\/index.php?rest_route=\/wp\/v2\/types\/product"}],"replies":[{"embeddable":true,"href":"https:\/\/www.00261.fr\/index.php?rest_route=%2Fwp%2Fv2%2Fcomments&post=593"}],"wp:featuredmedia":[{"embeddable":true,"href":"https:\/\/www.00261.fr\/index.php?rest_route=\/wp\/v2\/media\/594"}],"wp:attachment":[{"href":"https:\/\/www.00261.fr\/index.php?rest_route=%2Fwp%2Fv2%2Fmedia&parent=593"}],"wp:term":[{"taxonomy":"product_brand","embeddable":true,"href":"https:\/\/www.00261.fr\/index.php?rest_route=%2Fwp%2Fv2%2Fproduct_brand&post=593"},{"taxonomy":"product_cat","embeddable":true,"href":"https:\/\/www.00261.fr\/index.php?rest_route=%2Fwp%2Fv2%2Fproduct_cat&post=593"},{"taxonomy":"product_tag","embeddable":true,"href":"https:\/\/www.00261.fr\/index.php?rest_route=%2Fwp%2Fv2%2Fproduct_tag&post=593"}],"curies":[{"name":"wp","href":"https:\/\/api.w.org\/{rel}","templated":true}]}}