{"id":591,"date":"2020-12-26T21:00:17","date_gmt":"2020-12-26T21:00:17","guid":{"rendered":"https:\/\/www.00261.fr\/?post_type=product&#038;p=591"},"modified":"2026-02-04T10:48:19","modified_gmt":"2026-02-04T10:48:19","slug":"ferroglobine-masy-antianemique","status":"publish","type":"product","link":"https:\/\/www.00261.fr\/?product=ferroglobine-masy-antianemique","title":{"rendered":"Ferroglobine Masy (antian\u00e9mique) &#8211; Imra"},"content":{"rendered":"<p>Flacon de 125 ml<\/p>\n<p>composition :<\/p>\n<p>Extrait de levure de ma\u00efs, Extrait de plantes riches en mati\u00e8res min\u00e9rales et vitamines, El\u00e9ments min\u00e9raux : Fer, calcium, Magn\u00e9sium, Phosphore, Oligo-\u00e9l\u00e9ments : Mangan\u00e8se, Cuivre, Iode, Cobalt, S\u00e9l\u00e9nium, Soufre<\/p>\n<p>Indications :<\/p>\n<p>An\u00e9mies post palud\u00e9enne, an\u00e9mie carencielle, an\u00e9mie de la grossesse, post part hum et arboretum, an\u00e9mie des radiations ionisantes, an\u00e9mie dues aux vaporeuses toxiques, retard staturo-pond\u00e9ral, surmenage scolaire et asth\u00e9nie, trouble m\u00e9taboliques du vieillard<\/p>\n<p>vendeur : sediem<br \/>\nmode d&#8217;emploi :<\/p>\n<p>adultes : 1 cuill\u00e9res \u00e0 soupe au cours de 3 principaux repas<\/p>\n<p>Enfannts : au dessous de 4 ans : 1 cuilleres \u00e0 caf\u00e9 au cours de 3 principaux repas<\/p>\n<p>Mise en garde et pr\u00e9caution d&#8217;emploi<\/p>\n<p>En cas d&rsquo;augmentation de la dose : demander l&rsquo;avis du m\u00e9decin.<br \/>\nFabricant : Imra<\/p>\n<p>Vendeur : Sediem<\/p>\n","protected":false},"excerpt":{"rendered":"<p>Ferroglobine Masy (antian\u00e9mique)<br \/>\nFabricant : Imra<br \/>\nVendeur \/distributeur : SEDIEM<br \/>\norigine de Madagascar<\/p>\n","protected":false},"featured_media":923,"comment_status":"closed","ping_status":"closed","template":"","meta":{"_seopress_robots_primary_cat":"none","_seopress_titles_title":"","_seopress_titles_desc":"","_seopress_robots_index":""},"product_brand":[],"product_cat":[57],"product_tag":[],"class_list":{"0":"post-591","1":"product","2":"type-product","3":"status-publish","4":"has-post-thumbnail","6":"product_cat-complements-alimentaires","8":"first","9":"instock","10":"taxable","11":"shipping-taxable","12":"purchasable","13":"product-type-simple","14":"add-to-wishlist-after_add_to_cart"},"jetpack_sharing_enabled":true,"_links":{"self":[{"href":"https:\/\/www.00261.fr\/index.php?rest_route=\/wp\/v2\/product\/591","targetHints":{"allow":["GET"]}}],"collection":[{"href":"https:\/\/www.00261.fr\/index.php?rest_route=\/wp\/v2\/product"}],"about":[{"href":"https:\/\/www.00261.fr\/index.php?rest_route=\/wp\/v2\/types\/product"}],"replies":[{"embeddable":true,"href":"https:\/\/www.00261.fr\/index.php?rest_route=%2Fwp%2Fv2%2Fcomments&post=591"}],"wp:featuredmedia":[{"embeddable":true,"href":"https:\/\/www.00261.fr\/index.php?rest_route=\/wp\/v2\/media\/923"}],"wp:attachment":[{"href":"https:\/\/www.00261.fr\/index.php?rest_route=%2Fwp%2Fv2%2Fmedia&parent=591"}],"wp:term":[{"taxonomy":"product_brand","embeddable":true,"href":"https:\/\/www.00261.fr\/index.php?rest_route=%2Fwp%2Fv2%2Fproduct_brand&post=591"},{"taxonomy":"product_cat","embeddable":true,"href":"https:\/\/www.00261.fr\/index.php?rest_route=%2Fwp%2Fv2%2Fproduct_cat&post=591"},{"taxonomy":"product_tag","embeddable":true,"href":"https:\/\/www.00261.fr\/index.php?rest_route=%2Fwp%2Fv2%2Fproduct_tag&post=591"}],"curies":[{"name":"wp","href":"https:\/\/api.w.org\/{rel}","templated":true}]}}