{"id":589,"date":"2020-12-26T20:51:04","date_gmt":"2020-12-26T20:51:04","guid":{"rendered":"https:\/\/www.00261.fr\/?post_type=product&#038;p=589"},"modified":"2025-11-29T17:30:15","modified_gmt":"2025-11-29T17:30:15","slug":"ody-albumine-sy-cholesterol","status":"publish","type":"product","link":"https:\/\/www.00261.fr\/?product=ody-albumine-sy-cholesterol","title":{"rendered":"Ody albumine sy cholesterol"},"content":{"rendered":"<p>Boite de 6 infusettes de 5g<\/p>\n<p>Propri\u00e9t\u00e9 :<\/p>\n<p>Hypolip\u00e9miant, ayant une propri\u00e9t\u00e9 diur\u00e9tique associ\u00e9e<\/p>\n<p>Indications :<\/p>\n<p>Hypercholest\u00e9rol\u00e9mies et hypertriglyc\u00e9rid\u00e9mies endog\u00e8ne de l&rsquo;adulte isol\u00e9e ou associ\u00e9e.<\/p>\n<p>Mode d&#8217;emploi<\/p>\n<p>3 infusettes dans 1 L d&rsquo;eau bouillante pendant 10 mn \u00e0 terminer dans la journ\u00e9e<\/p>\n<p>Mise en garde<\/p>\n<p>\u00c9viter les mati\u00e8res grasses<\/p>\n<p>Vendeur : Sediem<\/p>\n","protected":false},"excerpt":{"rendered":"<p>Ody albumine sy cholesterol<br \/>\nFabricant : Imra<br \/>\nVendeur \/distributeur : SEDIEM<br \/>\norigine de Madagascar<\/p>\n","protected":false},"featured_media":590,"comment_status":"closed","ping_status":"closed","template":"","meta":{"_seopress_robots_primary_cat":"none","_seopress_titles_title":"","_seopress_titles_desc":"","_seopress_robots_index":""},"product_brand":[],"product_cat":[57],"product_tag":[],"class_list":{"0":"post-589","1":"product","2":"type-product","3":"status-publish","4":"has-post-thumbnail","6":"product_cat-complements-alimentaires","8":"first","9":"instock","10":"taxable","11":"shipping-taxable","12":"purchasable","13":"product-type-simple","14":"add-to-wishlist-after_add_to_cart"},"jetpack_sharing_enabled":true,"_links":{"self":[{"href":"https:\/\/www.00261.fr\/index.php?rest_route=\/wp\/v2\/product\/589","targetHints":{"allow":["GET"]}}],"collection":[{"href":"https:\/\/www.00261.fr\/index.php?rest_route=\/wp\/v2\/product"}],"about":[{"href":"https:\/\/www.00261.fr\/index.php?rest_route=\/wp\/v2\/types\/product"}],"replies":[{"embeddable":true,"href":"https:\/\/www.00261.fr\/index.php?rest_route=%2Fwp%2Fv2%2Fcomments&post=589"}],"wp:featuredmedia":[{"embeddable":true,"href":"https:\/\/www.00261.fr\/index.php?rest_route=\/wp\/v2\/media\/590"}],"wp:attachment":[{"href":"https:\/\/www.00261.fr\/index.php?rest_route=%2Fwp%2Fv2%2Fmedia&parent=589"}],"wp:term":[{"taxonomy":"product_brand","embeddable":true,"href":"https:\/\/www.00261.fr\/index.php?rest_route=%2Fwp%2Fv2%2Fproduct_brand&post=589"},{"taxonomy":"product_cat","embeddable":true,"href":"https:\/\/www.00261.fr\/index.php?rest_route=%2Fwp%2Fv2%2Fproduct_cat&post=589"},{"taxonomy":"product_tag","embeddable":true,"href":"https:\/\/www.00261.fr\/index.php?rest_route=%2Fwp%2Fv2%2Fproduct_tag&post=589"}],"curies":[{"name":"wp","href":"https:\/\/api.w.org\/{rel}","templated":true}]}}