{"id":585,"date":"2020-12-26T20:40:55","date_gmt":"2020-12-26T20:40:55","guid":{"rendered":"https:\/\/www.00261.fr\/?post_type=product&#038;p=585"},"modified":"2025-10-25T18:10:53","modified_gmt":"2025-10-25T18:10:53","slug":"huile-de-coco-100-naturel","status":"publish","type":"product","link":"https:\/\/www.00261.fr\/?product=huile-de-coco-100-naturel","title":{"rendered":"Huile de coco 100% naturel"},"content":{"rendered":"<p>Huile de coco 100% naturel<br \/>\n250 ml<br \/>\nDescription :  Huile de coco pure \u00e0 100% naturel, extraction \u00e0 partir de noix de coco bien s\u00e9lectionn\u00e9<br \/>\nValeurs nutritionnelles  moyennes pour 100 ml<br \/>\nEnergie : 3492 KJ<br \/>\nMati\u00e8re grasses : 92.7g<br \/>\nDont acides gras satur\u00e9s : 86 g<br \/>\nSucre :  0,5g<br \/>\nProt\u00e9ine  < 0.5g.\nSel < 0.5G\nIngr\u00e9dient : huile de coco 100%\nFabricant : SEDIEM\nVendeur : SEDIEM\n<\/p>\n","protected":false},"excerpt":{"rendered":"<p>Huile de coco 100% naturel<br \/>\nFabricant : SEDIEM<\/p>\n<p>Vendeur : SEDIEM : origine de Madagascar<\/p>\n","protected":false},"featured_media":586,"comment_status":"closed","ping_status":"closed","template":"","meta":{"_seopress_robots_primary_cat":"","_seopress_titles_title":"","_seopress_titles_desc":"","_seopress_robots_index":""},"product_brand":[],"product_cat":[58],"product_tag":[],"class_list":{"0":"post-585","1":"product","2":"type-product","3":"status-publish","4":"has-post-thumbnail","6":"product_cat-cosmetique","8":"first","9":"outofstock","10":"taxable","11":"shipping-taxable","12":"purchasable","13":"product-type-simple","14":"add-to-wishlist-after_add_to_cart"},"jetpack_sharing_enabled":true,"_links":{"self":[{"href":"https:\/\/www.00261.fr\/index.php?rest_route=\/wp\/v2\/product\/585","targetHints":{"allow":["GET"]}}],"collection":[{"href":"https:\/\/www.00261.fr\/index.php?rest_route=\/wp\/v2\/product"}],"about":[{"href":"https:\/\/www.00261.fr\/index.php?rest_route=\/wp\/v2\/types\/product"}],"replies":[{"embeddable":true,"href":"https:\/\/www.00261.fr\/index.php?rest_route=%2Fwp%2Fv2%2Fcomments&post=585"}],"wp:featuredmedia":[{"embeddable":true,"href":"https:\/\/www.00261.fr\/index.php?rest_route=\/wp\/v2\/media\/586"}],"wp:attachment":[{"href":"https:\/\/www.00261.fr\/index.php?rest_route=%2Fwp%2Fv2%2Fmedia&parent=585"}],"wp:term":[{"taxonomy":"product_brand","embeddable":true,"href":"https:\/\/www.00261.fr\/index.php?rest_route=%2Fwp%2Fv2%2Fproduct_brand&post=585"},{"taxonomy":"product_cat","embeddable":true,"href":"https:\/\/www.00261.fr\/index.php?rest_route=%2Fwp%2Fv2%2Fproduct_cat&post=585"},{"taxonomy":"product_tag","embeddable":true,"href":"https:\/\/www.00261.fr\/index.php?rest_route=%2Fwp%2Fv2%2Fproduct_tag&post=585"}],"curies":[{"name":"wp","href":"https:\/\/api.w.org\/{rel}","templated":true}]}}