{"id":579,"date":"2020-12-26T20:24:29","date_gmt":"2020-12-26T20:24:29","guid":{"rendered":"https:\/\/www.00261.fr\/?post_type=product&#038;p=579"},"modified":"2025-10-25T18:11:55","modified_gmt":"2025-10-25T18:11:55","slug":"farehitra-norovolo","status":"publish","type":"product","link":"https:\/\/www.00261.fr\/?product=farehitra-norovolo","title":{"rendered":"Farehitra (shampoing) &#8211; Norovolo"},"content":{"rendered":"<p>Farehatra norovolo (shampoing)<\/p>\n<p>Recommand\u00e9 pour les cuirs chevelus. Il favorise la repousse des cheveux<\/p>\n<p>Propri\u00e9t\u00e9s :<\/p>\n<p>Assure l&rsquo;entretien du cuir chevelu<\/p>\n<p>Freine la chute et stimule la pousse de cheveux<\/p>\n<p>Indications :<\/p>\n<p>Chute\u00a0 de\u00a0 cheveux<\/p>\n<p>Cheveux d\u00e9vitalis\u00e9s<\/p>\n<p>Mode d&#8217;emploi et posologie:<\/p>\n<p>Faire mac\u00e9rer une cuiller\u00e9e\u00a0 \u00e0 caf\u00e9 de la poudre dans une cuiller\u00e9e \u00e0 soupe d&rsquo;eau chaude pendant une journ\u00e9e.<\/p>\n<p>Appliquer sur le cuir le SAVON SOA repousse de cheveux .<\/p>\n<p>Vendeur : SEDIEM<\/p>\n","protected":false},"excerpt":{"rendered":"<p>Farehatra norovolo (shampoing)<\/p>\n<p>recommand\u00e9 pour les cuirs chevelus. Il favorise la repousse des cheveux<\/p>\n<p>Vendeur : SEDIEM : origine de Madagascar<\/p>\n","protected":false},"featured_media":2636,"comment_status":"closed","ping_status":"closed","template":"","meta":{"_seopress_robots_primary_cat":"none","_seopress_titles_title":"","_seopress_titles_desc":"","_seopress_robots_index":""},"product_brand":[],"product_cat":[58],"product_tag":[],"class_list":{"0":"post-579","1":"product","2":"type-product","3":"status-publish","4":"has-post-thumbnail","6":"product_cat-cosmetique","8":"first","9":"instock","10":"taxable","11":"shipping-taxable","12":"purchasable","13":"product-type-simple","14":"add-to-wishlist-after_add_to_cart"},"jetpack_sharing_enabled":true,"_links":{"self":[{"href":"https:\/\/www.00261.fr\/index.php?rest_route=\/wp\/v2\/product\/579","targetHints":{"allow":["GET"]}}],"collection":[{"href":"https:\/\/www.00261.fr\/index.php?rest_route=\/wp\/v2\/product"}],"about":[{"href":"https:\/\/www.00261.fr\/index.php?rest_route=\/wp\/v2\/types\/product"}],"replies":[{"embeddable":true,"href":"https:\/\/www.00261.fr\/index.php?rest_route=%2Fwp%2Fv2%2Fcomments&post=579"}],"wp:featuredmedia":[{"embeddable":true,"href":"https:\/\/www.00261.fr\/index.php?rest_route=\/wp\/v2\/media\/2636"}],"wp:attachment":[{"href":"https:\/\/www.00261.fr\/index.php?rest_route=%2Fwp%2Fv2%2Fmedia&parent=579"}],"wp:term":[{"taxonomy":"product_brand","embeddable":true,"href":"https:\/\/www.00261.fr\/index.php?rest_route=%2Fwp%2Fv2%2Fproduct_brand&post=579"},{"taxonomy":"product_cat","embeddable":true,"href":"https:\/\/www.00261.fr\/index.php?rest_route=%2Fwp%2Fv2%2Fproduct_cat&post=579"},{"taxonomy":"product_tag","embeddable":true,"href":"https:\/\/www.00261.fr\/index.php?rest_route=%2Fwp%2Fv2%2Fproduct_tag&post=579"}],"curies":[{"name":"wp","href":"https:\/\/api.w.org\/{rel}","templated":true}]}}