{"id":553,"date":"2020-12-26T15:51:42","date_gmt":"2020-12-26T15:51:42","guid":{"rendered":"https:\/\/www.00261.fr\/?post_type=product&#038;p=553"},"modified":"2026-01-16T11:02:53","modified_gmt":"2026-01-16T11:02:53","slug":"ravitoto-420-grs","status":"publish","type":"product","link":"https:\/\/www.00261.fr\/?product=ravitoto-420-grs","title":{"rendered":"Ravitoto 420g &#8211; Coda"},"content":{"rendered":"<p>Pr\u00e9paration \u00e0 base de feuilles de manioc en conserve<br \/>\nDESCRIPTION : Jeunes feuilles de manioc<\/p>\n<p>UTILISATION : Les feuilles de manioc peuvent se consommer simplement r\u00e9chauff\u00e9es en accompagnement de vos viandes et poissons. Mais aussi dans divers plats cuisin\u00e9s traditionnel de la cuisine malgache.<br \/>\nINGREDIENTS : Jeunes feuilles de manioc, eau, sel<\/p>\n<p>INFORMATIONS NUTRITIONNELLES : Pour 100g : Energie 152kJ\/37kcal , mati\u00e8res grasses 1,1g dont acides gras satur\u00e9s 0g, glucides 2,3g dont 0,8g de sucres, fibres alimentaires 3,7g, prot\u00e9ines 2,5g, sel 0,99g<\/p>\n<p>CONSERVATION : Une fois ouvert, vider le contenu inutilis\u00e9 dans un r\u00e9cipient herm\u00e9tique et non m\u00e9tallique. Conserver au r\u00e9frig\u00e9rateur et consommer dans les 3 jours.<\/p>\n","protected":false},"excerpt":{"rendered":"<p>Ravitoto 420g &#8211; Codal<br \/>\nOrigine : Madagascar<\/p>\n","protected":false},"featured_media":2729,"comment_status":"closed","ping_status":"closed","template":"","meta":{"_seopress_robots_primary_cat":"none","_seopress_titles_title":"","_seopress_titles_desc":"","_seopress_robots_index":""},"product_brand":[],"product_cat":[100],"product_tag":[],"class_list":{"0":"post-553","1":"product","2":"type-product","3":"status-publish","4":"has-post-thumbnail","6":"product_cat-conserves","8":"first","9":"outofstock","10":"featured","11":"taxable","12":"shipping-taxable","13":"purchasable","14":"product-type-simple","15":"add-to-wishlist-after_add_to_cart"},"jetpack_sharing_enabled":true,"_links":{"self":[{"href":"https:\/\/www.00261.fr\/index.php?rest_route=\/wp\/v2\/product\/553","targetHints":{"allow":["GET"]}}],"collection":[{"href":"https:\/\/www.00261.fr\/index.php?rest_route=\/wp\/v2\/product"}],"about":[{"href":"https:\/\/www.00261.fr\/index.php?rest_route=\/wp\/v2\/types\/product"}],"replies":[{"embeddable":true,"href":"https:\/\/www.00261.fr\/index.php?rest_route=%2Fwp%2Fv2%2Fcomments&post=553"}],"wp:featuredmedia":[{"embeddable":true,"href":"https:\/\/www.00261.fr\/index.php?rest_route=\/wp\/v2\/media\/2729"}],"wp:attachment":[{"href":"https:\/\/www.00261.fr\/index.php?rest_route=%2Fwp%2Fv2%2Fmedia&parent=553"}],"wp:term":[{"taxonomy":"product_brand","embeddable":true,"href":"https:\/\/www.00261.fr\/index.php?rest_route=%2Fwp%2Fv2%2Fproduct_brand&post=553"},{"taxonomy":"product_cat","embeddable":true,"href":"https:\/\/www.00261.fr\/index.php?rest_route=%2Fwp%2Fv2%2Fproduct_cat&post=553"},{"taxonomy":"product_tag","embeddable":true,"href":"https:\/\/www.00261.fr\/index.php?rest_route=%2Fwp%2Fv2%2Fproduct_tag&post=553"}],"curies":[{"name":"wp","href":"https:\/\/api.w.org\/{rel}","templated":true}]}}