{"id":538,"date":"2020-12-25T21:27:36","date_gmt":"2020-12-25T21:27:36","guid":{"rendered":"https:\/\/www.00261.fr\/?post_type=product&#038;p=538"},"modified":"2023-08-07T13:59:08","modified_gmt":"2023-08-07T13:59:08","slug":"cuvee-noire-blanc-de-nosy-be-copie","status":"publish","type":"product","link":"https:\/\/www.00261.fr\/?product=cuvee-noire-blanc-de-nosy-be-copie","title":{"rendered":"Lot Cuv\u00e9e Noire + Blanc de Nosy-be"},"content":{"rendered":"<div style=\"width: 720px;\" class=\"wp-video\"><video class=\"wp-video-shortcode\" id=\"video-538-1\" width=\"720\" height=\"480\" preload=\"metadata\" controls=\"controls\"><source type=\"video\/mp4\" src=\"https:\/\/www.00261.fr\/wp-content\/uploads\/2020\/12\/WhatsApp-Video-2020-12-19-at-12.01.12.mp4?_=1\" \/><a href=\"https:\/\/www.00261.fr\/wp-content\/uploads\/2020\/12\/WhatsApp-Video-2020-12-19-at-12.01.12.mp4\">https:\/\/www.00261.fr\/wp-content\/uploads\/2020\/12\/WhatsApp-Video-2020-12-19-at-12.01.12.mp4<\/a><\/video><\/div>\n<p>Rhum dzama<\/p>\n<p>Cuv\u00e9e blanche : 70 cl<br \/>\nBlanc de Nosy be : 70 cl<\/p>\n<p>Fabricant : Groupe Vidzar<\/p>\n<p>L&rsquo;abus d&rsquo;alcool est un danger pour la sant\u00e9, consommer avec mod\u00e9ration<\/p>\n","protected":false},"excerpt":{"rendered":"<p>Lot de Cuv\u00e9e noire 70l cl- Blanc de Nosybe 70 cl. L&rsquo;abus d&rsquo;alcool est dangereux pour la sant\u00e9, consommer avec mod\u00e9ration.<\/p>\n<p>Fabricant : Groupe Vidzar<\/p>\n<p>Origine : Madagascar<br \/>\nL&rsquo;abus d&rsquo;alcool est un danger pour la sant\u00e9, consommer avec mod\u00e9ration<\/p>\n","protected":false},"featured_media":1673,"comment_status":"closed","ping_status":"closed","template":"","meta":{"_seopress_robots_primary_cat":"none","_seopress_titles_title":"","_seopress_titles_desc":"","_seopress_robots_index":""},"product_brand":[],"product_cat":[75],"product_tag":[],"class_list":{"0":"post-538","1":"product","2":"type-product","3":"status-publish","4":"has-post-thumbnail","6":"product_cat-promos","8":"first","9":"outofstock","10":"taxable","11":"shipping-taxable","12":"purchasable","13":"product-type-simple","14":"add-to-wishlist-after_add_to_cart"},"jetpack_sharing_enabled":true,"_links":{"self":[{"href":"https:\/\/www.00261.fr\/index.php?rest_route=\/wp\/v2\/product\/538","targetHints":{"allow":["GET"]}}],"collection":[{"href":"https:\/\/www.00261.fr\/index.php?rest_route=\/wp\/v2\/product"}],"about":[{"href":"https:\/\/www.00261.fr\/index.php?rest_route=\/wp\/v2\/types\/product"}],"replies":[{"embeddable":true,"href":"https:\/\/www.00261.fr\/index.php?rest_route=%2Fwp%2Fv2%2Fcomments&post=538"}],"wp:featuredmedia":[{"embeddable":true,"href":"https:\/\/www.00261.fr\/index.php?rest_route=\/wp\/v2\/media\/1673"}],"wp:attachment":[{"href":"https:\/\/www.00261.fr\/index.php?rest_route=%2Fwp%2Fv2%2Fmedia&parent=538"}],"wp:term":[{"taxonomy":"product_brand","embeddable":true,"href":"https:\/\/www.00261.fr\/index.php?rest_route=%2Fwp%2Fv2%2Fproduct_brand&post=538"},{"taxonomy":"product_cat","embeddable":true,"href":"https:\/\/www.00261.fr\/index.php?rest_route=%2Fwp%2Fv2%2Fproduct_cat&post=538"},{"taxonomy":"product_tag","embeddable":true,"href":"https:\/\/www.00261.fr\/index.php?rest_route=%2Fwp%2Fv2%2Fproduct_tag&post=538"}],"curies":[{"name":"wp","href":"https:\/\/api.w.org\/{rel}","templated":true}]}}