{"id":534,"date":"2020-12-25T20:51:05","date_gmt":"2020-12-25T20:51:05","guid":{"rendered":"https:\/\/www.00261.fr\/?post_type=product&#038;p=534"},"modified":"2025-11-17T13:41:46","modified_gmt":"2025-11-17T13:41:46","slug":"voanjobory-880-gr","status":"publish","type":"product","link":"https:\/\/www.00261.fr\/?product=voanjobory-880-gr","title":{"rendered":"Voanjobory 880 gr"},"content":{"rendered":"<p>Pr\u00e9paration \u00e0 base de pois de bambara en conserve<\/p>\n<p>#DESCRIPTION &amp; UTILISATION# DESCRIPTION : Pr\u00e9paration \u00e0 base de pois de bambara.<\/p>\n<p>Le Voanjobory, \u00e9galement appel\u00e9 pois de Bambara ou pois de terre, est une l\u00e9gumineuse tr\u00e8s pr\u00e9sente dans la gastronomie malgache.<\/p>\n<p>\u00c0 Madagascar, o\u00f9 il est plus connu sous le nom de Voanjobory, il donne son nom \u00e0 un plat traditionnel, sorte de rago\u00fbt, consomm\u00e9 le dimanche en famille.<\/p>\n<p>UTILISATION : Simplement r\u00e9chauff\u00e9s, agr\u00e9ment\u00e9s d&rsquo;oignons au pr\u00e9alable dor\u00e9s \u00e0 la po\u00eale. Ils peuvent \u00eatre pr\u00e9par\u00e9s comme les petits pois \u00ab\u00a0europ\u00e9ens\u00a0\u00bb. Vous pouvez aussi les ajouter lors de la cuisson de vos plats en sauce mijot\u00e9s (de viande, de poisson ou de l\u00e9gumes).<br \/>\n#CARACTERISTIQUES PRODUITS# INGREDIENTS : Voanjobory (pois de bambara), eau, sel<\/p>\n<p>INFORMATIONS NUTRITIONNELLES : Pour 100g : Energie 325kJ\/78kcal , mati\u00e8res grasses 1,1g dont acides gras satur\u00e9s 0g, glucides 2,3g dont 0,8g de sucres, fibres alimentaires 3,7g, prot\u00e9ines 2,5g, sel 0,99g<\/p>\n<p>CONSERVATION : Une fois ouvert, vider le contenu inutilis\u00e9 dans un r\u00e9cipient herm\u00e9tique et non m\u00e9tallique. Conserver au r\u00e9frig\u00e9rateur et consommer dans les 3 jours.<\/p>\n","protected":false},"excerpt":{"rendered":"<p>Voanjobory 880 gr<br \/>\nOrigine : Madagascar<\/p>\n","protected":false},"featured_media":535,"comment_status":"closed","ping_status":"closed","template":"","meta":{"_seopress_robots_primary_cat":"none","_seopress_titles_title":"","_seopress_titles_desc":"","_seopress_robots_index":""},"product_brand":[],"product_cat":[100],"product_tag":[],"class_list":{"0":"post-534","1":"product","2":"type-product","3":"status-publish","4":"has-post-thumbnail","6":"product_cat-conserves","8":"first","9":"instock","10":"featured","11":"taxable","12":"shipping-taxable","13":"purchasable","14":"product-type-simple","15":"add-to-wishlist-after_add_to_cart"},"jetpack_sharing_enabled":true,"_links":{"self":[{"href":"https:\/\/www.00261.fr\/index.php?rest_route=\/wp\/v2\/product\/534","targetHints":{"allow":["GET"]}}],"collection":[{"href":"https:\/\/www.00261.fr\/index.php?rest_route=\/wp\/v2\/product"}],"about":[{"href":"https:\/\/www.00261.fr\/index.php?rest_route=\/wp\/v2\/types\/product"}],"replies":[{"embeddable":true,"href":"https:\/\/www.00261.fr\/index.php?rest_route=%2Fwp%2Fv2%2Fcomments&post=534"}],"wp:featuredmedia":[{"embeddable":true,"href":"https:\/\/www.00261.fr\/index.php?rest_route=\/wp\/v2\/media\/535"}],"wp:attachment":[{"href":"https:\/\/www.00261.fr\/index.php?rest_route=%2Fwp%2Fv2%2Fmedia&parent=534"}],"wp:term":[{"taxonomy":"product_brand","embeddable":true,"href":"https:\/\/www.00261.fr\/index.php?rest_route=%2Fwp%2Fv2%2Fproduct_brand&post=534"},{"taxonomy":"product_cat","embeddable":true,"href":"https:\/\/www.00261.fr\/index.php?rest_route=%2Fwp%2Fv2%2Fproduct_cat&post=534"},{"taxonomy":"product_tag","embeddable":true,"href":"https:\/\/www.00261.fr\/index.php?rest_route=%2Fwp%2Fv2%2Fproduct_tag&post=534"}],"curies":[{"name":"wp","href":"https:\/\/api.w.org\/{rel}","templated":true}]}}