{"id":527,"date":"2020-12-25T20:33:01","date_gmt":"2020-12-25T20:33:01","guid":{"rendered":"https:\/\/www.00261.fr\/?post_type=product&#038;p=527"},"modified":"2025-11-17T13:41:46","modified_gmt":"2025-11-17T13:41:46","slug":"piment-vert-100-grms","status":"publish","type":"product","link":"https:\/\/www.00261.fr\/?product=piment-vert-100-grms","title":{"rendered":"Romazava 400g &#8211; Codal"},"content":{"rendered":"<p>Pr\u00e9paration \u00e0 base de l\u00e9gumes-feuilles en conserve<\/p>\n<p>#DESCRIPTION &amp; UTILISATION# DESCRIPTION : Br\u00e8des (feuilles de plantes typique utilis\u00e9es dans la cuisine Malgache)<\/p>\n<p>UTILISATION : Simplement \u00e0 la po\u00eale ou au bain marie, ajoutez la pr\u00e9paration \u00e0 un plat de riz blanc par exemple. Il peut \u00e9galement \u00eatre servi avec de la viande, du poisson ou avec d&rsquo;autres l\u00e9gumes.<br \/>\n#CARACTERISTIQUES PRODUITS# INGREDIENTS : Br\u00e8des 25% (bredes morelles, br\u00e8des mafana, cresson), eau, gingembre, oignons ail, sel, poivre.<\/p>\n<p>INFORMATIONS NUTRITIONNELLES : Pour 100g : Energie 116kJ\/28kcal , mati\u00e8res grasses 1,3g dont acides gras satur\u00e9s 0g, glucides 1,3g dont 1,1g de sucres, fibres alimentaires 1,9g, prot\u00e9ines 1,8g, sel 0,91g<\/p>\n<p>CONSERVATION : Une fois ouvert, vider le contenu inutilis\u00e9 dans un r\u00e9cipient herm\u00e9tique et non m\u00e9tallique. Conserver au r\u00e9frig\u00e9rateur et consommer dans les 3 jours.<\/p>\n","protected":false},"excerpt":{"rendered":"<p>Romazava 400g &#8211; Codal<br \/>\nOrigine : Madagascar<\/p>\n","protected":false},"featured_media":2718,"comment_status":"closed","ping_status":"closed","template":"","meta":{"_seopress_robots_primary_cat":"none","_seopress_titles_title":"","_seopress_titles_desc":"","_seopress_robots_index":""},"product_brand":[],"product_cat":[100],"product_tag":[],"class_list":{"0":"post-527","1":"product","2":"type-product","3":"status-publish","4":"has-post-thumbnail","6":"product_cat-conserves","8":"first","9":"instock","10":"featured","11":"taxable","12":"shipping-taxable","13":"purchasable","14":"product-type-simple","15":"add-to-wishlist-after_add_to_cart"},"jetpack_sharing_enabled":true,"_links":{"self":[{"href":"https:\/\/www.00261.fr\/index.php?rest_route=\/wp\/v2\/product\/527","targetHints":{"allow":["GET"]}}],"collection":[{"href":"https:\/\/www.00261.fr\/index.php?rest_route=\/wp\/v2\/product"}],"about":[{"href":"https:\/\/www.00261.fr\/index.php?rest_route=\/wp\/v2\/types\/product"}],"replies":[{"embeddable":true,"href":"https:\/\/www.00261.fr\/index.php?rest_route=%2Fwp%2Fv2%2Fcomments&post=527"}],"wp:featuredmedia":[{"embeddable":true,"href":"https:\/\/www.00261.fr\/index.php?rest_route=\/wp\/v2\/media\/2718"}],"wp:attachment":[{"href":"https:\/\/www.00261.fr\/index.php?rest_route=%2Fwp%2Fv2%2Fmedia&parent=527"}],"wp:term":[{"taxonomy":"product_brand","embeddable":true,"href":"https:\/\/www.00261.fr\/index.php?rest_route=%2Fwp%2Fv2%2Fproduct_brand&post=527"},{"taxonomy":"product_cat","embeddable":true,"href":"https:\/\/www.00261.fr\/index.php?rest_route=%2Fwp%2Fv2%2Fproduct_cat&post=527"},{"taxonomy":"product_tag","embeddable":true,"href":"https:\/\/www.00261.fr\/index.php?rest_route=%2Fwp%2Fv2%2Fproduct_tag&post=527"}],"curies":[{"name":"wp","href":"https:\/\/api.w.org\/{rel}","templated":true}]}}