{"id":526,"date":"2020-12-25T20:30:58","date_gmt":"2020-12-25T20:30:58","guid":{"rendered":"https:\/\/www.00261.fr\/?post_type=product&#038;p=526"},"modified":"2025-10-25T18:15:41","modified_gmt":"2025-10-25T18:15:41","slug":"achards-de-legumes-130-gr-2","status":"publish","type":"product","link":"https:\/\/www.00261.fr\/?product=achards-de-legumes-130-gr-2","title":{"rendered":"Achards de l\u00e9gumes PM 130g"},"content":{"rendered":"<p>Pr\u00e9paration \u00e0 base de l\u00e9gumes en conserve<\/p>\n<p>#DESCRIPTION &amp; UTILISATION# DESCRIPTION : Pr\u00e9paration de l\u00e9gumes en marinade \u00e9pic\u00e9e<\/p>\n<p>UTILISATION : Les achards se consomment tels quels en accompagnement de vos viandes et poissons, pour agr\u00e9menter vos salades. Ils peuvent s&rsquo;utiliser en entr\u00e9es ou avec vos plats principaux.<br \/>\n#CARACTERISTIQUES PRODUITS# INGREDIENTS : l\u00e9gumes 75% (carotte, chou, haricot vert, poivron), oignon, gingembre, huile v\u00e9g\u00e9tale de soja, sel, ail, \u00e9pices, acidifiant : E260.<\/p>\n<p>INFORMATIONS NUTRITIONNELLES : Pour 100g : Energie 703kJ\/170kcal , mati\u00e8res grasses 16g dont acides gras satur\u00e9s 2,7g, glucides 4,6g dont 4,4g de sucres, fibres alimentaires 2,2g, prot\u00e9ines 0,9g, sel 1,5g<\/p>\n<p>CONSERVATION : Conserver au frais apr\u00e8s ouverture et consommer rapidement<\/p>\n","protected":false},"excerpt":{"rendered":"<p>Achards de l\u00e9gumes 130 gr<br \/>\nOrigine : Madagascar<\/p>\n","protected":false},"featured_media":2735,"comment_status":"closed","ping_status":"closed","template":"","meta":{"_seopress_robots_primary_cat":"none","_seopress_titles_title":"","_seopress_titles_desc":"","_seopress_robots_index":""},"product_brand":[],"product_cat":[56],"product_tag":[],"class_list":{"0":"post-526","1":"product","2":"type-product","3":"status-publish","4":"has-post-thumbnail","6":"product_cat-epicerie","8":"first","9":"instock","10":"featured","11":"taxable","12":"shipping-taxable","13":"purchasable","14":"product-type-simple","15":"add-to-wishlist-after_add_to_cart"},"jetpack_sharing_enabled":true,"_links":{"self":[{"href":"https:\/\/www.00261.fr\/index.php?rest_route=\/wp\/v2\/product\/526","targetHints":{"allow":["GET"]}}],"collection":[{"href":"https:\/\/www.00261.fr\/index.php?rest_route=\/wp\/v2\/product"}],"about":[{"href":"https:\/\/www.00261.fr\/index.php?rest_route=\/wp\/v2\/types\/product"}],"replies":[{"embeddable":true,"href":"https:\/\/www.00261.fr\/index.php?rest_route=%2Fwp%2Fv2%2Fcomments&post=526"}],"wp:featuredmedia":[{"embeddable":true,"href":"https:\/\/www.00261.fr\/index.php?rest_route=\/wp\/v2\/media\/2735"}],"wp:attachment":[{"href":"https:\/\/www.00261.fr\/index.php?rest_route=%2Fwp%2Fv2%2Fmedia&parent=526"}],"wp:term":[{"taxonomy":"product_brand","embeddable":true,"href":"https:\/\/www.00261.fr\/index.php?rest_route=%2Fwp%2Fv2%2Fproduct_brand&post=526"},{"taxonomy":"product_cat","embeddable":true,"href":"https:\/\/www.00261.fr\/index.php?rest_route=%2Fwp%2Fv2%2Fproduct_cat&post=526"},{"taxonomy":"product_tag","embeddable":true,"href":"https:\/\/www.00261.fr\/index.php?rest_route=%2Fwp%2Fv2%2Fproduct_tag&post=526"}],"curies":[{"name":"wp","href":"https:\/\/api.w.org\/{rel}","templated":true}]}}