{"id":516,"date":"2020-12-25T20:03:16","date_gmt":"2020-12-25T20:03:16","guid":{"rendered":"https:\/\/www.00261.fr\/?post_type=product&#038;p=516"},"modified":"2022-04-08T16:27:17","modified_gmt":"2022-04-08T16:27:17","slug":"achards-de-legumes-130-gr","status":"publish","type":"product","link":"https:\/\/www.00261.fr\/?product=achards-de-legumes-130-gr","title":{"rendered":"Pur\u00e9e de gingembre 100g"},"content":{"rendered":"<p>Pr\u00e9paration \u00e0 base de gingembre en conserve<\/p>\n<p>#DESCRIPTION &amp; UTILISATION# DESCRIPTION : Pur\u00e9e de gingembre. Le gingembre est rhizome magique ador\u00e9 en Afrique, en Inde et en Asie, est l\u2019une des plus anciennes \u00e9pices connues. Il se caract\u00e9rise par son odeur \u00e9pic\u00e9e, l\u00e9g\u00e8rement sucr\u00e9e, camphr\u00e9e et piquante.<\/p>\n<p>UTILISATION : La pur\u00e9e de gingembre s&rsquo;utilise telle quelle, en accompagnement de vos viandes et poissons (froids ou chauds). Elle peut \u00e9galement agr\u00e9menter vos plats cuisin\u00e9s \u00e0 votre go\u00fbt.<br \/>\n#CARACTERISTIQUES PRODUITS# INGREDIENTS : gingembre (98,5%), sel, acide ac\u00e9tique.<\/p>\n<p>INFORMATIONS NUTRITIONNELLES : Pour 100g : Energie 203kJ\/48kcal , mati\u00e8res grasses 0,5g dont quelques traces d&rsquo;acides gras satur\u00e9s, glucides 9g dont quelques traces de sucres, fibres alimentaires 1,7g, prot\u00e9ines 1g, sel 1,6g<\/p>\n<p>CONSERVATION : Conserver au frais apr\u00e8s ouverture et consommer rapidement<\/p>\n","protected":false},"excerpt":{"rendered":"<p>Pur\u00e9e de gingembre 100g<br \/>\nOrigine : Madagascar<\/p>\n","protected":false},"featured_media":2736,"comment_status":"closed","ping_status":"closed","template":"","meta":{"_seopress_robots_primary_cat":"none","_seopress_titles_title":"","_seopress_titles_desc":"","_seopress_robots_index":""},"product_brand":[],"product_cat":[56],"product_tag":[],"class_list":{"0":"post-516","1":"product","2":"type-product","3":"status-publish","4":"has-post-thumbnail","6":"product_cat-epicerie","8":"first","9":"outofstock","10":"featured","11":"taxable","12":"shipping-taxable","13":"purchasable","14":"product-type-simple","15":"add-to-wishlist-after_add_to_cart"},"jetpack_sharing_enabled":true,"_links":{"self":[{"href":"https:\/\/www.00261.fr\/index.php?rest_route=\/wp\/v2\/product\/516","targetHints":{"allow":["GET"]}}],"collection":[{"href":"https:\/\/www.00261.fr\/index.php?rest_route=\/wp\/v2\/product"}],"about":[{"href":"https:\/\/www.00261.fr\/index.php?rest_route=\/wp\/v2\/types\/product"}],"replies":[{"embeddable":true,"href":"https:\/\/www.00261.fr\/index.php?rest_route=%2Fwp%2Fv2%2Fcomments&post=516"}],"wp:featuredmedia":[{"embeddable":true,"href":"https:\/\/www.00261.fr\/index.php?rest_route=\/wp\/v2\/media\/2736"}],"wp:attachment":[{"href":"https:\/\/www.00261.fr\/index.php?rest_route=%2Fwp%2Fv2%2Fmedia&parent=516"}],"wp:term":[{"taxonomy":"product_brand","embeddable":true,"href":"https:\/\/www.00261.fr\/index.php?rest_route=%2Fwp%2Fv2%2Fproduct_brand&post=516"},{"taxonomy":"product_cat","embeddable":true,"href":"https:\/\/www.00261.fr\/index.php?rest_route=%2Fwp%2Fv2%2Fproduct_cat&post=516"},{"taxonomy":"product_tag","embeddable":true,"href":"https:\/\/www.00261.fr\/index.php?rest_route=%2Fwp%2Fv2%2Fproduct_tag&post=516"}],"curies":[{"name":"wp","href":"https:\/\/api.w.org\/{rel}","templated":true}]}}