{"id":418,"date":"2020-12-21T10:35:34","date_gmt":"2020-12-21T10:35:34","guid":{"rendered":"https:\/\/www.00261.fr\/?post_type=product&#038;p=418"},"modified":"2025-10-25T18:17:27","modified_gmt":"2025-10-25T18:17:27","slug":"miel-de-litchi-bio-250-g","status":"publish","type":"product","link":"https:\/\/www.00261.fr\/?product=miel-de-litchi-bio-250-g","title":{"rendered":"Miel de fleurs Litchi"},"content":{"rendered":"<p>DESCRIPTION : Ce miel tr\u00e8s parfum\u00e9 et doux de Madagascar r\u00e9sulte du butinage de fleurs sauvages.<\/p>\n<p>UTILISATION : Le matin, une simple cuill\u00e8re r\u00e9gale nos papilles, il remplace le sucre dans nos cakes et nos biscuits, mais sublime aussi nos viandes et nos fromages. Une cristallisation du miel peut apparaitre. Ce ph\u00e9nom\u00e8ne naturel varie suivant l&rsquo;origine de la plante butin\u00e9e et \u00e9volue dans le temps selon la composition en glucose et fructose du miel. Pour le rendre cr\u00e9meux, r\u00e9chauffez-le quelques minutes (temp\u00e9rature inf\u00e9r\u00e9rieure \u00e0 40\u00b0C).<\/p>\n<p>INGREDIENTS : Miel de fleurs de Litchi biologique<\/p>\n<p>INFORMATIONS NUTRITIONNELLES : Pour 100g : Energie 1402kJ\/330kcal, mati\u00e8res grasses 0,3g dont acides gras satur\u00e9s 0g, glucides 81g dont sucres 70g, prot\u00e9ines 0,8g, sel 0g.<\/p>\n<p>CONSERVATION : Se conserve au r\u00e9frig\u00e9rateur 1 an apr\u00e8s ouverture<\/p>\n","protected":false},"excerpt":{"rendered":"<p>Miel de fleurs Litchi<\/p>\n<p>Origine: Madagascar<\/p>\n","protected":false},"featured_media":2732,"comment_status":"closed","ping_status":"closed","template":"","meta":{"_seopress_robots_primary_cat":"none","_seopress_titles_title":"","_seopress_titles_desc":"","_seopress_robots_index":""},"product_brand":[],"product_cat":[56],"product_tag":[],"class_list":{"0":"post-418","1":"product","2":"type-product","3":"status-publish","4":"has-post-thumbnail","6":"product_cat-epicerie","8":"first","9":"outofstock","10":"taxable","11":"shipping-taxable","12":"purchasable","13":"product-type-simple","14":"add-to-wishlist-after_add_to_cart"},"jetpack_sharing_enabled":true,"_links":{"self":[{"href":"https:\/\/www.00261.fr\/index.php?rest_route=\/wp\/v2\/product\/418","targetHints":{"allow":["GET"]}}],"collection":[{"href":"https:\/\/www.00261.fr\/index.php?rest_route=\/wp\/v2\/product"}],"about":[{"href":"https:\/\/www.00261.fr\/index.php?rest_route=\/wp\/v2\/types\/product"}],"replies":[{"embeddable":true,"href":"https:\/\/www.00261.fr\/index.php?rest_route=%2Fwp%2Fv2%2Fcomments&post=418"}],"wp:featuredmedia":[{"embeddable":true,"href":"https:\/\/www.00261.fr\/index.php?rest_route=\/wp\/v2\/media\/2732"}],"wp:attachment":[{"href":"https:\/\/www.00261.fr\/index.php?rest_route=%2Fwp%2Fv2%2Fmedia&parent=418"}],"wp:term":[{"taxonomy":"product_brand","embeddable":true,"href":"https:\/\/www.00261.fr\/index.php?rest_route=%2Fwp%2Fv2%2Fproduct_brand&post=418"},{"taxonomy":"product_cat","embeddable":true,"href":"https:\/\/www.00261.fr\/index.php?rest_route=%2Fwp%2Fv2%2Fproduct_cat&post=418"},{"taxonomy":"product_tag","embeddable":true,"href":"https:\/\/www.00261.fr\/index.php?rest_route=%2Fwp%2Fv2%2Fproduct_tag&post=418"}],"curies":[{"name":"wp","href":"https:\/\/api.w.org\/{rel}","templated":true}]}}