{"id":416,"date":"2020-12-21T10:26:10","date_gmt":"2020-12-21T10:26:10","guid":{"rendered":"https:\/\/www.00261.fr\/?post_type=product&#038;p=416"},"modified":"2026-04-20T13:37:00","modified_gmt":"2026-04-20T13:37:00","slug":"noni","status":"publish","type":"product","link":"https:\/\/www.00261.fr\/?product=noni","title":{"rendered":"NONI &#8211; Homeopharma"},"content":{"rendered":"<p>Le noni (Morinda citrifolia): est une plante aux verus exxceptionneles agissant sur tous les organes nobles et revigorant le sang. Il a des propri\u00e9t\u00e9s : antimicrbienne, immunostimulantes, anti-oxydante, anti-hypertnesive, \u00e9nergisante, analg\u00e9sique, anti-inflamatoire.<br \/>\nJus de noni recommand\u00e9 contre les infections bact\u00e9tateriennes et virales, \u00e9tat pr\u00e9canc\u00e9reux (poumons, foie, pancr\u00e9as, sang et seins)<\/p>\n<p>Une cuill\u00e8re \u00e0 soupe matin et soir, avant ou apr\u00e8s repas.<\/p>\n<p>Fabricant : Homeopharma<br \/>\nOrigine : Madagascar<br \/>\nVendeur : SEDIEM<br \/>\nCondition de vente : vendue \u00e0 l&rsquo;unit\u00e9, photo non contractante.<\/p>\n","protected":false},"excerpt":{"rendered":"<p>noni<br \/>\nFabricant : Homeopharma<br \/>\nOrigine : Madagascar<br \/>\nVendeur : SEDIEM<br \/>\nCondition de vente : vendue \u00e0 l&rsquo;unit\u00e9, photo non contractante.<\/p>\n","protected":false},"featured_media":2625,"comment_status":"closed","ping_status":"closed","template":"","meta":{"_seopress_robots_primary_cat":"none","_seopress_titles_title":"","_seopress_titles_desc":"","_seopress_robots_index":""},"product_brand":[],"product_cat":[57],"product_tag":[],"class_list":{"0":"post-416","1":"product","2":"type-product","3":"status-publish","4":"has-post-thumbnail","6":"product_cat-complements-alimentaires","8":"first","9":"instock","10":"taxable","11":"shipping-taxable","12":"purchasable","13":"product-type-simple","14":"add-to-wishlist-after_add_to_cart"},"jetpack_sharing_enabled":true,"_links":{"self":[{"href":"https:\/\/www.00261.fr\/index.php?rest_route=\/wp\/v2\/product\/416","targetHints":{"allow":["GET"]}}],"collection":[{"href":"https:\/\/www.00261.fr\/index.php?rest_route=\/wp\/v2\/product"}],"about":[{"href":"https:\/\/www.00261.fr\/index.php?rest_route=\/wp\/v2\/types\/product"}],"replies":[{"embeddable":true,"href":"https:\/\/www.00261.fr\/index.php?rest_route=%2Fwp%2Fv2%2Fcomments&post=416"}],"wp:featuredmedia":[{"embeddable":true,"href":"https:\/\/www.00261.fr\/index.php?rest_route=\/wp\/v2\/media\/2625"}],"wp:attachment":[{"href":"https:\/\/www.00261.fr\/index.php?rest_route=%2Fwp%2Fv2%2Fmedia&parent=416"}],"wp:term":[{"taxonomy":"product_brand","embeddable":true,"href":"https:\/\/www.00261.fr\/index.php?rest_route=%2Fwp%2Fv2%2Fproduct_brand&post=416"},{"taxonomy":"product_cat","embeddable":true,"href":"https:\/\/www.00261.fr\/index.php?rest_route=%2Fwp%2Fv2%2Fproduct_cat&post=416"},{"taxonomy":"product_tag","embeddable":true,"href":"https:\/\/www.00261.fr\/index.php?rest_route=%2Fwp%2Fv2%2Fproduct_tag&post=416"}],"curies":[{"name":"wp","href":"https:\/\/api.w.org\/{rel}","templated":true}]}}