{"id":413,"date":"2020-12-21T09:59:23","date_gmt":"2020-12-21T09:59:23","guid":{"rendered":"https:\/\/www.00261.fr\/?post_type=product&#038;p=413"},"modified":"2026-04-27T08:16:53","modified_gmt":"2026-04-27T08:16:53","slug":"ody-fery-meva","status":"publish","type":"product","link":"https:\/\/www.00261.fr\/?product=ody-fery-meva","title":{"rendered":"Ody Fery Meva &#8211; Imra"},"content":{"rendered":"<p>Description<\/p>\n<p>Forme et pr\u00e9sentation<\/p>\n<p>Pommade : Tube de 35g<\/p>\n<p>Propri\u00e9t\u00e9s<\/p>\n<p>Pommade faite \u00e0 partir d\u2019extraits v\u00e9g\u00e9taux capable d\u2019acc\u00e9l\u00e9rer et de r\u00e9guler la cicatrisation<\/p>\n<p>Composition<\/p>\n<p>Extrait hydro-alcoolique de Centella asiatica<br \/>\nExcipient : Poudre de Centella asiatica<br \/>\nEssence de Ravensara<\/p>\n<p>Indications<\/p>\n<p>Br\u00fblures<br \/>\nToutes les plaies traumatiques et op\u00e9ratoires<br \/>\nTraitement adjuvant des ulc\u00e8res chroniques et variqueux (jambes variqueuses, \u00e9l\u00e9phantiasis, l\u00e8pre, tuberculoses cutan\u00e9e)<br \/>\nCrevasses des seins<br \/>\nCoup de soleil<br \/>\nEscarres<br \/>\nVitiligo et psoriasis en association avec HE<\/p>\n<p>Posologie et mode d\u2019emploi<\/p>\n<p>Chaque jour \u00e9tendre la pommade sur les plaies propres et d\u00e9sinfect\u00e9es.<\/p>\n<p>Cure : jusqu\u2019\u00e0 la disparition du sympt\u00f4me<\/p>\n<p>Effet ind\u00e9sirable issu du produit : aucun<\/p>\n<p>Prise ou utilisation d\u2019autres m\u00e9dicaments<\/p>\n<p>Aucun effet ind\u00e9sirable issu des interactions m\u00e9dicamenteuses observ\u00e9 jusqu\u2019 \u00e0 pr\u00e9sent<\/p>\n<p>Contre-indication : aucune<\/p>\n<p>Conditions particuli\u00e8re de conservation<\/p>\n<p>Conserver \u00e0 temp\u00e9rature ambiante<\/p>\n","protected":false},"excerpt":{"rendered":"<p>Ody fery meva<br \/>\nFabricant : IMRA<br \/>\nOrigine : Madagascar<br \/>\nvendeur : SEDIEM<\/p>\n","protected":false},"featured_media":414,"comment_status":"closed","ping_status":"closed","template":"","meta":{"_seopress_robots_primary_cat":"none","_seopress_titles_title":"","_seopress_titles_desc":"","_seopress_robots_index":""},"product_brand":[],"product_cat":[77],"product_tag":[],"class_list":{"0":"post-413","1":"product","2":"type-product","3":"status-publish","4":"has-post-thumbnail","6":"product_cat-parapharmacie","8":"first","9":"instock","10":"taxable","11":"shipping-taxable","12":"purchasable","13":"product-type-simple","14":"add-to-wishlist-after_add_to_cart"},"jetpack_sharing_enabled":true,"_links":{"self":[{"href":"https:\/\/www.00261.fr\/index.php?rest_route=\/wp\/v2\/product\/413","targetHints":{"allow":["GET"]}}],"collection":[{"href":"https:\/\/www.00261.fr\/index.php?rest_route=\/wp\/v2\/product"}],"about":[{"href":"https:\/\/www.00261.fr\/index.php?rest_route=\/wp\/v2\/types\/product"}],"replies":[{"embeddable":true,"href":"https:\/\/www.00261.fr\/index.php?rest_route=%2Fwp%2Fv2%2Fcomments&post=413"}],"wp:featuredmedia":[{"embeddable":true,"href":"https:\/\/www.00261.fr\/index.php?rest_route=\/wp\/v2\/media\/414"}],"wp:attachment":[{"href":"https:\/\/www.00261.fr\/index.php?rest_route=%2Fwp%2Fv2%2Fmedia&parent=413"}],"wp:term":[{"taxonomy":"product_brand","embeddable":true,"href":"https:\/\/www.00261.fr\/index.php?rest_route=%2Fwp%2Fv2%2Fproduct_brand&post=413"},{"taxonomy":"product_cat","embeddable":true,"href":"https:\/\/www.00261.fr\/index.php?rest_route=%2Fwp%2Fv2%2Fproduct_cat&post=413"},{"taxonomy":"product_tag","embeddable":true,"href":"https:\/\/www.00261.fr\/index.php?rest_route=%2Fwp%2Fv2%2Fproduct_tag&post=413"}],"curies":[{"name":"wp","href":"https:\/\/api.w.org\/{rel}","templated":true}]}}