{"id":398,"date":"2020-12-20T20:20:28","date_gmt":"2020-12-20T20:20:28","guid":{"rendered":"https:\/\/www.00261.fr\/?post_type=product&#038;p=398"},"modified":"2025-10-25T18:21:17","modified_gmt":"2025-10-25T18:21:17","slug":"masypagyl","status":"publish","type":"product","link":"https:\/\/www.00261.fr\/?product=masypagyl","title":{"rendered":"Masy Pagyl &#8211; Imra"},"content":{"rendered":"<p>Forme et pr\u00e9sentation<\/p>\n<p>P\u00e2te gingivale : Tube de 35g<\/p>\n<p>Propri\u00e9t\u00e9s<\/p>\n<p>P\u00e2te gingivale \u00e0 base d\u2019extraits v\u00e9g\u00e9taux tr\u00e8s actifs dans toutes les pathologies de la bouche, dents et parties molles.<\/p>\n<p>Composition<\/p>\n<p>Extrait de Helichrysum gymnocephalum<br \/>\nExtrait de Cinnamomum camphora<br \/>\nFanafana<br \/>\nCentella asiatica<br \/>\nEssence d\u2019Eugenia aromatica<br \/>\nMenthe<br \/>\nEau<br \/>\nAlcool<br \/>\nExcipients<\/p>\n<p>Indications<\/p>\n<p>Parodontopathies : gingivites, parodontites, stomatites<br \/>\nProphylaxie de la carie dentaire<br \/>\nHygi\u00e8ne bucco-dentaire<br \/>\nPansement alv\u00e9olaire apr\u00e8s extraction dentaire<br \/>\nContre les algies post op\u00e9ratoires<br \/>\nTraitement des irritations proth\u00e9tiques.<\/p>\n<p>Posologie et mode d\u2019emploi<\/p>\n<p>Brossage quotidien pendant 2 \u00e0 3 minutes apr\u00e8s chaque repas.<\/p>\n<p>Pour la prophylaxie des caries dentaires : une \u00e0 deux fois par semaine en compl\u00e9ment du brossage quotidien.<\/p>\n<p>Pour le traitement des parodontopathies et de la plaque dentaire, tous probl\u00e8mes bucco- dentaire : brossage apr\u00e8s chaque repas jusqu\u2019\u00e0 disparition des sympt\u00f4mes.<\/p>\n<p>Cure : jusqu\u2019\u00e0 la disparition du sympt\u00f4me<\/p>\n<p>Effets ind\u00e9sirables : aucun<\/p>\n<p>Prise ou utilisation d\u2019autres m\u00e9dicaments<\/p>\n<p>Aucun effet ind\u00e9sirable issu des interactions m\u00e9dicamenteuses observ\u00e9 jusqu\u2019 \u00e0 pr\u00e9sent<\/p>\n<p>Contre-indications : aucune<\/p>\n<p>Condition particuli\u00e8re de conservation<\/p>\n<p>Conserver \u00e0 l\u2019abri de la chaleur<\/p>\n<p>Utiliser dans un d\u00e9lai maximum d\u2019un mois apr\u00e8s ouverture<\/p>\n","protected":false},"excerpt":{"rendered":"<p>Masy Pagyl<br \/>\nFabricant : IMRA<br \/>\nVendeur : SEDIEM<\/p>\n","protected":false},"featured_media":399,"comment_status":"closed","ping_status":"closed","template":"","meta":{"_seopress_robots_primary_cat":"none","_seopress_titles_title":"","_seopress_titles_desc":"","_seopress_robots_index":""},"product_brand":[],"product_cat":[77],"product_tag":[89],"class_list":{"0":"post-398","1":"product","2":"type-product","3":"status-publish","4":"has-post-thumbnail","6":"product_cat-parapharmacie","7":"product_tag-masypagyl","9":"first","10":"instock","11":"taxable","12":"shipping-taxable","13":"purchasable","14":"product-type-simple","15":"add-to-wishlist-after_add_to_cart"},"jetpack_sharing_enabled":true,"_links":{"self":[{"href":"https:\/\/www.00261.fr\/index.php?rest_route=\/wp\/v2\/product\/398","targetHints":{"allow":["GET"]}}],"collection":[{"href":"https:\/\/www.00261.fr\/index.php?rest_route=\/wp\/v2\/product"}],"about":[{"href":"https:\/\/www.00261.fr\/index.php?rest_route=\/wp\/v2\/types\/product"}],"replies":[{"embeddable":true,"href":"https:\/\/www.00261.fr\/index.php?rest_route=%2Fwp%2Fv2%2Fcomments&post=398"}],"wp:featuredmedia":[{"embeddable":true,"href":"https:\/\/www.00261.fr\/index.php?rest_route=\/wp\/v2\/media\/399"}],"wp:attachment":[{"href":"https:\/\/www.00261.fr\/index.php?rest_route=%2Fwp%2Fv2%2Fmedia&parent=398"}],"wp:term":[{"taxonomy":"product_brand","embeddable":true,"href":"https:\/\/www.00261.fr\/index.php?rest_route=%2Fwp%2Fv2%2Fproduct_brand&post=398"},{"taxonomy":"product_cat","embeddable":true,"href":"https:\/\/www.00261.fr\/index.php?rest_route=%2Fwp%2Fv2%2Fproduct_cat&post=398"},{"taxonomy":"product_tag","embeddable":true,"href":"https:\/\/www.00261.fr\/index.php?rest_route=%2Fwp%2Fv2%2Fproduct_tag&post=398"}],"curies":[{"name":"wp","href":"https:\/\/api.w.org\/{rel}","templated":true}]}}