{"id":396,"date":"2020-12-20T20:12:14","date_gmt":"2020-12-20T20:12:14","guid":{"rendered":"https:\/\/www.00261.fr\/?post_type=product&#038;p=396"},"modified":"2026-01-21T12:20:18","modified_gmt":"2026-01-21T12:20:18","slug":"madetussyl-imra","status":"publish","type":"product","link":"https:\/\/www.00261.fr\/?product=madetussyl-imra","title":{"rendered":"Madetussyl"},"content":{"rendered":"<p>Packging : Flacon de 125 ml<\/p>\n<p>Propri\u00e9t\u00e9s :<\/p>\n<p>Antitussif<\/p>\n<p>Ensemble de plante particuli\u00e8rement actives dans le traitement de la grippe et pour calmer la toux, \u00e0 savoir les sympt\u00f4mes de la grippe, de rhino-pharyngites, bronchites<\/p>\n<p>S\u00e9datif de la toux, expectorant, eupn\u00e9ique<\/p>\n<p>Indications<\/p>\n<p>Grippe, Bronchite, Coqueluches, Asthmes<br \/>\nToux : affections broncho-pulmonaires<\/p>\n<p>Posologie et mode d&#8217;emploi<\/p>\n<p>Enfant de 18 mois \u00e0 3 mois : demi-cuiller\u00e9e \u00e0 caf\u00e9, 2 \u00e0 3 fois par jour<br \/>\nEnfant 3 mois \u00e0 15 ans : 3 cuiller\u00e9es \u00e0 caf\u00e9 par jour<br \/>\nAdulte : 3 cuiller\u00e9es \u00e0 soupe par jour. Si n\u00e9cessaire, une cuiller\u00e9e suppl\u00e9mentaire peut \u00eatre prise au coucher<\/p>\n<p>Mise en garde et pr\u00e9caution d&#8217;emploi<\/p>\n<p>L&#8217;emploi pour l&rsquo;enfant moins de 18 mois est \u00e0 \u00e9viter. Tenir compte de la teneur en alcool et \u00e9viter la prise de boissons alcoolis\u00e9es.<\/p>\n","protected":false},"excerpt":{"rendered":"<p>Madetussyl Imra<br \/>\nOrigine : Madagascar<br \/>\nVendeur : SEDIEM<\/p>\n","protected":false},"featured_media":397,"comment_status":"closed","ping_status":"closed","template":"","meta":{"_seopress_robots_primary_cat":"none","_seopress_titles_title":"","_seopress_titles_desc":"","_seopress_robots_index":""},"product_brand":[],"product_cat":[57],"product_tag":[88],"class_list":{"0":"post-396","1":"product","2":"type-product","3":"status-publish","4":"has-post-thumbnail","6":"product_cat-complements-alimentaires","7":"product_tag-madetussyl-imra","9":"first","10":"instock","11":"taxable","12":"shipping-taxable","13":"purchasable","14":"product-type-simple","15":"add-to-wishlist-after_add_to_cart"},"jetpack_sharing_enabled":true,"_links":{"self":[{"href":"https:\/\/www.00261.fr\/index.php?rest_route=\/wp\/v2\/product\/396","targetHints":{"allow":["GET"]}}],"collection":[{"href":"https:\/\/www.00261.fr\/index.php?rest_route=\/wp\/v2\/product"}],"about":[{"href":"https:\/\/www.00261.fr\/index.php?rest_route=\/wp\/v2\/types\/product"}],"replies":[{"embeddable":true,"href":"https:\/\/www.00261.fr\/index.php?rest_route=%2Fwp%2Fv2%2Fcomments&post=396"}],"wp:featuredmedia":[{"embeddable":true,"href":"https:\/\/www.00261.fr\/index.php?rest_route=\/wp\/v2\/media\/397"}],"wp:attachment":[{"href":"https:\/\/www.00261.fr\/index.php?rest_route=%2Fwp%2Fv2%2Fmedia&parent=396"}],"wp:term":[{"taxonomy":"product_brand","embeddable":true,"href":"https:\/\/www.00261.fr\/index.php?rest_route=%2Fwp%2Fv2%2Fproduct_brand&post=396"},{"taxonomy":"product_cat","embeddable":true,"href":"https:\/\/www.00261.fr\/index.php?rest_route=%2Fwp%2Fv2%2Fproduct_cat&post=396"},{"taxonomy":"product_tag","embeddable":true,"href":"https:\/\/www.00261.fr\/index.php?rest_route=%2Fwp%2Fv2%2Fproduct_tag&post=396"}],"curies":[{"name":"wp","href":"https:\/\/api.w.org\/{rel}","templated":true}]}}