{"id":389,"date":"2020-12-20T19:46:29","date_gmt":"2020-12-20T19:46:29","guid":{"rendered":"https:\/\/www.00261.fr\/?post_type=product&#038;p=389"},"modified":"2026-02-12T08:39:04","modified_gmt":"2026-02-12T08:39:04","slug":"madeglucil","status":"publish","type":"product","link":"https:\/\/www.00261.fr\/?product=madeglucil","title":{"rendered":"Mad\u00e9glucil"},"content":{"rendered":"<p>Vendue : \u00e0 l&rsquo;unit\u00e9<\/p>\n<p>Propri\u00e9t\u00e9s<\/p>\n<p>Premier antidiab\u00e9tique exclusivement d\u2019origine v\u00e9g\u00e9tale. Extrait d\u2019une plante connue pour ses propri\u00e9t\u00e9s b\u00e9n\u00e9fiques dans le diab\u00e8te depuis l\u2019\u00e8re v\u00e9dique indienne et utilis\u00e9e traditionnellement dans tout l\u2019Oc\u00e9an Indien. Madeglucyl abaisse la glyc\u00e9mie chez le sujet diab\u00e9tique sans cependant exposer le malade au risque d\u2019hypoglyc\u00e9mie lorsqu\u2019il est utilis\u00e9 en monoth\u00e9rapie ; c\u2019est un antidiab\u00e9tique vrai. Il semblerait que cet effet r\u00e9sulte d\u2019une augmentation de l\u2019utilisation p\u00e9riph\u00e9rique du glucose.<\/p>\n<p>Madeglucyl ne stimule pas la s\u00e9cr\u00e9tion d\u2019insuline, mais la pr\u00e9sence de petites quantit\u00e9s d\u2019insuline est n\u00e9cessaire \u00e0 son action.<\/p>\n<p>Composition<br \/>\n-Extrait de Syzygium cumini<br \/>\nIndications<br \/>\nTraitement de diab\u00e8te de type II appel\u00e9 \u00ab diab\u00e8te non insulino-d\u00e9pendant \u00bb lorsque le r\u00e9gime alimentaire et l\u2019exercice physique seuls ne suffisent pas \u00e0 contr\u00f4ler le taux de glucose sanguin.<br \/>\nEn combinaison th\u00e9rapeutique avec d\u2019autres m\u00e9dicaments contre le diab\u00e8te de type II.<br \/>\nEn compl\u00e9ment de l\u2019insulinoth\u00e9rapie avec conseil m\u00e9dical dans le diab\u00e8te de type I (insulino-d\u00e9pendant) dans le but de diminuer progressivement la dose d\u2019insuline.<br \/>\nPosologie et Mode d\u2019emploi : 3 fois par jour \u00e0 prendre avant les principaux repas. Peut \u00eatre doubl\u00e9 en cas de r\u00e9sultats insuffisants.<br \/>\nContre-indications : Madeglucyl ne doit pas \u00eatre utilis\u00e9 en tant que traitement isol\u00e9 dans :<br \/>\n1-le diab\u00e8te de type I<br \/>\n2_ le diab\u00e8te ac\u00e9to-c\u00e9tosique, pr\u00e9 coma diab\u00e9tique<\/p>\n","protected":false},"excerpt":{"rendered":"<p>Mad\u00e9glucil<br \/>\nPhoto non contractante. Produit vendu \u00e0 l&rsquo;unit\u00e9<\/p>\n","protected":false},"featured_media":390,"comment_status":"closed","ping_status":"closed","template":"","meta":{"_seopress_robots_primary_cat":"none","_seopress_titles_title":"","_seopress_titles_desc":"","_seopress_robots_index":""},"product_brand":[],"product_cat":[57],"product_tag":[85],"class_list":{"0":"post-389","1":"product","2":"type-product","3":"status-publish","4":"has-post-thumbnail","6":"product_cat-complements-alimentaires","7":"product_tag-madeglucil","9":"first","10":"instock","11":"taxable","12":"shipping-taxable","13":"purchasable","14":"product-type-simple","15":"add-to-wishlist-after_add_to_cart"},"jetpack_sharing_enabled":true,"_links":{"self":[{"href":"https:\/\/www.00261.fr\/index.php?rest_route=\/wp\/v2\/product\/389","targetHints":{"allow":["GET"]}}],"collection":[{"href":"https:\/\/www.00261.fr\/index.php?rest_route=\/wp\/v2\/product"}],"about":[{"href":"https:\/\/www.00261.fr\/index.php?rest_route=\/wp\/v2\/types\/product"}],"replies":[{"embeddable":true,"href":"https:\/\/www.00261.fr\/index.php?rest_route=%2Fwp%2Fv2%2Fcomments&post=389"}],"wp:featuredmedia":[{"embeddable":true,"href":"https:\/\/www.00261.fr\/index.php?rest_route=\/wp\/v2\/media\/390"}],"wp:attachment":[{"href":"https:\/\/www.00261.fr\/index.php?rest_route=%2Fwp%2Fv2%2Fmedia&parent=389"}],"wp:term":[{"taxonomy":"product_brand","embeddable":true,"href":"https:\/\/www.00261.fr\/index.php?rest_route=%2Fwp%2Fv2%2Fproduct_brand&post=389"},{"taxonomy":"product_cat","embeddable":true,"href":"https:\/\/www.00261.fr\/index.php?rest_route=%2Fwp%2Fv2%2Fproduct_cat&post=389"},{"taxonomy":"product_tag","embeddable":true,"href":"https:\/\/www.00261.fr\/index.php?rest_route=%2Fwp%2Fv2%2Fproduct_tag&post=389"}],"curies":[{"name":"wp","href":"https:\/\/api.w.org\/{rel}","templated":true}]}}