{"id":386,"date":"2020-12-20T19:32:09","date_gmt":"2020-12-20T19:32:09","guid":{"rendered":"https:\/\/www.00261.fr\/?post_type=product&#038;p=386"},"modified":"2025-11-05T17:55:03","modified_gmt":"2025-11-05T17:55:03","slug":"curcuma-120-gelules-450-mg","status":"publish","type":"product","link":"https:\/\/www.00261.fr\/?product=curcuma-120-gelules-450-mg","title":{"rendered":"Curcuma (120 g\u00e9lules) 450 mg"},"content":{"rendered":"<p>Composition : 100 % Curcuma de Madagascar<\/p>\n<p>Sachet de 120 g\u00e9lules dos\u00e9es \u00e0 450 mg<\/p>\n<p>Utilisation : 1 \u00e0 2 g\u00e9lules par jour avec un verre d\u2019eau (1 matin, 1 midi)<\/p>\n<p>N\u00b0 du lot<\/p>\n<p>Agr\u00e9ment N\u00b0 :<\/p>\n<p>Bienfaits : Anti-inflamatoire, solage les douleurs musculaires et articulaires, anti-oxydant, soutenir le syst\u00e8me immunitaire\u2026<br \/>\nContre indications : Non destin\u00e9 aux personnes souffrantes d\u2019une hypersensibilit\u00e9 de l\u2019estomac et gastro-intestinales inflammatoires chroniques.<\/p>\n<p>vendeur : SEDIEM<\/p>\n","protected":false},"excerpt":{"rendered":"<p>Curcuma (120 g\u00e9lules) 450 mg<\/p>\n","protected":false},"featured_media":2627,"comment_status":"closed","ping_status":"closed","template":"","meta":{"_seopress_robots_primary_cat":"none","_seopress_titles_title":"","_seopress_titles_desc":"","_seopress_robots_index":""},"product_brand":[],"product_cat":[57,99],"product_tag":[],"class_list":{"0":"post-386","1":"product","2":"type-product","3":"status-publish","4":"has-post-thumbnail","6":"product_cat-complements-alimentaires","7":"product_cat-gelule","9":"first","10":"instock","11":"taxable","12":"shipping-taxable","13":"purchasable","14":"product-type-simple","15":"add-to-wishlist-after_add_to_cart"},"jetpack_sharing_enabled":true,"_links":{"self":[{"href":"https:\/\/www.00261.fr\/index.php?rest_route=\/wp\/v2\/product\/386","targetHints":{"allow":["GET"]}}],"collection":[{"href":"https:\/\/www.00261.fr\/index.php?rest_route=\/wp\/v2\/product"}],"about":[{"href":"https:\/\/www.00261.fr\/index.php?rest_route=\/wp\/v2\/types\/product"}],"replies":[{"embeddable":true,"href":"https:\/\/www.00261.fr\/index.php?rest_route=%2Fwp%2Fv2%2Fcomments&post=386"}],"wp:featuredmedia":[{"embeddable":true,"href":"https:\/\/www.00261.fr\/index.php?rest_route=\/wp\/v2\/media\/2627"}],"wp:attachment":[{"href":"https:\/\/www.00261.fr\/index.php?rest_route=%2Fwp%2Fv2%2Fmedia&parent=386"}],"wp:term":[{"taxonomy":"product_brand","embeddable":true,"href":"https:\/\/www.00261.fr\/index.php?rest_route=%2Fwp%2Fv2%2Fproduct_brand&post=386"},{"taxonomy":"product_cat","embeddable":true,"href":"https:\/\/www.00261.fr\/index.php?rest_route=%2Fwp%2Fv2%2Fproduct_cat&post=386"},{"taxonomy":"product_tag","embeddable":true,"href":"https:\/\/www.00261.fr\/index.php?rest_route=%2Fwp%2Fv2%2Fproduct_tag&post=386"}],"curies":[{"name":"wp","href":"https:\/\/api.w.org\/{rel}","templated":true}]}}