{"id":3840,"date":"2025-10-02T04:47:12","date_gmt":"2025-10-02T04:47:12","guid":{"rendered":"https:\/\/www.00261.fr\/?post_type=product&#038;p=3840"},"modified":"2025-10-02T04:58:13","modified_gmt":"2025-10-02T04:58:13","slug":"salade-cocktail-de-fruits-exotiques","status":"publish","type":"product","link":"https:\/\/www.00261.fr\/?product=salade-cocktail-de-fruits-exotiques","title":{"rendered":"salade cocktail de fruits exotiques"},"content":{"rendered":"<p>DESCRIPTION : salade cocktail de fruits exotiques<\/p>\n<p>Ingr\u00e9dients :\u00a0 fruits exotiques ( ananas, mangues, litchis), sucre, eau, acide citrique<\/p>\n<p>Fabricant : SEDIEM<\/p>\n<p>CONSERVATION : Une fois ouvert, vider le contenu inutilis\u00e9 dans un r\u00e9cipient herm\u00e9tique et non m\u00e9tallique. Conserver au r\u00e9frig\u00e9rateur et consommer dans les 3 jours.<\/p>\n","protected":false},"excerpt":{"rendered":"<p>&nbsp;<\/p>\n<p>salade cocktail de fruits exotiques 400g -SEDIEM<br \/>\nOrigine : Madagascar<\/p>\n","protected":false},"featured_media":3841,"comment_status":"closed","ping_status":"closed","template":"","meta":{"_seopress_robots_primary_cat":"none","_seopress_titles_title":"salade cocktail de fruits exotiques SEDIEM","_seopress_titles_desc":"salade cocktail de fruits exotiques SEDIEM 400g","_seopress_robots_index":""},"product_brand":[104],"product_cat":[100],"product_tag":[],"class_list":{"0":"post-3840","1":"product","2":"type-product","3":"status-publish","4":"has-post-thumbnail","6":"product_brand-sediem","7":"product_cat-conserves","9":"first","10":"instock","11":"featured","12":"taxable","13":"shipping-taxable","14":"purchasable","15":"product-type-simple","16":"add-to-wishlist-after_add_to_cart"},"jetpack_sharing_enabled":true,"_links":{"self":[{"href":"https:\/\/www.00261.fr\/index.php?rest_route=\/wp\/v2\/product\/3840","targetHints":{"allow":["GET"]}}],"collection":[{"href":"https:\/\/www.00261.fr\/index.php?rest_route=\/wp\/v2\/product"}],"about":[{"href":"https:\/\/www.00261.fr\/index.php?rest_route=\/wp\/v2\/types\/product"}],"replies":[{"embeddable":true,"href":"https:\/\/www.00261.fr\/index.php?rest_route=%2Fwp%2Fv2%2Fcomments&post=3840"}],"wp:featuredmedia":[{"embeddable":true,"href":"https:\/\/www.00261.fr\/index.php?rest_route=\/wp\/v2\/media\/3841"}],"wp:attachment":[{"href":"https:\/\/www.00261.fr\/index.php?rest_route=%2Fwp%2Fv2%2Fmedia&parent=3840"}],"wp:term":[{"taxonomy":"product_brand","embeddable":true,"href":"https:\/\/www.00261.fr\/index.php?rest_route=%2Fwp%2Fv2%2Fproduct_brand&post=3840"},{"taxonomy":"product_cat","embeddable":true,"href":"https:\/\/www.00261.fr\/index.php?rest_route=%2Fwp%2Fv2%2Fproduct_cat&post=3840"},{"taxonomy":"product_tag","embeddable":true,"href":"https:\/\/www.00261.fr\/index.php?rest_route=%2Fwp%2Fv2%2Fproduct_tag&post=3840"}],"curies":[{"name":"wp","href":"https:\/\/api.w.org\/{rel}","templated":true}]}}