{"id":3803,"date":"2025-07-16T10:19:11","date_gmt":"2025-07-16T10:19:11","guid":{"rendered":"https:\/\/www.00261.fr\/?post_type=product&#038;p=3803"},"modified":"2026-05-01T20:01:26","modified_gmt":"2026-05-01T20:01:26","slug":"pandalao","status":"publish","type":"product","link":"https:\/\/www.00261.fr\/?product=pandalao","title":{"rendered":"Pandalao"},"content":{"rendered":"<p>Cr\u00e8me d&rsquo;origine de Madagascar, enl\u00e8ve les impuret\u00e9s.<\/p>\n<p>Vendeur : SEDIEM<\/p>\n","protected":false},"excerpt":{"rendered":"<p><img fetchpriority=\"high\" decoding=\"async\" class=\"alignnone size-large wp-image-3804\" src=\"https:\/\/www.00261.fr\/wp-content\/uploads\/2025\/07\/pandalao_vaovao-650x650.png\" alt=\"\" width=\"650\" height=\"650\" srcset=\"https:\/\/i0.wp.com\/www.00261.fr\/wp-content\/uploads\/2025\/07\/pandalao_vaovao.png?resize=650%2C650&amp;ssl=1 650w, https:\/\/i0.wp.com\/www.00261.fr\/wp-content\/uploads\/2025\/07\/pandalao_vaovao.png?resize=200%2C200&amp;ssl=1 200w, https:\/\/i0.wp.com\/www.00261.fr\/wp-content\/uploads\/2025\/07\/pandalao_vaovao.png?resize=768%2C768&amp;ssl=1 768w, https:\/\/i0.wp.com\/www.00261.fr\/wp-content\/uploads\/2025\/07\/pandalao_vaovao.png?resize=241%2C241&amp;ssl=1 241w, https:\/\/i0.wp.com\/www.00261.fr\/wp-content\/uploads\/2025\/07\/pandalao_vaovao.png?resize=530%2C530&amp;ssl=1 530w, https:\/\/i0.wp.com\/www.00261.fr\/wp-content\/uploads\/2025\/07\/pandalao_vaovao.png?resize=100%2C100&amp;ssl=1 100w, https:\/\/i0.wp.com\/www.00261.fr\/wp-content\/uploads\/2025\/07\/pandalao_vaovao.png?resize=600%2C600&amp;ssl=1 600w, https:\/\/i0.wp.com\/www.00261.fr\/wp-content\/uploads\/2025\/07\/pandalao_vaovao.png?resize=96%2C96&amp;ssl=1 96w, https:\/\/i0.wp.com\/www.00261.fr\/wp-content\/uploads\/2025\/07\/pandalao_vaovao.png?w=1080&amp;ssl=1 1080w\" sizes=\"(max-width: 650px) 100vw, 650px\" \/>Pandio : Cr\u00e8me d&rsquo;origine de Madagascar, enl\u00e8ve les impuret\u00e9s.<\/p>\n","protected":false},"featured_media":3804,"comment_status":"closed","ping_status":"closed","template":"","meta":{"_seopress_robots_primary_cat":"none","_seopress_titles_title":"pandalao","_seopress_titles_desc":"","_seopress_robots_index":""},"product_brand":[],"product_cat":[58],"product_tag":[],"class_list":{"0":"post-3803","1":"product","2":"type-product","3":"status-publish","4":"has-post-thumbnail","6":"product_cat-cosmetique","8":"first","9":"outofstock","10":"taxable","11":"shipping-taxable","12":"purchasable","13":"product-type-simple","14":"add-to-wishlist-after_add_to_cart"},"jetpack_sharing_enabled":true,"_links":{"self":[{"href":"https:\/\/www.00261.fr\/index.php?rest_route=\/wp\/v2\/product\/3803","targetHints":{"allow":["GET"]}}],"collection":[{"href":"https:\/\/www.00261.fr\/index.php?rest_route=\/wp\/v2\/product"}],"about":[{"href":"https:\/\/www.00261.fr\/index.php?rest_route=\/wp\/v2\/types\/product"}],"replies":[{"embeddable":true,"href":"https:\/\/www.00261.fr\/index.php?rest_route=%2Fwp%2Fv2%2Fcomments&post=3803"}],"wp:featuredmedia":[{"embeddable":true,"href":"https:\/\/www.00261.fr\/index.php?rest_route=\/wp\/v2\/media\/3804"}],"wp:attachment":[{"href":"https:\/\/www.00261.fr\/index.php?rest_route=%2Fwp%2Fv2%2Fmedia&parent=3803"}],"wp:term":[{"taxonomy":"product_brand","embeddable":true,"href":"https:\/\/www.00261.fr\/index.php?rest_route=%2Fwp%2Fv2%2Fproduct_brand&post=3803"},{"taxonomy":"product_cat","embeddable":true,"href":"https:\/\/www.00261.fr\/index.php?rest_route=%2Fwp%2Fv2%2Fproduct_cat&post=3803"},{"taxonomy":"product_tag","embeddable":true,"href":"https:\/\/www.00261.fr\/index.php?rest_route=%2Fwp%2Fv2%2Fproduct_tag&post=3803"}],"curies":[{"name":"wp","href":"https:\/\/api.w.org\/{rel}","templated":true}]}}