{"id":3772,"date":"2025-06-15T10:01:23","date_gmt":"2025-06-15T10:01:23","guid":{"rendered":"https:\/\/www.00261.fr\/?post_type=product&#038;p=3772"},"modified":"2025-06-15T10:02:47","modified_gmt":"2025-06-15T10:02:47","slug":"brede-sauvage-anamadinika-800g-sediem","status":"publish","type":"product","link":"https:\/\/www.00261.fr\/?product=brede-sauvage-anamadinika-800g-sediem","title":{"rendered":"Br\u00e8de sauvage -Anamadinika 800g &#8211; SEDIEM"},"content":{"rendered":"<div data-pane-id=\"1\">\n<p>Ingr\u00e9dients\u00a0: \u00a0Anamadinika 52% (br\u00e8des sauvages), eau sel. Pr\u00e9paration avec 52 g de l\u00e9gume pour 100g.<\/p>\n<p>&nbsp;<\/p>\n<p>&nbsp;<\/p>\n<p>Origine\u00a0: Madagascar<\/p>\n<p>&nbsp;<\/p>\n<p>&nbsp;<\/p>\n<p>&nbsp;<\/p>\n<p>Valeurs nutritionnelles moyennes pour 100g<\/p>\n<p>Energie 54 kj(13kcal)<\/p>\n<p>Matieres\u00a0 grasses\u00a0: 0,7g<\/p>\n<p>Dont acides grasses satur\u00e9es 0g<\/p>\n<p>Glucides\u00a0: 0g<\/p>\n<p>Dont sucre 0g<\/p>\n<p>Fibres\u00a0:\u00a0 1.4g<\/p>\n<p>Prot\u00e9ines\u00a0: 1.2g<\/p>\n<p>Sel\u00a0: 0.8 g<\/p>\n<p><span class=\"PBLongTxt PBItemDesc ng-scope ng-isolate-scope c-app-product-tabs c-app-product-tabs--tabs c-app-product-tabs--horizontal c-app-product-tabs--left\"><br class=\"ng-scope\" \/><b class=\"ng-scope\">CONSERVATION : <\/b><span class=\"ng-scope\">Une fois ouvert, vider le contenu inutilis\u00e9 dans un r\u00e9cipient herm\u00e9tique et non m\u00e9tallique. Conserver au r\u00e9frig\u00e9rateur et consommer dans les 3 jours.<\/span><br class=\"ng-scope\" \/><\/span><\/p>\n<\/div>\n<div data-pane-id=\"1\"><\/div>\n<p>&nbsp;<\/p>\n<div data-pane-id=\"1\"><\/div>\n","protected":false},"excerpt":{"rendered":"<p>Br\u00e8de sauvage -Anamadinika 800g &#8211; SEDIEM<br \/>\nOrigine : Madagascar<\/p>\n","protected":false},"featured_media":3751,"comment_status":"closed","ping_status":"closed","template":"","meta":{"_seopress_robots_primary_cat":"none","_seopress_titles_title":"Br\u00e8de sauvage -Anamadinika 400g - SEDIEM","_seopress_titles_desc":"Br\u00e8de sauvage -Anamadinika 800g - SEDIEM","_seopress_robots_index":""},"product_brand":[104],"product_cat":[100],"product_tag":[],"class_list":{"0":"post-3772","1":"product","2":"type-product","3":"status-publish","4":"has-post-thumbnail","6":"product_brand-sediem","7":"product_cat-conserves","9":"first","10":"instock","11":"featured","12":"taxable","13":"shipping-taxable","14":"purchasable","15":"product-type-simple","16":"add-to-wishlist-after_add_to_cart"},"jetpack_sharing_enabled":true,"_links":{"self":[{"href":"https:\/\/www.00261.fr\/index.php?rest_route=\/wp\/v2\/product\/3772","targetHints":{"allow":["GET"]}}],"collection":[{"href":"https:\/\/www.00261.fr\/index.php?rest_route=\/wp\/v2\/product"}],"about":[{"href":"https:\/\/www.00261.fr\/index.php?rest_route=\/wp\/v2\/types\/product"}],"replies":[{"embeddable":true,"href":"https:\/\/www.00261.fr\/index.php?rest_route=%2Fwp%2Fv2%2Fcomments&post=3772"}],"wp:featuredmedia":[{"embeddable":true,"href":"https:\/\/www.00261.fr\/index.php?rest_route=\/wp\/v2\/media\/3751"}],"wp:attachment":[{"href":"https:\/\/www.00261.fr\/index.php?rest_route=%2Fwp%2Fv2%2Fmedia&parent=3772"}],"wp:term":[{"taxonomy":"product_brand","embeddable":true,"href":"https:\/\/www.00261.fr\/index.php?rest_route=%2Fwp%2Fv2%2Fproduct_brand&post=3772"},{"taxonomy":"product_cat","embeddable":true,"href":"https:\/\/www.00261.fr\/index.php?rest_route=%2Fwp%2Fv2%2Fproduct_cat&post=3772"},{"taxonomy":"product_tag","embeddable":true,"href":"https:\/\/www.00261.fr\/index.php?rest_route=%2Fwp%2Fv2%2Fproduct_tag&post=3772"}],"curies":[{"name":"wp","href":"https:\/\/api.w.org\/{rel}","templated":true}]}}