{"id":3766,"date":"2025-06-15T09:14:24","date_gmt":"2025-06-15T09:14:24","guid":{"rendered":"https:\/\/www.00261.fr\/?post_type=product&#038;p=3766"},"modified":"2025-06-15T09:28:07","modified_gmt":"2025-06-15T09:28:07","slug":"ravimbomanga-800g-sediem-feuille-de-patate-douce-copie","status":"publish","type":"product","link":"https:\/\/www.00261.fr\/?product=ravimbomanga-800g-sediem-feuille-de-patate-douce-copie","title":{"rendered":"Ravimbomanga 800g -SEDIEM (feuille de patate douce)"},"content":{"rendered":"<p>Ingr\u00e9dients\u00a0: feuille de patate douce, eau sel.<\/p>\n<p>&nbsp;<\/p>\n<p>&nbsp;<\/p>\n<p>Origine\u00a0: Madagascar<\/p>\n<p>&nbsp;<\/p>\n<p>&nbsp;<\/p>\n<p>Valeur nutritionnelle pour 100 g<\/p>\n<p>Energie\u00a060kj\/\u00a014.34kcal<\/p>\n<p>Mati\u00e8re grasses\u00a00.7 g<\/p>\n<p>Dont Acides gras satur\u00e9s\u00a00g<\/p>\n<p>Glucides\u00a00g<\/p>\n<p>Dont Sucres\u00a00g<\/p>\n<p>Fibres alimentaires 1.4g<\/p>\n<p>Prot\u00e9ines &lt;\u00a01.1g<\/p>\n<p>Sel\u00a0:\u00a01 g<\/p>\n<p>&nbsp;<\/p>\n<p>Conservation\u00a0: Apr\u00e8s ouverture, doit \u00eatre conserv\u00e9 au r\u00e9frig\u00e9rateur et consomm\u00e9 rapidement.<\/p>\n","protected":false},"excerpt":{"rendered":"<p>Feuille de patate douce -Ravimbomanga 800g &#8211; SEDIEM<br \/>\nOrigine : Madagascar<\/p>\n","protected":false},"featured_media":3767,"comment_status":"closed","ping_status":"closed","template":"","meta":{"_seopress_robots_primary_cat":"none","_seopress_titles_title":"Feuille de patate douce Ravimbomanga 800g -SEDIEM","_seopress_titles_desc":"Feuille de patate douce Ravimbomanga 800g -SEDIEM","_seopress_robots_index":""},"product_brand":[104],"product_cat":[100],"product_tag":[],"class_list":{"0":"post-3766","1":"product","2":"type-product","3":"status-publish","4":"has-post-thumbnail","6":"product_brand-sediem","7":"product_cat-conserves","9":"first","10":"instock","11":"featured","12":"taxable","13":"shipping-taxable","14":"purchasable","15":"product-type-simple","16":"add-to-wishlist-after_add_to_cart"},"jetpack_sharing_enabled":true,"_links":{"self":[{"href":"https:\/\/www.00261.fr\/index.php?rest_route=\/wp\/v2\/product\/3766","targetHints":{"allow":["GET"]}}],"collection":[{"href":"https:\/\/www.00261.fr\/index.php?rest_route=\/wp\/v2\/product"}],"about":[{"href":"https:\/\/www.00261.fr\/index.php?rest_route=\/wp\/v2\/types\/product"}],"replies":[{"embeddable":true,"href":"https:\/\/www.00261.fr\/index.php?rest_route=%2Fwp%2Fv2%2Fcomments&post=3766"}],"wp:featuredmedia":[{"embeddable":true,"href":"https:\/\/www.00261.fr\/index.php?rest_route=\/wp\/v2\/media\/3767"}],"wp:attachment":[{"href":"https:\/\/www.00261.fr\/index.php?rest_route=%2Fwp%2Fv2%2Fmedia&parent=3766"}],"wp:term":[{"taxonomy":"product_brand","embeddable":true,"href":"https:\/\/www.00261.fr\/index.php?rest_route=%2Fwp%2Fv2%2Fproduct_brand&post=3766"},{"taxonomy":"product_cat","embeddable":true,"href":"https:\/\/www.00261.fr\/index.php?rest_route=%2Fwp%2Fv2%2Fproduct_cat&post=3766"},{"taxonomy":"product_tag","embeddable":true,"href":"https:\/\/www.00261.fr\/index.php?rest_route=%2Fwp%2Fv2%2Fproduct_tag&post=3766"}],"curies":[{"name":"wp","href":"https:\/\/api.w.org\/{rel}","templated":true}]}}