{"id":376,"date":"2020-12-20T10:59:14","date_gmt":"2020-12-20T10:59:14","guid":{"rendered":"https:\/\/www.00261.fr\/?post_type=product&#038;p=376"},"modified":"2026-01-21T12:20:18","modified_gmt":"2026-01-21T12:20:18","slug":"gelule-corossol-120-270mg","status":"publish","type":"product","link":"https:\/\/www.00261.fr\/?product=gelule-corossol-120-270mg","title":{"rendered":"G\u00e9lule corossol 120 (270mg)"},"content":{"rendered":"<p>Composition : 100 % de feuilles de Graviola Corossol de Madagascar<\/p>\n<p>Sachet de 120 g\u00e9lules dos\u00e9es \u00e0 270 mg<\/p>\n<p>Utilisation : Pour les adultes, Prendre 2 fois par jour \u00e0 jeun. Tenir hors de port\u00e9e des enfants.<\/p>\n<p>Bienfaits : Antioxydant, Stimulation du syst\u00e8me immunitaire, trouble sommeil et digestifs, d\u00e9tox de l\u2019organisme.<\/p>\n<p>vendeur : SEDIEM<\/p>\n","protected":false},"excerpt":{"rendered":"<p>G\u00e9lule Corossol 120 (270mg)<\/p>\n","protected":false},"featured_media":2628,"comment_status":"closed","ping_status":"closed","template":"","meta":{"_seopress_robots_primary_cat":"none","_seopress_titles_title":"","_seopress_titles_desc":"","_seopress_robots_index":""},"product_brand":[],"product_cat":[57,99],"product_tag":[],"class_list":{"0":"post-376","1":"product","2":"type-product","3":"status-publish","4":"has-post-thumbnail","6":"product_cat-complements-alimentaires","7":"product_cat-gelule","9":"first","10":"instock","11":"taxable","12":"shipping-taxable","13":"purchasable","14":"product-type-simple","15":"add-to-wishlist-after_add_to_cart"},"jetpack_sharing_enabled":true,"_links":{"self":[{"href":"https:\/\/www.00261.fr\/index.php?rest_route=\/wp\/v2\/product\/376","targetHints":{"allow":["GET"]}}],"collection":[{"href":"https:\/\/www.00261.fr\/index.php?rest_route=\/wp\/v2\/product"}],"about":[{"href":"https:\/\/www.00261.fr\/index.php?rest_route=\/wp\/v2\/types\/product"}],"replies":[{"embeddable":true,"href":"https:\/\/www.00261.fr\/index.php?rest_route=%2Fwp%2Fv2%2Fcomments&post=376"}],"wp:featuredmedia":[{"embeddable":true,"href":"https:\/\/www.00261.fr\/index.php?rest_route=\/wp\/v2\/media\/2628"}],"wp:attachment":[{"href":"https:\/\/www.00261.fr\/index.php?rest_route=%2Fwp%2Fv2%2Fmedia&parent=376"}],"wp:term":[{"taxonomy":"product_brand","embeddable":true,"href":"https:\/\/www.00261.fr\/index.php?rest_route=%2Fwp%2Fv2%2Fproduct_brand&post=376"},{"taxonomy":"product_cat","embeddable":true,"href":"https:\/\/www.00261.fr\/index.php?rest_route=%2Fwp%2Fv2%2Fproduct_cat&post=376"},{"taxonomy":"product_tag","embeddable":true,"href":"https:\/\/www.00261.fr\/index.php?rest_route=%2Fwp%2Fv2%2Fproduct_tag&post=376"}],"curies":[{"name":"wp","href":"https:\/\/api.w.org\/{rel}","templated":true}]}}