{"id":3726,"date":"2025-06-10T07:07:16","date_gmt":"2025-06-10T07:07:16","guid":{"rendered":"https:\/\/www.00261.fr\/?post_type=product&#038;p=3726"},"modified":"2025-10-13T10:54:45","modified_gmt":"2025-10-13T10:54:45","slug":"ravitoto-sediem-feuille-de-manioc-pile","status":"publish","type":"product","link":"https:\/\/www.00261.fr\/?product=ravitoto-sediem-feuille-de-manioc-pile","title":{"rendered":"Ravitoto &#8211; feuille de manioc pil\u00e9 SEDIEM 800g"},"content":{"rendered":"<p><img data-recalc-dims=\"1\" fetchpriority=\"high\" decoding=\"async\" class=\"alignnone size-full wp-image-3727\" src=\"https:\/\/i0.wp.com\/www.00261.fr\/wp-content\/uploads\/2025\/06\/ravitoto_final.png?resize=500%2C500&#038;ssl=1\" alt=\"\" width=\"500\" height=\"500\" srcset=\"https:\/\/i0.wp.com\/www.00261.fr\/wp-content\/uploads\/2025\/06\/ravitoto_final.png?w=500&amp;ssl=1 500w, https:\/\/i0.wp.com\/www.00261.fr\/wp-content\/uploads\/2025\/06\/ravitoto_final.png?resize=200%2C200&amp;ssl=1 200w, https:\/\/i0.wp.com\/www.00261.fr\/wp-content\/uploads\/2025\/06\/ravitoto_final.png?resize=241%2C241&amp;ssl=1 241w, https:\/\/i0.wp.com\/www.00261.fr\/wp-content\/uploads\/2025\/06\/ravitoto_final.png?resize=100%2C100&amp;ssl=1 100w, https:\/\/i0.wp.com\/www.00261.fr\/wp-content\/uploads\/2025\/06\/ravitoto_final.png?resize=96%2C96&amp;ssl=1 96w\" sizes=\"(max-width: 500px) 100vw, 500px\" \/>Pr\u00e9paration \u00e0 base de feuilles de manioc en conserve<br \/>\nDESCRIPTION : Jeunes feuilles de manioc,<\/p>\n<p>Igredients : Jeunes feuilles de manioc, eau, sel<\/p>\n<p>Fabricant : SEDIEM<\/p>\n<p>CONSERVATION : Une fois ouvert, vider le contenu inutilis\u00e9 dans un r\u00e9cipient herm\u00e9tique et non m\u00e9tallique. Conserver au r\u00e9frig\u00e9rateur et consommer dans les 3 jours.<\/p>\n","protected":false},"excerpt":{"rendered":"<p><img fetchpriority=\"high\" decoding=\"async\" class=\"alignnone size-full wp-image-3727\" src=\"https:\/\/www.00261.fr\/wp-content\/uploads\/2025\/06\/ravitoto_final.png\" alt=\"\" width=\"500\" height=\"500\" srcset=\"https:\/\/i0.wp.com\/www.00261.fr\/wp-content\/uploads\/2025\/06\/ravitoto_final.png?w=500&amp;ssl=1 500w, https:\/\/i0.wp.com\/www.00261.fr\/wp-content\/uploads\/2025\/06\/ravitoto_final.png?resize=200%2C200&amp;ssl=1 200w, https:\/\/i0.wp.com\/www.00261.fr\/wp-content\/uploads\/2025\/06\/ravitoto_final.png?resize=241%2C241&amp;ssl=1 241w, https:\/\/i0.wp.com\/www.00261.fr\/wp-content\/uploads\/2025\/06\/ravitoto_final.png?resize=100%2C100&amp;ssl=1 100w, https:\/\/i0.wp.com\/www.00261.fr\/wp-content\/uploads\/2025\/06\/ravitoto_final.png?resize=96%2C96&amp;ssl=1 96w\" sizes=\"(max-width: 500px) 100vw, 500px\" \/><\/p>\n<p>Ravitoto 860g &#8211; Codal<br \/>\nOrigine : Madagascar<\/p>\n","protected":false},"featured_media":3748,"comment_status":"closed","ping_status":"closed","template":"","meta":{"_seopress_robots_primary_cat":"none","_seopress_titles_title":"Ravitoto SEDIEM -feuille de manioc pil\u00e9","_seopress_titles_desc":"Ravitoto SEDIEM -feuille de manioc pil\u00e9- aliment Malgache et africain","_seopress_robots_index":""},"product_brand":[],"product_cat":[100,56],"product_tag":[],"class_list":{"0":"post-3726","1":"product","2":"type-product","3":"status-publish","4":"has-post-thumbnail","6":"product_cat-conserves","7":"product_cat-epicerie","9":"first","10":"instock","11":"featured","12":"taxable","13":"shipping-taxable","14":"purchasable","15":"product-type-simple","16":"add-to-wishlist-after_add_to_cart"},"jetpack_sharing_enabled":true,"_links":{"self":[{"href":"https:\/\/www.00261.fr\/index.php?rest_route=\/wp\/v2\/product\/3726","targetHints":{"allow":["GET"]}}],"collection":[{"href":"https:\/\/www.00261.fr\/index.php?rest_route=\/wp\/v2\/product"}],"about":[{"href":"https:\/\/www.00261.fr\/index.php?rest_route=\/wp\/v2\/types\/product"}],"replies":[{"embeddable":true,"href":"https:\/\/www.00261.fr\/index.php?rest_route=%2Fwp%2Fv2%2Fcomments&post=3726"}],"wp:featuredmedia":[{"embeddable":true,"href":"https:\/\/www.00261.fr\/index.php?rest_route=\/wp\/v2\/media\/3748"}],"wp:attachment":[{"href":"https:\/\/www.00261.fr\/index.php?rest_route=%2Fwp%2Fv2%2Fmedia&parent=3726"}],"wp:term":[{"taxonomy":"product_brand","embeddable":true,"href":"https:\/\/www.00261.fr\/index.php?rest_route=%2Fwp%2Fv2%2Fproduct_brand&post=3726"},{"taxonomy":"product_cat","embeddable":true,"href":"https:\/\/www.00261.fr\/index.php?rest_route=%2Fwp%2Fv2%2Fproduct_cat&post=3726"},{"taxonomy":"product_tag","embeddable":true,"href":"https:\/\/www.00261.fr\/index.php?rest_route=%2Fwp%2Fv2%2Fproduct_tag&post=3726"}],"curies":[{"name":"wp","href":"https:\/\/api.w.org\/{rel}","templated":true}]}}