{"id":370,"date":"2020-12-20T10:33:38","date_gmt":"2020-12-20T10:33:38","guid":{"rendered":"https:\/\/www.00261.fr\/?post_type=product&#038;p=370"},"modified":"2025-10-25T18:24:40","modified_gmt":"2025-10-25T18:24:40","slug":"calcium-masy","status":"publish","type":"product","link":"https:\/\/www.00261.fr\/?product=calcium-masy","title":{"rendered":"Calcium masy"},"content":{"rendered":"<p>Packging ; 100 gr<\/p>\n<p>Propri\u00e9t\u00e9 : Apport cacique et vitaminique<\/p>\n<p>Composition : \u00ab\u00a0MASY\u00a0\u00bb est prepar\u00e9 \u00e0 partir des aliments malgaches riches en calcium naturel assimilable<\/p>\n<p>Indications :<\/p>\n<p>Celles de la calcith\u00e9rapie<br \/>\nHypocalc\u00e9mie<br \/>\nT\u00e9tanie hypocalc\u00e9nique<br \/>\nRachitisme hypoclac\u00e9mique<\/p>\n<p>Posologie et mode d&#8217;emploi<\/p>\n<p>Adultes : 1 Cuill\u00e9r\u00e9e \u00e0 soupe par jour<br \/>\nEnfants : 1 Cuill\u00e9r\u00e9e \u00e0 caf\u00e9 par jour<br \/>\nDissoudre dans l&rsquo;eau ou lait ou Yaourt<\/p>\n<p>Contre indication<\/p>\n<p>Hypercalc\u00e9mie<br \/>\nLithiasse calcique, urique et oxalique<\/p>\n<p>Condition particuli\u00e8re de conservation<\/p>\n<p>vendeur : SEDIEM<\/p>\n","protected":false},"excerpt":{"rendered":"<p>Packging ; 100 gr Propri\u00e9t\u00e9 : Apport cacique et vitaminique Composition : \u00ab\u00a0MASY\u00a0\u00bb est prepar\u00e9 \u00e0 partir des aliments malgaches riches en calcium naturel assimilable Indications : Celles de la calcith\u00e9rapie Hypocalc\u00e9mie T\u00e9tanie hypocalc\u00e9nique Rachitisme hypoclac\u00e9mique Posologie et mode d&#8217;emploi Adultes : 1 Cuill\u00e9r\u00e9e \u00e0 soupe par jour Enfants : 1 Cuill\u00e9r\u00e9e \u00e0 caf\u00e9 par [&hellip;]<\/p>\n","protected":false},"featured_media":371,"comment_status":"closed","ping_status":"closed","template":"","meta":{"_seopress_robots_primary_cat":"none","_seopress_titles_title":"","_seopress_titles_desc":"","_seopress_robots_index":""},"product_brand":[],"product_cat":[57],"product_tag":[84],"class_list":{"0":"post-370","1":"product","2":"type-product","3":"status-publish","4":"has-post-thumbnail","6":"product_cat-complements-alimentaires","7":"product_tag-calcium","9":"first","10":"instock","11":"taxable","12":"shipping-taxable","13":"purchasable","14":"product-type-simple","15":"add-to-wishlist-after_add_to_cart"},"jetpack_sharing_enabled":true,"_links":{"self":[{"href":"https:\/\/www.00261.fr\/index.php?rest_route=\/wp\/v2\/product\/370","targetHints":{"allow":["GET"]}}],"collection":[{"href":"https:\/\/www.00261.fr\/index.php?rest_route=\/wp\/v2\/product"}],"about":[{"href":"https:\/\/www.00261.fr\/index.php?rest_route=\/wp\/v2\/types\/product"}],"replies":[{"embeddable":true,"href":"https:\/\/www.00261.fr\/index.php?rest_route=%2Fwp%2Fv2%2Fcomments&post=370"}],"wp:featuredmedia":[{"embeddable":true,"href":"https:\/\/www.00261.fr\/index.php?rest_route=\/wp\/v2\/media\/371"}],"wp:attachment":[{"href":"https:\/\/www.00261.fr\/index.php?rest_route=%2Fwp%2Fv2%2Fmedia&parent=370"}],"wp:term":[{"taxonomy":"product_brand","embeddable":true,"href":"https:\/\/www.00261.fr\/index.php?rest_route=%2Fwp%2Fv2%2Fproduct_brand&post=370"},{"taxonomy":"product_cat","embeddable":true,"href":"https:\/\/www.00261.fr\/index.php?rest_route=%2Fwp%2Fv2%2Fproduct_cat&post=370"},{"taxonomy":"product_tag","embeddable":true,"href":"https:\/\/www.00261.fr\/index.php?rest_route=%2Fwp%2Fv2%2Fproduct_tag&post=370"}],"curies":[{"name":"wp","href":"https:\/\/api.w.org\/{rel}","templated":true}]}}