{"id":329,"date":"2020-11-26T17:00:50","date_gmt":"2020-11-26T17:00:50","guid":{"rendered":"https:\/\/www.00261.fr\/?post_type=product&#038;p=329"},"modified":"2025-11-08T18:48:37","modified_gmt":"2025-11-08T18:48:37","slug":"panier","status":"publish","type":"product","link":"https:\/\/www.00261.fr\/?product=panier","title":{"rendered":"Fanazava"},"content":{"rendered":"<p>Forme et pr\u00e9sentation<br \/>\nBo\u00eete de 7 infusettes<br \/>\nPropri\u00e9t\u00e9s<br \/>\nExcellente infusion pouvant remplacer avantageusement le th\u00e9, son action est diur\u00e9tique, d\u00e9toxifiante, d\u00e9stressante. Particuli\u00e8rement efficace dans les troubles et insuffisance r\u00e9nales. Ce phytom\u00e9dicament am\u00e9liore les conditions circulatoires, favorise l\u2019\u00e9limination des toxines et d\u00e9chets cellulaires. Il poss\u00e8de aussi une action stomachique.<\/p>\n<p>Composition -Apholoia theaeformis -Cimbopogon citratus -Cassia occidentalis -Eucalyptus citriodora Indications -Troubles circulatoires : Am\u00e9liore la circulation dans le cas de varices, jambes lourdes, fragilit\u00e9s capillaire -Insuffisance r\u00e9nale \u00e0 diur\u00e8se conserv\u00e9e, albuminurie -Traitement adjuvant dans la prise en charge de la goutte et des ict\u00e8res occasionn\u00e9s par des h\u00e9patites virales<\/p>\n<p>Posolosie et mode d&#8217;emploi<\/p>\n<p>1 infusette de 5g dans 1,5 l d\u2019eau bouillante pendant 10 minutes -Repartir en plusieurs prises dans la journ\u00e9e. -Pr\u00e9parer chaque jour avant usage<\/p>\n<p>Contre-indications<\/p>\n<p>Femme enceinte, allaitante, hypokali\u00e9mie. Mise en garde et pr\u00e9caution d\u2019emploi Il est recommand\u00e9 de prendre une banane par jour pendant le traitement, sauf en cas de diab\u00e8te. Go\u00fbt l\u00e9g\u00e8rement amer qui peut \u00eatre corrig\u00e9 avec du miel Condition particuli\u00e8re de conservation : A l\u2019 abri de l\u2019humidit\u00e9<\/p>\n<p>vendeur : Sediem<\/p>\n","protected":false},"excerpt":{"rendered":"<p>Propri\u00e9t\u00e9s<br \/>\nExcellente infusion pouvant remplacer avantageusement le th\u00e9, son action est diur\u00e9tique, d\u00e9toxifiante, d\u00e9stressante. Particuli\u00e8rement efficace dans les troubles et insuffisance r\u00e9nales. Ce phytom\u00e9dicament am\u00e9liore les conditions circulatoires, favorise l\u2019\u00e9limination des toxines et d\u00e9chets cellulaires. Il poss\u00e8de aussi une action stomachique.<\/p>\n","protected":false},"featured_media":357,"comment_status":"closed","ping_status":"closed","template":"","meta":{"_seopress_robots_primary_cat":"","_seopress_titles_title":"","_seopress_titles_desc":"","_seopress_robots_index":""},"product_brand":[],"product_cat":[57],"product_tag":[],"class_list":{"0":"post-329","1":"product","2":"type-product","3":"status-publish","4":"has-post-thumbnail","6":"product_cat-complements-alimentaires","8":"first","9":"instock","10":"taxable","11":"shipping-taxable","12":"purchasable","13":"product-type-simple","14":"add-to-wishlist-after_add_to_cart"},"jetpack_sharing_enabled":true,"_links":{"self":[{"href":"https:\/\/www.00261.fr\/index.php?rest_route=\/wp\/v2\/product\/329","targetHints":{"allow":["GET"]}}],"collection":[{"href":"https:\/\/www.00261.fr\/index.php?rest_route=\/wp\/v2\/product"}],"about":[{"href":"https:\/\/www.00261.fr\/index.php?rest_route=\/wp\/v2\/types\/product"}],"replies":[{"embeddable":true,"href":"https:\/\/www.00261.fr\/index.php?rest_route=%2Fwp%2Fv2%2Fcomments&post=329"}],"wp:featuredmedia":[{"embeddable":true,"href":"https:\/\/www.00261.fr\/index.php?rest_route=\/wp\/v2\/media\/357"}],"wp:attachment":[{"href":"https:\/\/www.00261.fr\/index.php?rest_route=%2Fwp%2Fv2%2Fmedia&parent=329"}],"wp:term":[{"taxonomy":"product_brand","embeddable":true,"href":"https:\/\/www.00261.fr\/index.php?rest_route=%2Fwp%2Fv2%2Fproduct_brand&post=329"},{"taxonomy":"product_cat","embeddable":true,"href":"https:\/\/www.00261.fr\/index.php?rest_route=%2Fwp%2Fv2%2Fproduct_cat&post=329"},{"taxonomy":"product_tag","embeddable":true,"href":"https:\/\/www.00261.fr\/index.php?rest_route=%2Fwp%2Fv2%2Fproduct_tag&post=329"}],"curies":[{"name":"wp","href":"https:\/\/api.w.org\/{rel}","templated":true}]}}