{"id":2942,"date":"2022-05-22T17:30:47","date_gmt":"2022-05-22T17:30:47","guid":{"rendered":"https:\/\/www.00261.fr\/?post_type=product&#038;p=2942"},"modified":"2025-10-25T16:32:55","modified_gmt":"2025-10-25T16:32:55","slug":"tisane-thym-et-menthe","status":"publish","type":"product","link":"https:\/\/www.00261.fr\/?product=tisane-thym-et-menthe","title":{"rendered":"Tisane thym et menthe"},"content":{"rendered":"<p>Tisane thym et menthe<\/p>\n<p>Composition\u00a0:\u00a0 thym 50%, menthe 50%<\/p>\n<p>Origine\u00a0: Madagascar<\/p>\n<p>Indication\u00a0: la menthe aide \u00e0 la digestion, le thym abaisse le gorges irrit\u00e9s et d\u00e9gage les voies respiratoires.<\/p>\n<p>Utilisation : Laisser infuser 5 mn dans l\u2019eau port\u00e9e \u00e0 \u00e9bullition.<\/p>\n<p>&nbsp;<\/p>\n","protected":false},"excerpt":{"rendered":"<p>Tisane solila menthe<\/p>\n<p>Origine : Madagascar<\/p>\n<p>Poids :20 grms<\/p>\n","protected":false},"featured_media":2939,"comment_status":"closed","ping_status":"closed","template":"","meta":{"_seopress_robots_primary_cat":"none","_seopress_titles_title":"","_seopress_titles_desc":"","_seopress_robots_index":""},"product_brand":[],"product_cat":[56,77],"product_tag":[],"class_list":{"0":"post-2942","1":"product","2":"type-product","3":"status-publish","4":"has-post-thumbnail","6":"product_cat-epicerie","7":"product_cat-parapharmacie","9":"first","10":"outofstock","11":"featured","12":"taxable","13":"shipping-taxable","14":"purchasable","15":"product-type-simple","16":"add-to-wishlist-after_add_to_cart"},"jetpack_sharing_enabled":true,"_links":{"self":[{"href":"https:\/\/www.00261.fr\/index.php?rest_route=\/wp\/v2\/product\/2942","targetHints":{"allow":["GET"]}}],"collection":[{"href":"https:\/\/www.00261.fr\/index.php?rest_route=\/wp\/v2\/product"}],"about":[{"href":"https:\/\/www.00261.fr\/index.php?rest_route=\/wp\/v2\/types\/product"}],"replies":[{"embeddable":true,"href":"https:\/\/www.00261.fr\/index.php?rest_route=%2Fwp%2Fv2%2Fcomments&post=2942"}],"wp:featuredmedia":[{"embeddable":true,"href":"https:\/\/www.00261.fr\/index.php?rest_route=\/wp\/v2\/media\/2939"}],"wp:attachment":[{"href":"https:\/\/www.00261.fr\/index.php?rest_route=%2Fwp%2Fv2%2Fmedia&parent=2942"}],"wp:term":[{"taxonomy":"product_brand","embeddable":true,"href":"https:\/\/www.00261.fr\/index.php?rest_route=%2Fwp%2Fv2%2Fproduct_brand&post=2942"},{"taxonomy":"product_cat","embeddable":true,"href":"https:\/\/www.00261.fr\/index.php?rest_route=%2Fwp%2Fv2%2Fproduct_cat&post=2942"},{"taxonomy":"product_tag","embeddable":true,"href":"https:\/\/www.00261.fr\/index.php?rest_route=%2Fwp%2Fv2%2Fproduct_tag&post=2942"}],"curies":[{"name":"wp","href":"https:\/\/api.w.org\/{rel}","templated":true}]}}