{"id":2937,"date":"2022-05-22T17:19:51","date_gmt":"2022-05-22T17:19:51","guid":{"rendered":"https:\/\/www.00261.fr\/?post_type=product&#038;p=2937"},"modified":"2025-10-25T16:34:21","modified_gmt":"2025-10-25T16:34:21","slug":"tisane-solila-menthe","status":"publish","type":"product","link":"https:\/\/www.00261.fr\/?product=tisane-solila-menthe","title":{"rendered":"Tisane solila menthe"},"content":{"rendered":"<p>Tisane solila menthe<\/p>\n<p>Composition\u00a0:\u00a0 100% menthe de Madagascar.<\/p>\n<p>Indication\u00a0: trouble digestif, trouble urinaire, toux, rhume, antidouleur.<\/p>\n<p>Utilisation\u00a0: Laisser infuser 5 mn dans l\u2019eau port\u00e9e \u00e0 \u00e9bullition.<\/p>\n<p>Origine : Madagascar<\/p>\n<p>&nbsp;<\/p>\n","protected":false},"excerpt":{"rendered":"<p>Tisane solila menthe<\/p>\n<p>Origine : Madagascar<\/p>\n<p>Poids :20 grms<\/p>\n","protected":false},"featured_media":2940,"comment_status":"closed","ping_status":"closed","template":"","meta":{"_seopress_robots_primary_cat":"none","_seopress_titles_title":"","_seopress_titles_desc":"","_seopress_robots_index":""},"product_brand":[],"product_cat":[56,77],"product_tag":[],"class_list":{"0":"post-2937","1":"product","2":"type-product","3":"status-publish","4":"has-post-thumbnail","6":"product_cat-epicerie","7":"product_cat-parapharmacie","9":"first","10":"instock","11":"featured","12":"taxable","13":"shipping-taxable","14":"purchasable","15":"product-type-simple","16":"add-to-wishlist-after_add_to_cart"},"jetpack_sharing_enabled":true,"_links":{"self":[{"href":"https:\/\/www.00261.fr\/index.php?rest_route=\/wp\/v2\/product\/2937","targetHints":{"allow":["GET"]}}],"collection":[{"href":"https:\/\/www.00261.fr\/index.php?rest_route=\/wp\/v2\/product"}],"about":[{"href":"https:\/\/www.00261.fr\/index.php?rest_route=\/wp\/v2\/types\/product"}],"replies":[{"embeddable":true,"href":"https:\/\/www.00261.fr\/index.php?rest_route=%2Fwp%2Fv2%2Fcomments&post=2937"}],"wp:featuredmedia":[{"embeddable":true,"href":"https:\/\/www.00261.fr\/index.php?rest_route=\/wp\/v2\/media\/2940"}],"wp:attachment":[{"href":"https:\/\/www.00261.fr\/index.php?rest_route=%2Fwp%2Fv2%2Fmedia&parent=2937"}],"wp:term":[{"taxonomy":"product_brand","embeddable":true,"href":"https:\/\/www.00261.fr\/index.php?rest_route=%2Fwp%2Fv2%2Fproduct_brand&post=2937"},{"taxonomy":"product_cat","embeddable":true,"href":"https:\/\/www.00261.fr\/index.php?rest_route=%2Fwp%2Fv2%2Fproduct_cat&post=2937"},{"taxonomy":"product_tag","embeddable":true,"href":"https:\/\/www.00261.fr\/index.php?rest_route=%2Fwp%2Fv2%2Fproduct_tag&post=2937"}],"curies":[{"name":"wp","href":"https:\/\/api.w.org\/{rel}","templated":true}]}}