{"id":2563,"date":"2022-01-08T04:13:03","date_gmt":"2022-01-08T04:13:03","guid":{"rendered":"https:\/\/www.00261.fr\/?post_type=product&#038;p=2563"},"modified":"2024-05-31T10:12:17","modified_gmt":"2024-05-31T10:12:17","slug":"baume-antiviral","status":"publish","type":"product","link":"https:\/\/www.00261.fr\/?product=baume-antiviral","title":{"rendered":"Baume antiviral"},"content":{"rendered":"<p>Pr\u00e9sentation : Pot<\/p>\n<p>Propri\u00e9t\u00e9s:<\/p>\n<p>Anti-infectieux , Antiviral.<\/p>\n<p>Conseils\u00a0 d&rsquo;utilisation<\/p>\n<p>En application sur les parties concern\u00e9es 3 fois par jour. Usage externe uniquement.<\/p>\n<p>Principaux constituants<\/p>\n<p>1.8-cin\u00e9ole -Alpha -pin\u00e8ne -Sabin\u00e8ne<\/p>\n<p>Contre indications<\/p>\n<p>Intol\u00e9rance \u00e0 l&rsquo;un des composants. Nourrissons , jeunes enfants ,femmes enceintes et femme allaitantes<\/p>\n<p>Ingr\u00e9dients<\/p>\n<p>Cinnamomum\u00a0 \u00a0camphora -Melaleuca. Viridiflora -cinnamosma fragrans calophyllum inophyllum.<\/p>\n<p>origine : Madagascar<br \/>\nVendeur : SEDIEM<\/p>\n","protected":false},"excerpt":{"rendered":"<p>Baume articulation : origine de Madagascar<\/p>\n","protected":false},"featured_media":2564,"comment_status":"closed","ping_status":"closed","template":"","meta":{"_seopress_robots_primary_cat":"none","_seopress_titles_title":"","_seopress_titles_desc":"","_seopress_robots_index":""},"product_brand":[],"product_cat":[77],"product_tag":[],"class_list":{"0":"post-2563","1":"product","2":"type-product","3":"status-publish","4":"has-post-thumbnail","6":"product_cat-parapharmacie","8":"first","9":"outofstock","10":"taxable","11":"shipping-taxable","12":"purchasable","13":"product-type-simple","14":"add-to-wishlist-after_add_to_cart"},"jetpack_sharing_enabled":true,"_links":{"self":[{"href":"https:\/\/www.00261.fr\/index.php?rest_route=\/wp\/v2\/product\/2563","targetHints":{"allow":["GET"]}}],"collection":[{"href":"https:\/\/www.00261.fr\/index.php?rest_route=\/wp\/v2\/product"}],"about":[{"href":"https:\/\/www.00261.fr\/index.php?rest_route=\/wp\/v2\/types\/product"}],"replies":[{"embeddable":true,"href":"https:\/\/www.00261.fr\/index.php?rest_route=%2Fwp%2Fv2%2Fcomments&post=2563"}],"wp:featuredmedia":[{"embeddable":true,"href":"https:\/\/www.00261.fr\/index.php?rest_route=\/wp\/v2\/media\/2564"}],"wp:attachment":[{"href":"https:\/\/www.00261.fr\/index.php?rest_route=%2Fwp%2Fv2%2Fmedia&parent=2563"}],"wp:term":[{"taxonomy":"product_brand","embeddable":true,"href":"https:\/\/www.00261.fr\/index.php?rest_route=%2Fwp%2Fv2%2Fproduct_brand&post=2563"},{"taxonomy":"product_cat","embeddable":true,"href":"https:\/\/www.00261.fr\/index.php?rest_route=%2Fwp%2Fv2%2Fproduct_cat&post=2563"},{"taxonomy":"product_tag","embeddable":true,"href":"https:\/\/www.00261.fr\/index.php?rest_route=%2Fwp%2Fv2%2Fproduct_tag&post=2563"}],"curies":[{"name":"wp","href":"https:\/\/api.w.org\/{rel}","templated":true}]}}