{"id":2259,"date":"2021-11-15T19:05:00","date_gmt":"2021-11-15T19:05:00","guid":{"rendered":"https:\/\/www.00261.fr\/?post_type=product&#038;p=2259"},"modified":"2025-10-27T15:49:31","modified_gmt":"2025-10-27T15:49:31","slug":"savony-gasy-rond","status":"publish","type":"product","link":"https:\/\/www.00261.fr\/?product=savony-gasy-rond","title":{"rendered":"Savony Gasy rond"},"content":{"rendered":"<p>Fabricant : Vita Malagasy<\/p>\n<p>Vendeur \/distributeur : SEDIEM<\/p>\n<p>Origine: Madagascar<\/p>\n","protected":false},"excerpt":{"rendered":"<p>Ce savon traditionnel malgache est \u00e0 utiliser sans restriction. Tr\u00e8s utilis\u00e9 par une bonne partie de la population, il s&rsquo;applique sur la peau comme sur les cheveux.<\/p>\n","protected":false},"featured_media":2630,"comment_status":"closed","ping_status":"closed","template":"","meta":{"_seopress_robots_primary_cat":"none","_seopress_titles_title":"","_seopress_titles_desc":"","_seopress_robots_index":""},"product_brand":[],"product_cat":[58],"product_tag":[],"class_list":{"0":"post-2259","1":"product","2":"type-product","3":"status-publish","4":"has-post-thumbnail","6":"product_cat-cosmetique","8":"first","9":"instock","10":"taxable","11":"shipping-taxable","12":"purchasable","13":"product-type-simple","14":"add-to-wishlist-after_add_to_cart"},"jetpack_sharing_enabled":true,"_links":{"self":[{"href":"https:\/\/www.00261.fr\/index.php?rest_route=\/wp\/v2\/product\/2259","targetHints":{"allow":["GET"]}}],"collection":[{"href":"https:\/\/www.00261.fr\/index.php?rest_route=\/wp\/v2\/product"}],"about":[{"href":"https:\/\/www.00261.fr\/index.php?rest_route=\/wp\/v2\/types\/product"}],"replies":[{"embeddable":true,"href":"https:\/\/www.00261.fr\/index.php?rest_route=%2Fwp%2Fv2%2Fcomments&post=2259"}],"wp:featuredmedia":[{"embeddable":true,"href":"https:\/\/www.00261.fr\/index.php?rest_route=\/wp\/v2\/media\/2630"}],"wp:attachment":[{"href":"https:\/\/www.00261.fr\/index.php?rest_route=%2Fwp%2Fv2%2Fmedia&parent=2259"}],"wp:term":[{"taxonomy":"product_brand","embeddable":true,"href":"https:\/\/www.00261.fr\/index.php?rest_route=%2Fwp%2Fv2%2Fproduct_brand&post=2259"},{"taxonomy":"product_cat","embeddable":true,"href":"https:\/\/www.00261.fr\/index.php?rest_route=%2Fwp%2Fv2%2Fproduct_cat&post=2259"},{"taxonomy":"product_tag","embeddable":true,"href":"https:\/\/www.00261.fr\/index.php?rest_route=%2Fwp%2Fv2%2Fproduct_tag&post=2259"}],"curies":[{"name":"wp","href":"https:\/\/api.w.org\/{rel}","templated":true}]}}