{"id":2253,"date":"2021-11-15T18:21:51","date_gmt":"2021-11-15T18:21:51","guid":{"rendered":"https:\/\/www.00261.fr\/?post_type=product&#038;p=2253"},"modified":"2024-01-13T19:42:22","modified_gmt":"2024-01-13T19:42:22","slug":"mahia-creme-amincissante-au-the-vert-homeopharma","status":"publish","type":"product","link":"https:\/\/www.00261.fr\/?product=mahia-creme-amincissante-au-the-vert-homeopharma","title":{"rendered":"Mahia Cr\u00e8me amincissante au th\u00e9 vert \u2013 Homeopharma"},"content":{"rendered":"<p>La cr\u00e8me amincissante MAHIA au th\u00e9 vert aide \u00e0 \u00e9liminer les graisses, cellulites, bourrelets et embonpoints, tout en raffermissant la peau. De texture non grasse et non collante, elle peut \u00eatre utilis\u00e9e \u00e0 tout moment et permet de s&rsquo;habiller juste apr\u00e8s application.<\/p>\n<p>CONSEIL D&rsquo;UTILISATION: En massage \u00e9nerg\u00e9tique et r\u00e9gulier des parties \u00e0 traiter. 20 s\u00e9ances.<\/p>\n<p>INGR\u00c9DIENTS: HE Geranium, extrait de th\u00e9 vert, HE Cypr\u00e8s, HV Calophyllum, HE Menthe.<\/p>\n","protected":false},"excerpt":{"rendered":"<p>La cr\u00e8me amincissante MAHIA au th\u00e9 vert aide \u00e0 \u00e9liminer les graisses, cellulites, bourrelets et embonpoints, tout en raffermissant la peau.<br \/>\nFabricant : Homeopharma<br \/>\nOrigine : Madagascar<br \/>\nVendeur : SEDIEM<\/p>\n","protected":false},"featured_media":2251,"comment_status":"closed","ping_status":"closed","template":"","meta":{"_seopress_robots_primary_cat":"none","_seopress_titles_title":"","_seopress_titles_desc":"","_seopress_robots_index":""},"product_brand":[],"product_cat":[58],"product_tag":[],"class_list":{"0":"post-2253","1":"product","2":"type-product","3":"status-publish","4":"has-post-thumbnail","6":"product_cat-cosmetique","8":"first","9":"instock","10":"taxable","11":"shipping-taxable","12":"purchasable","13":"product-type-simple","14":"add-to-wishlist-after_add_to_cart"},"jetpack_sharing_enabled":true,"_links":{"self":[{"href":"https:\/\/www.00261.fr\/index.php?rest_route=\/wp\/v2\/product\/2253","targetHints":{"allow":["GET"]}}],"collection":[{"href":"https:\/\/www.00261.fr\/index.php?rest_route=\/wp\/v2\/product"}],"about":[{"href":"https:\/\/www.00261.fr\/index.php?rest_route=\/wp\/v2\/types\/product"}],"replies":[{"embeddable":true,"href":"https:\/\/www.00261.fr\/index.php?rest_route=%2Fwp%2Fv2%2Fcomments&post=2253"}],"wp:featuredmedia":[{"embeddable":true,"href":"https:\/\/www.00261.fr\/index.php?rest_route=\/wp\/v2\/media\/2251"}],"wp:attachment":[{"href":"https:\/\/www.00261.fr\/index.php?rest_route=%2Fwp%2Fv2%2Fmedia&parent=2253"}],"wp:term":[{"taxonomy":"product_brand","embeddable":true,"href":"https:\/\/www.00261.fr\/index.php?rest_route=%2Fwp%2Fv2%2Fproduct_brand&post=2253"},{"taxonomy":"product_cat","embeddable":true,"href":"https:\/\/www.00261.fr\/index.php?rest_route=%2Fwp%2Fv2%2Fproduct_cat&post=2253"},{"taxonomy":"product_tag","embeddable":true,"href":"https:\/\/www.00261.fr\/index.php?rest_route=%2Fwp%2Fv2%2Fproduct_tag&post=2253"}],"curies":[{"name":"wp","href":"https:\/\/api.w.org\/{rel}","templated":true}]}}