{"id":2213,"date":"2021-10-30T07:42:43","date_gmt":"2021-10-30T07:42:43","guid":{"rendered":"https:\/\/www.00261.fr\/?post_type=product&#038;p=2213"},"modified":"2025-02-10T09:03:13","modified_gmt":"2025-02-10T09:03:13","slug":"miel-de-baie-niaouli","status":"publish","type":"product","link":"https:\/\/www.00261.fr\/?product=miel-de-baie-niaouli","title":{"rendered":"Miel de fleurs Niaouli"},"content":{"rendered":"<div class=\"c-app-product-tabs__pane ng-scope ng-isolate-scope is-active\" data-pane-id=\"1\">\n<div class=\"c-app-product-tabs__pane ng-scope ng-isolate-scope is-active\" data-pane-id=\"1\"><b class=\"ng-scope\">DESCRIPTION : <\/b><span class=\"ng-scope\">Le Miel de niaouli Racines Bio vous propose un miel d\u2019une saveur in\u00e9dite, issu du butinage des fleurs sauvages de niaouli de Madagascar. Le parfum doux et l\u00e9ger du Miel niaouli Racines Bio et sa saveur fruit\u00e9e et sucr\u00e9e vous feront voyager \u00e0 Madagascar.<\/span><br class=\"ng-scope\" \/><br class=\"ng-scope\" \/><b class=\"ng-scope\">UTILISATION : <\/b><span class=\"ng-scope\">Le matin, une simple cuill\u00e8re r\u00e9gale nos papilles, il remplace le sucre dans nos cakes et nos biscuits, mais sublime aussi nos viandes et nos fromages. Une cristallisation du miel peut apparaitre. Ce ph\u00e9nom\u00e8ne naturel varie suivant l&rsquo;origine de la plante butin\u00e9e et \u00e9volue dans le temps selon la composition en glucose et fructose du miel. Pour le rendre cr\u00e9meux, r\u00e9chauffez-le quelques minutes (temp\u00e9rature inf\u00e9r\u00e9rieure \u00e0 40\u00b0C).<\/span><\/div>\n<\/div>\n<p>&nbsp;<\/p>\n<p><span class=\"PBLongTxt PBItemDesc ng-scope ng-isolate-scope c-app-product-tabs c-app-product-tabs--tabs c-app-product-tabs--horizontal c-app-product-tabs--left\"><span class=\"ng-scope\"><b class=\"ng-scope\">INGREDIENTS : <\/b>Miel de baie niaouli biologique<br class=\"ng-scope\" \/><br class=\"ng-scope\" \/><br class=\"ng-scope\" \/><br class=\"ng-scope\" \/><br class=\"ng-scope\" \/><b class=\"ng-scope\">CONSERVATION : <\/b>Se conserve au r\u00e9frig\u00e9rateur 1 an apr\u00e8s ouverture<br class=\"ng-scope\" \/><\/span><\/span><\/p>\n<p>&nbsp;<\/p>\n","protected":false},"excerpt":{"rendered":"<p>Miel de fleurs niaouli<\/p>\n<p>Origine : Madagascar<\/p>\n<p>&nbsp;<\/p>\n<p>&nbsp;<\/p>\n","protected":false},"featured_media":2733,"comment_status":"closed","ping_status":"closed","template":"","meta":{"_seopress_robots_primary_cat":"none","_seopress_titles_title":"","_seopress_titles_desc":"","_seopress_robots_index":""},"product_brand":[],"product_cat":[56],"product_tag":[],"class_list":{"0":"post-2213","1":"product","2":"type-product","3":"status-publish","4":"has-post-thumbnail","6":"product_cat-epicerie","8":"first","9":"outofstock","10":"taxable","11":"shipping-taxable","12":"purchasable","13":"product-type-simple","14":"add-to-wishlist-after_add_to_cart"},"jetpack_sharing_enabled":true,"_links":{"self":[{"href":"https:\/\/www.00261.fr\/index.php?rest_route=\/wp\/v2\/product\/2213","targetHints":{"allow":["GET"]}}],"collection":[{"href":"https:\/\/www.00261.fr\/index.php?rest_route=\/wp\/v2\/product"}],"about":[{"href":"https:\/\/www.00261.fr\/index.php?rest_route=\/wp\/v2\/types\/product"}],"replies":[{"embeddable":true,"href":"https:\/\/www.00261.fr\/index.php?rest_route=%2Fwp%2Fv2%2Fcomments&post=2213"}],"wp:featuredmedia":[{"embeddable":true,"href":"https:\/\/www.00261.fr\/index.php?rest_route=\/wp\/v2\/media\/2733"}],"wp:attachment":[{"href":"https:\/\/www.00261.fr\/index.php?rest_route=%2Fwp%2Fv2%2Fmedia&parent=2213"}],"wp:term":[{"taxonomy":"product_brand","embeddable":true,"href":"https:\/\/www.00261.fr\/index.php?rest_route=%2Fwp%2Fv2%2Fproduct_brand&post=2213"},{"taxonomy":"product_cat","embeddable":true,"href":"https:\/\/www.00261.fr\/index.php?rest_route=%2Fwp%2Fv2%2Fproduct_cat&post=2213"},{"taxonomy":"product_tag","embeddable":true,"href":"https:\/\/www.00261.fr\/index.php?rest_route=%2Fwp%2Fv2%2Fproduct_tag&post=2213"}],"curies":[{"name":"wp","href":"https:\/\/api.w.org\/{rel}","templated":true}]}}