{"id":2133,"date":"2021-10-25T17:05:38","date_gmt":"2021-10-25T17:05:38","guid":{"rendered":"https:\/\/www.00261.fr\/?post_type=product&#038;p=2133"},"modified":"2025-10-27T15:40:00","modified_gmt":"2025-10-27T15:40:00","slug":"lait-demaquillant-aloe-homepharma","status":"publish","type":"product","link":"https:\/\/www.00261.fr\/?product=lait-demaquillant-aloe-homepharma","title":{"rendered":"Lait d\u00e9maquillant ALOE Homeopharma"},"content":{"rendered":"<p>Lait d\u00e9maquillant ALOE Hompepharma.<\/p>\n<p>Le lait d\u00e9maquillant Aloe permet d&rsquo;\u00e9liminer l&rsquo;exc\u00e8s de s\u00e9bum, les sueurs, les cellules mortes, la poussi\u00e8re, le maquillage. L&rsquo;Aloe macroclada gr\u00e2ce \u00e0 ses vertus traditionnelles et reconnues, stimule la r\u00e9g\u00e9n\u00e9ration cellulaire et l&rsquo;hydratation de l&rsquo;\u00e9piderme maintenant ainsi une peau douce et satin\u00e9e.<br \/>\nL&rsquo;huile essentielle d&rsquo;Ylang renforce cette action assainissante et hydratante.<\/p>\n<p>Conseil d&rsquo;utilisation: Appliquer sur le visage et le cou \u00e0 l&rsquo;aide d&rsquo;un coton en massant l\u00e9g\u00e8rement. Puis rincer avec la lotion nettoyante \u00e0 l&rsquo;Aloe. Matin et\/ou soir.<\/p>\n<p>Ligne de soins ALOE: Lait d\u00e9maquillant &#8211; Lotion nettoyante &#8211; Cr\u00e8me nourrissante<\/p>\n<p>Fabricant : Homeopharma<br \/>\nVendeur \/distributeur : SEDIEM<br \/>\nOrigine: Madagascar<\/p>\n","protected":false},"excerpt":{"rendered":"<p>\u00c9limine l&rsquo;exc\u00e8s de s\u00e9bum, les sueurs, les cellules mortes, la poussi\u00e8re, le maquillage.<br \/>\nStimule la r\u00e9g\u00e9n\u00e9ration cellulaire et l&rsquo;hydratation de l&rsquo;\u00e9piderme maintenant ainsi une peau douce et satin\u00e9e.<\/p>\n<p>Fabricant : Homeopharma<br \/>\nVendeur \/distributeur : SEDIEM<br \/>\nOrigine: Madagascar<\/p>\n","protected":false},"featured_media":2180,"comment_status":"closed","ping_status":"closed","template":"","meta":{"_seopress_robots_primary_cat":"none","_seopress_titles_title":"","_seopress_titles_desc":"","_seopress_robots_index":""},"product_brand":[],"product_cat":[58],"product_tag":[],"class_list":{"0":"post-2133","1":"product","2":"type-product","3":"status-publish","4":"has-post-thumbnail","6":"product_cat-cosmetique","8":"first","9":"instock","10":"taxable","11":"shipping-taxable","12":"purchasable","13":"product-type-simple","14":"add-to-wishlist-after_add_to_cart"},"jetpack_sharing_enabled":true,"_links":{"self":[{"href":"https:\/\/www.00261.fr\/index.php?rest_route=\/wp\/v2\/product\/2133","targetHints":{"allow":["GET"]}}],"collection":[{"href":"https:\/\/www.00261.fr\/index.php?rest_route=\/wp\/v2\/product"}],"about":[{"href":"https:\/\/www.00261.fr\/index.php?rest_route=\/wp\/v2\/types\/product"}],"replies":[{"embeddable":true,"href":"https:\/\/www.00261.fr\/index.php?rest_route=%2Fwp%2Fv2%2Fcomments&post=2133"}],"wp:featuredmedia":[{"embeddable":true,"href":"https:\/\/www.00261.fr\/index.php?rest_route=\/wp\/v2\/media\/2180"}],"wp:attachment":[{"href":"https:\/\/www.00261.fr\/index.php?rest_route=%2Fwp%2Fv2%2Fmedia&parent=2133"}],"wp:term":[{"taxonomy":"product_brand","embeddable":true,"href":"https:\/\/www.00261.fr\/index.php?rest_route=%2Fwp%2Fv2%2Fproduct_brand&post=2133"},{"taxonomy":"product_cat","embeddable":true,"href":"https:\/\/www.00261.fr\/index.php?rest_route=%2Fwp%2Fv2%2Fproduct_cat&post=2133"},{"taxonomy":"product_tag","embeddable":true,"href":"https:\/\/www.00261.fr\/index.php?rest_route=%2Fwp%2Fv2%2Fproduct_tag&post=2133"}],"curies":[{"name":"wp","href":"https:\/\/api.w.org\/{rel}","templated":true}]}}