{"id":2126,"date":"2021-10-23T14:34:42","date_gmt":"2021-10-23T14:34:42","guid":{"rendered":"https:\/\/www.00261.fr\/?post_type=product&#038;p=2126"},"modified":"2025-10-25T16:47:37","modified_gmt":"2025-10-25T16:47:37","slug":"savon-soa-cuir-chevelu-imra","status":"publish","type":"product","link":"https:\/\/www.00261.fr\/?product=savon-soa-cuir-chevelu-imra","title":{"rendered":"Savon Soa cuir chevelu &#8211; Imra"},"content":{"rendered":"<p>Produits MASY &#8211; Savon Soa Cuir chevelu.<\/p>\n<p>Mode d&#8217;emploi: laisser agir quelques minutes avant de rincer.<\/p>\n<p>Fabricant : IMRA<br \/>\nVendeur \/distributeur : SEDIEM<br \/>\nOrigine: Madagascar<\/p>\n","protected":false},"excerpt":{"rendered":"<p>Produits MASY<\/p>\n<p>Soins naturels du cuir chevelu. Anti-s\u00e9borrh\u00e9ique et anti-pelliculaire. Convient \u00e0 tous types de cheveux.<\/p>\n<p>Fabricant : IMRA<br \/>\nVendeur \/distributeur : SEDIEM<br \/>\nOrigine: Madagascar<\/p>\n","protected":false},"featured_media":2175,"comment_status":"closed","ping_status":"closed","template":"","meta":{"_seopress_robots_primary_cat":"none","_seopress_titles_title":"","_seopress_titles_desc":"","_seopress_robots_index":""},"product_brand":[],"product_cat":[58],"product_tag":[],"class_list":{"0":"post-2126","1":"product","2":"type-product","3":"status-publish","4":"has-post-thumbnail","6":"product_cat-cosmetique","8":"first","9":"instock","10":"taxable","11":"shipping-taxable","12":"purchasable","13":"product-type-simple","14":"add-to-wishlist-after_add_to_cart"},"jetpack_sharing_enabled":true,"_links":{"self":[{"href":"https:\/\/www.00261.fr\/index.php?rest_route=\/wp\/v2\/product\/2126","targetHints":{"allow":["GET"]}}],"collection":[{"href":"https:\/\/www.00261.fr\/index.php?rest_route=\/wp\/v2\/product"}],"about":[{"href":"https:\/\/www.00261.fr\/index.php?rest_route=\/wp\/v2\/types\/product"}],"replies":[{"embeddable":true,"href":"https:\/\/www.00261.fr\/index.php?rest_route=%2Fwp%2Fv2%2Fcomments&post=2126"}],"wp:featuredmedia":[{"embeddable":true,"href":"https:\/\/www.00261.fr\/index.php?rest_route=\/wp\/v2\/media\/2175"}],"wp:attachment":[{"href":"https:\/\/www.00261.fr\/index.php?rest_route=%2Fwp%2Fv2%2Fmedia&parent=2126"}],"wp:term":[{"taxonomy":"product_brand","embeddable":true,"href":"https:\/\/www.00261.fr\/index.php?rest_route=%2Fwp%2Fv2%2Fproduct_brand&post=2126"},{"taxonomy":"product_cat","embeddable":true,"href":"https:\/\/www.00261.fr\/index.php?rest_route=%2Fwp%2Fv2%2Fproduct_cat&post=2126"},{"taxonomy":"product_tag","embeddable":true,"href":"https:\/\/www.00261.fr\/index.php?rest_route=%2Fwp%2Fv2%2Fproduct_tag&post=2126"}],"curies":[{"name":"wp","href":"https:\/\/api.w.org\/{rel}","templated":true}]}}